{"id":93040,"date":"2025-11-04T23:02:32","date_gmt":"2025-11-04T23:02:32","guid":{"rendered":"https:\/\/promis.ro\/product\/sarski\/"},"modified":"2025-11-11T16:39:27","modified_gmt":"2025-11-11T16:39:27","slug":"sarski","status":"publish","type":"product","link":"https:\/\/promis.ro\/ro\/produs\/sarski\/","title":{"rendered":"Sarski"},"content":{"rendered":"<p>Can\u0103 de mas\u0103 din o\u021bel inoxidabil reciclat cu o capacitate de 350 ml. Combina\u021bie de baz\u0103 din plut\u0103 natural\u0103 cu corp din o\u021bel inoxidabil reciclat cu finisaj argintiu. Cu perete dublu pentru o p\u0103strare mai bun\u0103 \u0219i mai durabil\u0103 a temperaturii. Capac de m\u0103surare transparent original cu deschidere u\u0219oar\u0103 \u0219i logo-ul Recycled Stainless Steel. Este ideal\u0103 pentru biroul t\u0103u, mas\u0103 sau orice suprafa\u021b\u0103 unde po\u021bi savura b\u0103utura ta preferat\u0103. O\u021belul este unul dintre cele mai c\u0103utate materiale \u0219i poate fi g\u0103sit aproape peste tot, de la produse de zi cu zi p\u00e2n\u0103 la construc\u021bii mari. Are nenum\u0103rate propriet\u0103\u021bi, inclusiv durabilitate \u0219i un grad ridicat de reutilizare, f\u0103c\u00e2ndu-l o alternativ\u0103 foarte apreciat\u0103 pentru solu\u021bii sustenabile. Tratat\u0103 corespunz\u0103tor, permite ob\u021binerea de noi resurse de utilizare infinit\u0103.<\/p>","protected":false},"excerpt":{"rendered":"<p>Can\u0103 de mas\u0103 din o\u021bel inoxidabil reciclat cu o capacitate de 350 ml. Combina\u021bie de baz\u0103 din plut\u0103 natural\u0103 cu<\/p>","protected":false},"featured_media":134238,"comment_status":"open","ping_status":"closed","template":"","meta":[],"product_brand":[],"product_cat":[197],"product_tag":[],"class_list":{"0":"post-93040","1":"product","2":"type-product","3":"status-publish","4":"has-post-thumbnail","6":"product_cat-articole-durabile","8":"first","9":"instock","10":"shipping-taxable","11":"purchasable","12":"product-type-simple"},"yoast_head":"<!-- This site is optimized with the Yoast SEO plugin v27.4 - https:\/\/yoast.com\/product\/yoast-seo-wordpress\/ -->\n<title>Sarski - Promis.ro<\/title>\n<meta name=\"description\" content=\"Can\u0103 de mas\u0103 din o\u021bel inoxidabil reciclat cu o capacitate de 350 ml. Combina\u021bie de baz\u0103 din plut\u0103 natural\u0103 cu corp din o\u021bel inoxidabil reciclat cu finisaj\" \/>\n<meta name=\"robots\" content=\"index, follow, max-snippet:-1, max-image-preview:large, max-video-preview:-1\" \/>\n<link rel=\"canonical\" href=\"https:\/\/promis.ro\/ro\/produs\/sarski\/\" \/>\n<meta property=\"og:locale\" content=\"ro_RO\" \/>\n<meta property=\"og:type\" content=\"article\" \/>\n<meta property=\"og:title\" content=\"Sarski - Promis.ro\" \/>\n<meta property=\"og:description\" content=\"Can\u0103 de mas\u0103 din o\u021bel inoxidabil reciclat cu o capacitate de 350 ml. Combina\u021bie de baz\u0103 din plut\u0103 natural\u0103 cu corp din o\u021bel inoxidabil reciclat cu finisaj\" \/>\n<meta property=\"og:url\" content=\"https:\/\/promis.ro\/ro\/produs\/sarski\/\" \/>\n<meta property=\"og:site_name\" content=\"Promis.ro\" \/>\n<meta property=\"article:modified_time\" content=\"2025-11-11T16:39:27+00:00\" \/>\n<meta property=\"og:image\" content=\"https:\/\/promis.ro\/wp-content\/uploads\/2025\/11\/21026-W-1.jpg\" \/>\n\t<meta property=\"og:image:width\" content=\"1080\" \/>\n\t<meta property=\"og:image:height\" content=\"1080\" \/>\n\t<meta property=\"og:image:type\" content=\"image\/jpeg\" \/>\n<meta name=\"twitter:card\" content=\"summary_large_image\" \/>\n<meta name=\"twitter:label1\" content=\"Timp estimat pentru citire\" \/>\n\t<meta name=\"twitter:data1\" content=\"1 minut\" \/>\n<script type=\"application\/ld+json\" class=\"yoast-schema-graph\">{\"@context\":\"https:\\\/\\\/schema.org\",\"@graph\":[{\"@type\":\"WebPage\",\"@id\":\"https:\\\/\\\/promis.ro\\\/product\\\/sarski\\\/\",\"url\":\"https:\\\/\\\/promis.ro\\\/product\\\/sarski\\\/\",\"name\":\"Sarski - Promis.ro\",\"isPartOf\":{\"@id\":\"https:\\\/\\\/promis.ro\\\/#website\"},\"primaryImageOfPage\":{\"@id\":\"https:\\\/\\\/promis.ro\\\/product\\\/sarski\\\/#primaryimage\"},\"image\":{\"@id\":\"https:\\\/\\\/promis.ro\\\/product\\\/sarski\\\/#primaryimage\"},\"thumbnailUrl\":\"https:\\\/\\\/promis.ro\\\/wp-content\\\/uploads\\\/2025\\\/11\\\/21026-W-1.jpg\",\"datePublished\":\"2025-11-04T23:02:32+00:00\",\"dateModified\":\"2025-11-11T16:39:27+00:00\",\"description\":\"Can\u0103 de mas\u0103 din o\u021bel inoxidabil reciclat cu o capacitate de 350 ml. Combina\u021bie de baz\u0103 din plut\u0103 natural\u0103 cu corp din o\u021bel inoxidabil reciclat cu finisaj\",\"breadcrumb\":{\"@id\":\"https:\\\/\\\/promis.ro\\\/product\\\/sarski\\\/#breadcrumb\"},\"inLanguage\":\"ro-RO\",\"potentialAction\":[{\"@type\":\"ReadAction\",\"target\":[\"https:\\\/\\\/promis.ro\\\/product\\\/sarski\\\/\"]}]},{\"@type\":\"ImageObject\",\"inLanguage\":\"ro-RO\",\"@id\":\"https:\\\/\\\/promis.ro\\\/product\\\/sarski\\\/#primaryimage\",\"url\":\"https:\\\/\\\/promis.ro\\\/wp-content\\\/uploads\\\/2025\\\/11\\\/21026-W-1.jpg\",\"contentUrl\":\"https:\\\/\\\/promis.ro\\\/wp-content\\\/uploads\\\/2025\\\/11\\\/21026-W-1.jpg\",\"width\":1080,\"height\":1080},{\"@type\":\"BreadcrumbList\",\"@id\":\"https:\\\/\\\/promis.ro\\\/product\\\/sarski\\\/#breadcrumb\",\"itemListElement\":[{\"@type\":\"ListItem\",\"position\":1,\"name\":\"Home\",\"item\":\"https:\\\/\\\/promis.ro\\\/\"},{\"@type\":\"ListItem\",\"position\":2,\"name\":\"Magazin\",\"item\":\"https:\\\/\\\/promis.ro\\\/magazin\\\/\"},{\"@type\":\"ListItem\",\"position\":3,\"name\":\"Sarski\"}]},{\"@type\":\"WebSite\",\"@id\":\"https:\\\/\\\/promis.ro\\\/#website\",\"url\":\"https:\\\/\\\/promis.ro\\\/\",\"name\":\"Promis.ro\",\"description\":\"\",\"potentialAction\":[{\"@type\":\"SearchAction\",\"target\":{\"@type\":\"EntryPoint\",\"urlTemplate\":\"https:\\\/\\\/promis.ro\\\/?s={search_term_string}\"},\"query-input\":{\"@type\":\"PropertyValueSpecification\",\"valueRequired\":true,\"valueName\":\"search_term_string\"}}],\"inLanguage\":\"ro-RO\"}]}<\/script>\n<!-- \/ Yoast SEO plugin. -->","yoast_head_json":{"title":"Sarski - Promis.ro","description":"Can\u0103 de mas\u0103 din o\u021bel inoxidabil reciclat cu o capacitate de 350 ml. Combina\u021bie de baz\u0103 din plut\u0103 natural\u0103 cu corp din o\u021bel inoxidabil reciclat cu finisaj","robots":{"index":"index","follow":"follow","max-snippet":"max-snippet:-1","max-image-preview":"max-image-preview:large","max-video-preview":"max-video-preview:-1"},"canonical":"https:\/\/promis.ro\/ro\/produs\/sarski\/","og_locale":"ro_RO","og_type":"article","og_title":"Sarski - Promis.ro","og_description":"Can\u0103 de mas\u0103 din o\u021bel inoxidabil reciclat cu o capacitate de 350 ml. Combina\u021bie de baz\u0103 din plut\u0103 natural\u0103 cu corp din o\u021bel inoxidabil reciclat cu finisaj","og_url":"https:\/\/promis.ro\/ro\/produs\/sarski\/","og_site_name":"Promis.ro","article_modified_time":"2025-11-11T16:39:27+00:00","og_image":[{"width":1080,"height":1080,"url":"https:\/\/promis.ro\/wp-content\/uploads\/2025\/11\/21026-W-1.jpg","type":"image\/jpeg"}],"twitter_card":"summary_large_image","twitter_misc":{"Timp estimat pentru citire":"1 minut"},"schema":{"@context":"https:\/\/schema.org","@graph":[{"@type":"WebPage","@id":"https:\/\/promis.ro\/product\/sarski\/","url":"https:\/\/promis.ro\/product\/sarski\/","name":"Sarski - Promis.ro","isPartOf":{"@id":"https:\/\/promis.ro\/#website"},"primaryImageOfPage":{"@id":"https:\/\/promis.ro\/product\/sarski\/#primaryimage"},"image":{"@id":"https:\/\/promis.ro\/product\/sarski\/#primaryimage"},"thumbnailUrl":"https:\/\/promis.ro\/wp-content\/uploads\/2025\/11\/21026-W-1.jpg","datePublished":"2025-11-04T23:02:32+00:00","dateModified":"2025-11-11T16:39:27+00:00","description":"Can\u0103 de mas\u0103 din o\u021bel inoxidabil reciclat cu o capacitate de 350 ml. Combina\u021bie de baz\u0103 din plut\u0103 natural\u0103 cu corp din o\u021bel inoxidabil reciclat cu finisaj","breadcrumb":{"@id":"https:\/\/promis.ro\/product\/sarski\/#breadcrumb"},"inLanguage":"ro-RO","potentialAction":[{"@type":"ReadAction","target":["https:\/\/promis.ro\/product\/sarski\/"]}]},{"@type":"ImageObject","inLanguage":"ro-RO","@id":"https:\/\/promis.ro\/product\/sarski\/#primaryimage","url":"https:\/\/promis.ro\/wp-content\/uploads\/2025\/11\/21026-W-1.jpg","contentUrl":"https:\/\/promis.ro\/wp-content\/uploads\/2025\/11\/21026-W-1.jpg","width":1080,"height":1080},{"@type":"BreadcrumbList","@id":"https:\/\/promis.ro\/product\/sarski\/#breadcrumb","itemListElement":[{"@type":"ListItem","position":1,"name":"Home","item":"https:\/\/promis.ro\/"},{"@type":"ListItem","position":2,"name":"Magazin","item":"https:\/\/promis.ro\/magazin\/"},{"@type":"ListItem","position":3,"name":"Sarski"}]},{"@type":"WebSite","@id":"https:\/\/promis.ro\/#website","url":"https:\/\/promis.ro\/","name":"Promis.ro","description":"","potentialAction":[{"@type":"SearchAction","target":{"@type":"EntryPoint","urlTemplate":"https:\/\/promis.ro\/?s={search_term_string}"},"query-input":{"@type":"PropertyValueSpecification","valueRequired":true,"valueName":"search_term_string"}}],"inLanguage":"ro-RO"}]}},"_links":{"self":[{"href":"https:\/\/promis.ro\/ro\/wp-json\/wp\/v2\/product\/93040","targetHints":{"allow":["GET"]}}],"collection":[{"href":"https:\/\/promis.ro\/ro\/wp-json\/wp\/v2\/product"}],"about":[{"href":"https:\/\/promis.ro\/ro\/wp-json\/wp\/v2\/types\/product"}],"replies":[{"embeddable":true,"href":"https:\/\/promis.ro\/ro\/wp-json\/wp\/v2\/comments?post=93040"}],"version-history":[{"count":1,"href":"https:\/\/promis.ro\/ro\/wp-json\/wp\/v2\/product\/93040\/revisions"}],"predecessor-version":[{"id":111713,"href":"https:\/\/promis.ro\/ro\/wp-json\/wp\/v2\/product\/93040\/revisions\/111713"}],"wp:featuredmedia":[{"embeddable":true,"href":"https:\/\/promis.ro\/ro\/wp-json\/wp\/v2\/media\/134238"}],"wp:attachment":[{"href":"https:\/\/promis.ro\/ro\/wp-json\/wp\/v2\/media?parent=93040"}],"wp:term":[{"taxonomy":"product_brand","embeddable":true,"href":"https:\/\/promis.ro\/ro\/wp-json\/wp\/v2\/product_brand?post=93040"},{"taxonomy":"product_cat","embeddable":true,"href":"https:\/\/promis.ro\/ro\/wp-json\/wp\/v2\/product_cat?post=93040"},{"taxonomy":"product_tag","embeddable":true,"href":"https:\/\/promis.ro\/ro\/wp-json\/wp\/v2\/product_tag?post=93040"}],"curies":[{"name":"wp","href":"https:\/\/api.w.org\/{rel}","templated":true}]}}