{"id":93041,"date":"2025-11-04T23:02:32","date_gmt":"2025-11-04T23:02:32","guid":{"rendered":"https:\/\/promis.ro\/product\/dagles\/"},"modified":"2025-11-11T16:39:30","modified_gmt":"2025-11-11T16:39:30","slug":"dagles","status":"publish","type":"product","link":"https:\/\/promis.ro\/ro\/produs\/dagles\/","title":{"rendered":"Dagles"},"content":{"rendered":"<p>Sticl\u0103 termic\u0103 din o\u021bel inoxidabil reciclat cu dubl\u0103 strat \u0219i capacitate de 500 ml. Finisaj argintiu, cu capac cu filet asortat \u0219i baz\u0103 din plut\u0103 natural\u0103. F\u0103r\u0103 BPA \u0219i cu logo-ul O\u021bel Inoxidabil Reciclat. Prezentat\u0103 \u00eentr-o cutie de design kraft individual\u0103. O\u021belul este unul dintre cele mai solicitate materiale \u0219i poate fi g\u0103sit aproape peste tot, de la produse de zi cu zi p\u00e2n\u0103 la construc\u021bii majore. Cu nenum\u0103rate propriet\u0103\u021bi, inclusiv durabilitate \u0219i un nivel ridicat de reutilizare, este o alternativ\u0103 foarte apreciat\u0103 pentru solu\u021bii durabile. Tratat\u0103 corespunz\u0103tor, pot fi ob\u021binute resurse noi de utilizare infinit\u0103.<\/p>","protected":false},"excerpt":{"rendered":"<p>Sticl\u0103 termic\u0103 din o\u021bel inoxidabil reciclat cu dubl\u0103 strat \u0219i capacitate de 500 ml. Finisaj argintiu, cu capac cu filet<\/p>","protected":false},"featured_media":134242,"comment_status":"open","ping_status":"closed","template":"","meta":[],"product_brand":[],"product_cat":[197],"product_tag":[],"class_list":{"0":"post-93041","1":"product","2":"type-product","3":"status-publish","4":"has-post-thumbnail","6":"product_cat-articole-durabile","8":"first","9":"instock","10":"shipping-taxable","11":"purchasable","12":"product-type-simple"},"yoast_head":"<!-- This site is optimized with the Yoast SEO plugin v27.4 - https:\/\/yoast.com\/product\/yoast-seo-wordpress\/ -->\n<title>Dagles - Promis.ro<\/title>\n<meta name=\"description\" content=\"Sticl\u0103 termic\u0103 din o\u021bel inoxidabil reciclat cu dubl\u0103 strat \u0219i capacitate de 500 ml. Finisaj argintiu, cu capac cu filet asortat \u0219i baz\u0103 din plut\u0103\" \/>\n<meta name=\"robots\" content=\"index, follow, max-snippet:-1, max-image-preview:large, max-video-preview:-1\" \/>\n<link rel=\"canonical\" href=\"https:\/\/promis.ro\/ro\/produs\/dagles\/\" \/>\n<meta property=\"og:locale\" content=\"ro_RO\" \/>\n<meta property=\"og:type\" content=\"article\" \/>\n<meta property=\"og:title\" content=\"Dagles - Promis.ro\" \/>\n<meta property=\"og:description\" content=\"Sticl\u0103 termic\u0103 din o\u021bel inoxidabil reciclat cu dubl\u0103 strat \u0219i capacitate de 500 ml. Finisaj argintiu, cu capac cu filet asortat \u0219i baz\u0103 din plut\u0103\" \/>\n<meta property=\"og:url\" content=\"https:\/\/promis.ro\/ro\/produs\/dagles\/\" \/>\n<meta property=\"og:site_name\" content=\"Promis.ro\" \/>\n<meta property=\"article:modified_time\" content=\"2025-11-11T16:39:30+00:00\" \/>\n<meta property=\"og:image\" content=\"https:\/\/promis.ro\/wp-content\/uploads\/2025\/11\/21027-W-1.jpg\" \/>\n\t<meta property=\"og:image:width\" content=\"1080\" \/>\n\t<meta property=\"og:image:height\" content=\"1080\" \/>\n\t<meta property=\"og:image:type\" content=\"image\/jpeg\" \/>\n<meta name=\"twitter:card\" content=\"summary_large_image\" \/>\n<meta name=\"twitter:label1\" content=\"Timp estimat pentru citire\" \/>\n\t<meta name=\"twitter:data1\" content=\"1 minut\" \/>\n<script type=\"application\/ld+json\" class=\"yoast-schema-graph\">{\"@context\":\"https:\\\/\\\/schema.org\",\"@graph\":[{\"@type\":\"WebPage\",\"@id\":\"https:\\\/\\\/promis.ro\\\/product\\\/dagles\\\/\",\"url\":\"https:\\\/\\\/promis.ro\\\/product\\\/dagles\\\/\",\"name\":\"Dagles - Promis.ro\",\"isPartOf\":{\"@id\":\"https:\\\/\\\/promis.ro\\\/#website\"},\"primaryImageOfPage\":{\"@id\":\"https:\\\/\\\/promis.ro\\\/product\\\/dagles\\\/#primaryimage\"},\"image\":{\"@id\":\"https:\\\/\\\/promis.ro\\\/product\\\/dagles\\\/#primaryimage\"},\"thumbnailUrl\":\"https:\\\/\\\/promis.ro\\\/wp-content\\\/uploads\\\/2025\\\/11\\\/21027-W-1.jpg\",\"datePublished\":\"2025-11-04T23:02:32+00:00\",\"dateModified\":\"2025-11-11T16:39:30+00:00\",\"description\":\"Sticl\u0103 termic\u0103 din o\u021bel inoxidabil reciclat cu dubl\u0103 strat \u0219i capacitate de 500 ml. Finisaj argintiu, cu capac cu filet asortat \u0219i baz\u0103 din plut\u0103\",\"breadcrumb\":{\"@id\":\"https:\\\/\\\/promis.ro\\\/product\\\/dagles\\\/#breadcrumb\"},\"inLanguage\":\"ro-RO\",\"potentialAction\":[{\"@type\":\"ReadAction\",\"target\":[\"https:\\\/\\\/promis.ro\\\/product\\\/dagles\\\/\"]}]},{\"@type\":\"ImageObject\",\"inLanguage\":\"ro-RO\",\"@id\":\"https:\\\/\\\/promis.ro\\\/product\\\/dagles\\\/#primaryimage\",\"url\":\"https:\\\/\\\/promis.ro\\\/wp-content\\\/uploads\\\/2025\\\/11\\\/21027-W-1.jpg\",\"contentUrl\":\"https:\\\/\\\/promis.ro\\\/wp-content\\\/uploads\\\/2025\\\/11\\\/21027-W-1.jpg\",\"width\":1080,\"height\":1080},{\"@type\":\"BreadcrumbList\",\"@id\":\"https:\\\/\\\/promis.ro\\\/product\\\/dagles\\\/#breadcrumb\",\"itemListElement\":[{\"@type\":\"ListItem\",\"position\":1,\"name\":\"Home\",\"item\":\"https:\\\/\\\/promis.ro\\\/\"},{\"@type\":\"ListItem\",\"position\":2,\"name\":\"Magazin\",\"item\":\"https:\\\/\\\/promis.ro\\\/magazin\\\/\"},{\"@type\":\"ListItem\",\"position\":3,\"name\":\"Dagles\"}]},{\"@type\":\"WebSite\",\"@id\":\"https:\\\/\\\/promis.ro\\\/#website\",\"url\":\"https:\\\/\\\/promis.ro\\\/\",\"name\":\"Promis.ro\",\"description\":\"\",\"potentialAction\":[{\"@type\":\"SearchAction\",\"target\":{\"@type\":\"EntryPoint\",\"urlTemplate\":\"https:\\\/\\\/promis.ro\\\/?s={search_term_string}\"},\"query-input\":{\"@type\":\"PropertyValueSpecification\",\"valueRequired\":true,\"valueName\":\"search_term_string\"}}],\"inLanguage\":\"ro-RO\"}]}<\/script>\n<!-- \/ Yoast SEO plugin. -->","yoast_head_json":{"title":"Dagles - Promis.ro","description":"Sticl\u0103 termic\u0103 din o\u021bel inoxidabil reciclat cu dubl\u0103 strat \u0219i capacitate de 500 ml. Finisaj argintiu, cu capac cu filet asortat \u0219i baz\u0103 din plut\u0103","robots":{"index":"index","follow":"follow","max-snippet":"max-snippet:-1","max-image-preview":"max-image-preview:large","max-video-preview":"max-video-preview:-1"},"canonical":"https:\/\/promis.ro\/ro\/produs\/dagles\/","og_locale":"ro_RO","og_type":"article","og_title":"Dagles - Promis.ro","og_description":"Sticl\u0103 termic\u0103 din o\u021bel inoxidabil reciclat cu dubl\u0103 strat \u0219i capacitate de 500 ml. Finisaj argintiu, cu capac cu filet asortat \u0219i baz\u0103 din plut\u0103","og_url":"https:\/\/promis.ro\/ro\/produs\/dagles\/","og_site_name":"Promis.ro","article_modified_time":"2025-11-11T16:39:30+00:00","og_image":[{"width":1080,"height":1080,"url":"https:\/\/promis.ro\/wp-content\/uploads\/2025\/11\/21027-W-1.jpg","type":"image\/jpeg"}],"twitter_card":"summary_large_image","twitter_misc":{"Timp estimat pentru citire":"1 minut"},"schema":{"@context":"https:\/\/schema.org","@graph":[{"@type":"WebPage","@id":"https:\/\/promis.ro\/product\/dagles\/","url":"https:\/\/promis.ro\/product\/dagles\/","name":"Dagles - Promis.ro","isPartOf":{"@id":"https:\/\/promis.ro\/#website"},"primaryImageOfPage":{"@id":"https:\/\/promis.ro\/product\/dagles\/#primaryimage"},"image":{"@id":"https:\/\/promis.ro\/product\/dagles\/#primaryimage"},"thumbnailUrl":"https:\/\/promis.ro\/wp-content\/uploads\/2025\/11\/21027-W-1.jpg","datePublished":"2025-11-04T23:02:32+00:00","dateModified":"2025-11-11T16:39:30+00:00","description":"Sticl\u0103 termic\u0103 din o\u021bel inoxidabil reciclat cu dubl\u0103 strat \u0219i capacitate de 500 ml. Finisaj argintiu, cu capac cu filet asortat \u0219i baz\u0103 din plut\u0103","breadcrumb":{"@id":"https:\/\/promis.ro\/product\/dagles\/#breadcrumb"},"inLanguage":"ro-RO","potentialAction":[{"@type":"ReadAction","target":["https:\/\/promis.ro\/product\/dagles\/"]}]},{"@type":"ImageObject","inLanguage":"ro-RO","@id":"https:\/\/promis.ro\/product\/dagles\/#primaryimage","url":"https:\/\/promis.ro\/wp-content\/uploads\/2025\/11\/21027-W-1.jpg","contentUrl":"https:\/\/promis.ro\/wp-content\/uploads\/2025\/11\/21027-W-1.jpg","width":1080,"height":1080},{"@type":"BreadcrumbList","@id":"https:\/\/promis.ro\/product\/dagles\/#breadcrumb","itemListElement":[{"@type":"ListItem","position":1,"name":"Home","item":"https:\/\/promis.ro\/"},{"@type":"ListItem","position":2,"name":"Magazin","item":"https:\/\/promis.ro\/magazin\/"},{"@type":"ListItem","position":3,"name":"Dagles"}]},{"@type":"WebSite","@id":"https:\/\/promis.ro\/#website","url":"https:\/\/promis.ro\/","name":"Promis.ro","description":"","potentialAction":[{"@type":"SearchAction","target":{"@type":"EntryPoint","urlTemplate":"https:\/\/promis.ro\/?s={search_term_string}"},"query-input":{"@type":"PropertyValueSpecification","valueRequired":true,"valueName":"search_term_string"}}],"inLanguage":"ro-RO"}]}},"_links":{"self":[{"href":"https:\/\/promis.ro\/ro\/wp-json\/wp\/v2\/product\/93041","targetHints":{"allow":["GET"]}}],"collection":[{"href":"https:\/\/promis.ro\/ro\/wp-json\/wp\/v2\/product"}],"about":[{"href":"https:\/\/promis.ro\/ro\/wp-json\/wp\/v2\/types\/product"}],"replies":[{"embeddable":true,"href":"https:\/\/promis.ro\/ro\/wp-json\/wp\/v2\/comments?post=93041"}],"version-history":[{"count":1,"href":"https:\/\/promis.ro\/ro\/wp-json\/wp\/v2\/product\/93041\/revisions"}],"predecessor-version":[{"id":111705,"href":"https:\/\/promis.ro\/ro\/wp-json\/wp\/v2\/product\/93041\/revisions\/111705"}],"wp:featuredmedia":[{"embeddable":true,"href":"https:\/\/promis.ro\/ro\/wp-json\/wp\/v2\/media\/134242"}],"wp:attachment":[{"href":"https:\/\/promis.ro\/ro\/wp-json\/wp\/v2\/media?parent=93041"}],"wp:term":[{"taxonomy":"product_brand","embeddable":true,"href":"https:\/\/promis.ro\/ro\/wp-json\/wp\/v2\/product_brand?post=93041"},{"taxonomy":"product_cat","embeddable":true,"href":"https:\/\/promis.ro\/ro\/wp-json\/wp\/v2\/product_cat?post=93041"},{"taxonomy":"product_tag","embeddable":true,"href":"https:\/\/promis.ro\/ro\/wp-json\/wp\/v2\/product_tag?post=93041"}],"curies":[{"name":"wp","href":"https:\/\/api.w.org\/{rel}","templated":true}]}}