{"id":93043,"date":"2025-11-04T23:02:33","date_gmt":"2025-11-04T23:02:33","guid":{"rendered":"https:\/\/promis.ro\/product\/atinger\/"},"modified":"2025-11-11T16:39:36","modified_gmt":"2025-11-11T16:39:36","slug":"atinger","status":"publish","type":"product","link":"https:\/\/promis.ro\/ro\/produs\/atinger\/","title":{"rendered":"Atinger"},"content":{"rendered":"<p>Can\u0103 izolat\u0103 din o\u021bel inoxidabil reciclat, cu perete dublu, cu o capacitate de 800ml. Cu dozator \u00een capac, u\u0219or de deschis, f\u0103r\u0103 BPA, cu finisaj argintiu. Este ideal\u0103 pentru biroul t\u0103u, mas\u0103 sau orice suprafa\u021b\u0103 unde po\u021bi savura b\u0103utura ta preferat\u0103. Cu logo-ul Recycled Stainless Steel. O\u021belul este unul dintre cele mai c\u0103utate materiale \u0219i poate fi g\u0103sit aproape peste tot, de la produse de zi cu zi p\u00e2n\u0103 la construc\u021bii mari. Are nenum\u0103rate propriet\u0103\u021bi, inclusiv durabilitate \u0219i un grad ridicat de reutilizare, f\u0103c\u00e2ndu-l o alternativ\u0103 foarte apreciat\u0103 pentru solu\u021bii sustenabile. Tratat\u0103 corespunz\u0103tor, permite ob\u021binerea de noi resurse cu utilizare infinit\u0103.<\/p>","protected":false},"excerpt":{"rendered":"<p>Can\u0103 izolat\u0103 din o\u021bel inoxidabil reciclat, cu perete dublu, cu o capacitate de 800ml. Cu dozator \u00een capac, u\u0219or de<\/p>","protected":false},"featured_media":134247,"comment_status":"open","ping_status":"closed","template":"","meta":[],"product_brand":[],"product_cat":[197],"product_tag":[],"class_list":{"0":"post-93043","1":"product","2":"type-product","3":"status-publish","4":"has-post-thumbnail","6":"product_cat-articole-durabile","8":"first","9":"instock","10":"shipping-taxable","11":"purchasable","12":"product-type-simple"},"yoast_head":"<!-- This site is optimized with the Yoast SEO plugin v27.4 - https:\/\/yoast.com\/product\/yoast-seo-wordpress\/ -->\n<title>Atinger - Promis.ro<\/title>\n<meta name=\"description\" content=\"Can\u0103 izolat\u0103 din o\u021bel inoxidabil reciclat, cu perete dublu, cu o capacitate de 800ml. Cu dozator \u00een capac, u\u0219or de deschis, f\u0103r\u0103 BPA, cu finisaj argintiu.\" \/>\n<meta name=\"robots\" content=\"index, follow, max-snippet:-1, max-image-preview:large, max-video-preview:-1\" \/>\n<link rel=\"canonical\" href=\"https:\/\/promis.ro\/ro\/produs\/atinger\/\" \/>\n<meta property=\"og:locale\" content=\"ro_RO\" \/>\n<meta property=\"og:type\" content=\"article\" \/>\n<meta property=\"og:title\" content=\"Atinger - Promis.ro\" \/>\n<meta property=\"og:description\" content=\"Can\u0103 izolat\u0103 din o\u021bel inoxidabil reciclat, cu perete dublu, cu o capacitate de 800ml. Cu dozator \u00een capac, u\u0219or de deschis, f\u0103r\u0103 BPA, cu finisaj argintiu.\" \/>\n<meta property=\"og:url\" content=\"https:\/\/promis.ro\/ro\/produs\/atinger\/\" \/>\n<meta property=\"og:site_name\" content=\"Promis.ro\" \/>\n<meta property=\"article:modified_time\" content=\"2025-11-11T16:39:36+00:00\" \/>\n<meta property=\"og:image\" content=\"https:\/\/promis.ro\/wp-content\/uploads\/2025\/11\/21029-W-1.jpg\" \/>\n\t<meta property=\"og:image:width\" content=\"1080\" \/>\n\t<meta property=\"og:image:height\" content=\"1080\" \/>\n\t<meta property=\"og:image:type\" content=\"image\/jpeg\" \/>\n<meta name=\"twitter:card\" content=\"summary_large_image\" \/>\n<meta name=\"twitter:label1\" content=\"Timp estimat pentru citire\" \/>\n\t<meta name=\"twitter:data1\" content=\"1 minut\" \/>\n<script type=\"application\/ld+json\" class=\"yoast-schema-graph\">{\"@context\":\"https:\\\/\\\/schema.org\",\"@graph\":[{\"@type\":\"WebPage\",\"@id\":\"https:\\\/\\\/promis.ro\\\/product\\\/atinger\\\/\",\"url\":\"https:\\\/\\\/promis.ro\\\/product\\\/atinger\\\/\",\"name\":\"Atinger - Promis.ro\",\"isPartOf\":{\"@id\":\"https:\\\/\\\/promis.ro\\\/#website\"},\"primaryImageOfPage\":{\"@id\":\"https:\\\/\\\/promis.ro\\\/product\\\/atinger\\\/#primaryimage\"},\"image\":{\"@id\":\"https:\\\/\\\/promis.ro\\\/product\\\/atinger\\\/#primaryimage\"},\"thumbnailUrl\":\"https:\\\/\\\/promis.ro\\\/wp-content\\\/uploads\\\/2025\\\/11\\\/21029-W-1.jpg\",\"datePublished\":\"2025-11-04T23:02:33+00:00\",\"dateModified\":\"2025-11-11T16:39:36+00:00\",\"description\":\"Can\u0103 izolat\u0103 din o\u021bel inoxidabil reciclat, cu perete dublu, cu o capacitate de 800ml. Cu dozator \u00een capac, u\u0219or de deschis, f\u0103r\u0103 BPA, cu finisaj argintiu.\",\"breadcrumb\":{\"@id\":\"https:\\\/\\\/promis.ro\\\/product\\\/atinger\\\/#breadcrumb\"},\"inLanguage\":\"ro-RO\",\"potentialAction\":[{\"@type\":\"ReadAction\",\"target\":[\"https:\\\/\\\/promis.ro\\\/product\\\/atinger\\\/\"]}]},{\"@type\":\"ImageObject\",\"inLanguage\":\"ro-RO\",\"@id\":\"https:\\\/\\\/promis.ro\\\/product\\\/atinger\\\/#primaryimage\",\"url\":\"https:\\\/\\\/promis.ro\\\/wp-content\\\/uploads\\\/2025\\\/11\\\/21029-W-1.jpg\",\"contentUrl\":\"https:\\\/\\\/promis.ro\\\/wp-content\\\/uploads\\\/2025\\\/11\\\/21029-W-1.jpg\",\"width\":1080,\"height\":1080},{\"@type\":\"BreadcrumbList\",\"@id\":\"https:\\\/\\\/promis.ro\\\/product\\\/atinger\\\/#breadcrumb\",\"itemListElement\":[{\"@type\":\"ListItem\",\"position\":1,\"name\":\"Home\",\"item\":\"https:\\\/\\\/promis.ro\\\/\"},{\"@type\":\"ListItem\",\"position\":2,\"name\":\"Magazin\",\"item\":\"https:\\\/\\\/promis.ro\\\/magazin\\\/\"},{\"@type\":\"ListItem\",\"position\":3,\"name\":\"Atinger\"}]},{\"@type\":\"WebSite\",\"@id\":\"https:\\\/\\\/promis.ro\\\/#website\",\"url\":\"https:\\\/\\\/promis.ro\\\/\",\"name\":\"Promis.ro\",\"description\":\"\",\"potentialAction\":[{\"@type\":\"SearchAction\",\"target\":{\"@type\":\"EntryPoint\",\"urlTemplate\":\"https:\\\/\\\/promis.ro\\\/?s={search_term_string}\"},\"query-input\":{\"@type\":\"PropertyValueSpecification\",\"valueRequired\":true,\"valueName\":\"search_term_string\"}}],\"inLanguage\":\"ro-RO\"}]}<\/script>\n<!-- \/ Yoast SEO plugin. -->","yoast_head_json":{"title":"Atinger - Promis.ro","description":"Can\u0103 izolat\u0103 din o\u021bel inoxidabil reciclat, cu perete dublu, cu o capacitate de 800ml. Cu dozator \u00een capac, u\u0219or de deschis, f\u0103r\u0103 BPA, cu finisaj argintiu.","robots":{"index":"index","follow":"follow","max-snippet":"max-snippet:-1","max-image-preview":"max-image-preview:large","max-video-preview":"max-video-preview:-1"},"canonical":"https:\/\/promis.ro\/ro\/produs\/atinger\/","og_locale":"ro_RO","og_type":"article","og_title":"Atinger - Promis.ro","og_description":"Can\u0103 izolat\u0103 din o\u021bel inoxidabil reciclat, cu perete dublu, cu o capacitate de 800ml. Cu dozator \u00een capac, u\u0219or de deschis, f\u0103r\u0103 BPA, cu finisaj argintiu.","og_url":"https:\/\/promis.ro\/ro\/produs\/atinger\/","og_site_name":"Promis.ro","article_modified_time":"2025-11-11T16:39:36+00:00","og_image":[{"width":1080,"height":1080,"url":"https:\/\/promis.ro\/wp-content\/uploads\/2025\/11\/21029-W-1.jpg","type":"image\/jpeg"}],"twitter_card":"summary_large_image","twitter_misc":{"Timp estimat pentru citire":"1 minut"},"schema":{"@context":"https:\/\/schema.org","@graph":[{"@type":"WebPage","@id":"https:\/\/promis.ro\/product\/atinger\/","url":"https:\/\/promis.ro\/product\/atinger\/","name":"Atinger - Promis.ro","isPartOf":{"@id":"https:\/\/promis.ro\/#website"},"primaryImageOfPage":{"@id":"https:\/\/promis.ro\/product\/atinger\/#primaryimage"},"image":{"@id":"https:\/\/promis.ro\/product\/atinger\/#primaryimage"},"thumbnailUrl":"https:\/\/promis.ro\/wp-content\/uploads\/2025\/11\/21029-W-1.jpg","datePublished":"2025-11-04T23:02:33+00:00","dateModified":"2025-11-11T16:39:36+00:00","description":"Can\u0103 izolat\u0103 din o\u021bel inoxidabil reciclat, cu perete dublu, cu o capacitate de 800ml. Cu dozator \u00een capac, u\u0219or de deschis, f\u0103r\u0103 BPA, cu finisaj argintiu.","breadcrumb":{"@id":"https:\/\/promis.ro\/product\/atinger\/#breadcrumb"},"inLanguage":"ro-RO","potentialAction":[{"@type":"ReadAction","target":["https:\/\/promis.ro\/product\/atinger\/"]}]},{"@type":"ImageObject","inLanguage":"ro-RO","@id":"https:\/\/promis.ro\/product\/atinger\/#primaryimage","url":"https:\/\/promis.ro\/wp-content\/uploads\/2025\/11\/21029-W-1.jpg","contentUrl":"https:\/\/promis.ro\/wp-content\/uploads\/2025\/11\/21029-W-1.jpg","width":1080,"height":1080},{"@type":"BreadcrumbList","@id":"https:\/\/promis.ro\/product\/atinger\/#breadcrumb","itemListElement":[{"@type":"ListItem","position":1,"name":"Home","item":"https:\/\/promis.ro\/"},{"@type":"ListItem","position":2,"name":"Magazin","item":"https:\/\/promis.ro\/magazin\/"},{"@type":"ListItem","position":3,"name":"Atinger"}]},{"@type":"WebSite","@id":"https:\/\/promis.ro\/#website","url":"https:\/\/promis.ro\/","name":"Promis.ro","description":"","potentialAction":[{"@type":"SearchAction","target":{"@type":"EntryPoint","urlTemplate":"https:\/\/promis.ro\/?s={search_term_string}"},"query-input":{"@type":"PropertyValueSpecification","valueRequired":true,"valueName":"search_term_string"}}],"inLanguage":"ro-RO"}]}},"_links":{"self":[{"href":"https:\/\/promis.ro\/ro\/wp-json\/wp\/v2\/product\/93043","targetHints":{"allow":["GET"]}}],"collection":[{"href":"https:\/\/promis.ro\/ro\/wp-json\/wp\/v2\/product"}],"about":[{"href":"https:\/\/promis.ro\/ro\/wp-json\/wp\/v2\/types\/product"}],"replies":[{"embeddable":true,"href":"https:\/\/promis.ro\/ro\/wp-json\/wp\/v2\/comments?post=93043"}],"version-history":[{"count":1,"href":"https:\/\/promis.ro\/ro\/wp-json\/wp\/v2\/product\/93043\/revisions"}],"predecessor-version":[{"id":111707,"href":"https:\/\/promis.ro\/ro\/wp-json\/wp\/v2\/product\/93043\/revisions\/111707"}],"wp:featuredmedia":[{"embeddable":true,"href":"https:\/\/promis.ro\/ro\/wp-json\/wp\/v2\/media\/134247"}],"wp:attachment":[{"href":"https:\/\/promis.ro\/ro\/wp-json\/wp\/v2\/media?parent=93043"}],"wp:term":[{"taxonomy":"product_brand","embeddable":true,"href":"https:\/\/promis.ro\/ro\/wp-json\/wp\/v2\/product_brand?post=93043"},{"taxonomy":"product_cat","embeddable":true,"href":"https:\/\/promis.ro\/ro\/wp-json\/wp\/v2\/product_cat?post=93043"},{"taxonomy":"product_tag","embeddable":true,"href":"https:\/\/promis.ro\/ro\/wp-json\/wp\/v2\/product_tag?post=93043"}],"curies":[{"name":"wp","href":"https:\/\/api.w.org\/{rel}","templated":true}]}}