{"id":93045,"date":"2025-11-04T23:02:34","date_gmt":"2025-11-04T23:02:34","guid":{"rendered":"https:\/\/promis.ro\/product\/oriley\/"},"modified":"2025-11-11T16:43:20","modified_gmt":"2025-11-11T16:43:20","slug":"oriley","status":"publish","type":"product","link":"https:\/\/promis.ro\/ro\/produs\/oriley\/","title":{"rendered":"Oriley"},"content":{"rendered":"<p>C\u0103\u0219ti din paie de gr\u00e2u, cu conexiune Bluetooth\u00ae 5.0. Proiectate ergonomic, incluz\u00e2nd un buton de control tactil integrat \u00een c\u0103\u0219ti, fiecare cu o baterie de 30 mAh. Baz\u0103 de \u00eenc\u0103rcare asortat\u0103 cu baterie de 200mAh \u0219i LED pentru indicatorul de stare a \u00eenc\u0103rc\u0103rii. Handsfree \u0219i re\u00eenc\u0103rcabile, cu cablu Type C inclus. Ambalate individual \u00eentr-o cutie de lux cu capac articulat \u0219i \u00eentr-o cutie cu design kraft. Disponibile \u00eentr-o gam\u0103 larg\u0103 de culori, combin\u00e2nd paie de gr\u00e2u \u00een culoare natural\u0103 cu tonuri originale. Inclus un manual de instruc\u021biuni \u00een englez\u0103 \u0219i spaniol\u0103. Paiele de gr\u00e2u promoveaz\u0103 utilizarea materiilor prime naturale, reduc\u00e2nd astfel emisiile de poluan\u021bi. Fabricate conform standardelor RoHS \u0219i \u00een conformitate cu urm\u0103toarele cerin\u021be de siguran\u021b\u0103: sistem de protec\u021bie \u00eempotriva supra\u00eenc\u0103lzirii. sistem de protec\u021bie \u00eempotriva supra\u00eenc\u0103rc\u0103rii. sistem de blocare pentru a preveni scurtcircuitele.<\/p>","protected":false},"excerpt":{"rendered":"<p>C\u0103\u0219ti din paie de gr\u00e2u, cu conexiune Bluetooth\u00ae 5.0. Proiectate ergonomic, incluz\u00e2nd un buton de control tactil integrat \u00een c\u0103\u0219ti,<\/p>","protected":false},"featured_media":134254,"comment_status":"open","ping_status":"closed","template":"","meta":[],"product_brand":[],"product_cat":[170],"product_tag":[],"class_list":{"0":"post-93045","1":"product","2":"type-product","3":"status-publish","4":"has-post-thumbnail","6":"product_cat-tehnologie-si-accesorii","8":"first","9":"instock","10":"shipping-taxable","11":"purchasable","12":"product-type-variable"},"yoast_head":"<!-- This site is optimized with the Yoast SEO plugin v27.4 - https:\/\/yoast.com\/product\/yoast-seo-wordpress\/ -->\n<title>Oriley - Promis.ro<\/title>\n<meta name=\"description\" content=\"C\u0103\u0219ti din paie de gr\u00e2u, cu conexiune Bluetooth\u00ae 5.0. Proiectate ergonomic, incluz\u00e2nd un buton de control tactil integrat \u00een c\u0103\u0219ti, fiecare cu o baterie de\" \/>\n<meta name=\"robots\" content=\"index, follow, max-snippet:-1, max-image-preview:large, max-video-preview:-1\" \/>\n<link rel=\"canonical\" href=\"https:\/\/promis.ro\/ro\/produs\/oriley\/\" \/>\n<meta property=\"og:locale\" content=\"ro_RO\" \/>\n<meta property=\"og:type\" content=\"article\" \/>\n<meta property=\"og:title\" content=\"Oriley - Promis.ro\" \/>\n<meta property=\"og:description\" content=\"C\u0103\u0219ti din paie de gr\u00e2u, cu conexiune Bluetooth\u00ae 5.0. Proiectate ergonomic, incluz\u00e2nd un buton de control tactil integrat \u00een c\u0103\u0219ti, fiecare cu o baterie de\" \/>\n<meta property=\"og:url\" content=\"https:\/\/promis.ro\/ro\/produs\/oriley\/\" \/>\n<meta property=\"og:site_name\" content=\"Promis.ro\" \/>\n<meta property=\"article:modified_time\" content=\"2025-11-11T16:43:20+00:00\" \/>\n<meta property=\"og:image\" content=\"https:\/\/promis.ro\/wp-content\/uploads\/2025\/11\/21031-W-1.jpg\" \/>\n\t<meta property=\"og:image:width\" content=\"1080\" \/>\n\t<meta property=\"og:image:height\" content=\"1080\" \/>\n\t<meta property=\"og:image:type\" content=\"image\/jpeg\" \/>\n<meta name=\"twitter:card\" content=\"summary_large_image\" \/>\n<meta name=\"twitter:label1\" content=\"Timp estimat pentru citire\" \/>\n\t<meta name=\"twitter:data1\" content=\"1 minut\" \/>\n<script type=\"application\/ld+json\" class=\"yoast-schema-graph\">{\"@context\":\"https:\\\/\\\/schema.org\",\"@graph\":[{\"@type\":\"WebPage\",\"@id\":\"https:\\\/\\\/promis.ro\\\/product\\\/oriley\\\/\",\"url\":\"https:\\\/\\\/promis.ro\\\/product\\\/oriley\\\/\",\"name\":\"Oriley - Promis.ro\",\"isPartOf\":{\"@id\":\"https:\\\/\\\/promis.ro\\\/#website\"},\"primaryImageOfPage\":{\"@id\":\"https:\\\/\\\/promis.ro\\\/product\\\/oriley\\\/#primaryimage\"},\"image\":{\"@id\":\"https:\\\/\\\/promis.ro\\\/product\\\/oriley\\\/#primaryimage\"},\"thumbnailUrl\":\"https:\\\/\\\/promis.ro\\\/wp-content\\\/uploads\\\/2025\\\/11\\\/21031-W-1.jpg\",\"datePublished\":\"2025-11-04T23:02:34+00:00\",\"dateModified\":\"2025-11-11T16:43:20+00:00\",\"description\":\"C\u0103\u0219ti din paie de gr\u00e2u, cu conexiune Bluetooth\u00ae 5.0. Proiectate ergonomic, incluz\u00e2nd un buton de control tactil integrat \u00een c\u0103\u0219ti, fiecare cu o baterie de\",\"breadcrumb\":{\"@id\":\"https:\\\/\\\/promis.ro\\\/product\\\/oriley\\\/#breadcrumb\"},\"inLanguage\":\"ro-RO\",\"potentialAction\":[{\"@type\":\"ReadAction\",\"target\":[\"https:\\\/\\\/promis.ro\\\/product\\\/oriley\\\/\"]}]},{\"@type\":\"ImageObject\",\"inLanguage\":\"ro-RO\",\"@id\":\"https:\\\/\\\/promis.ro\\\/product\\\/oriley\\\/#primaryimage\",\"url\":\"https:\\\/\\\/promis.ro\\\/wp-content\\\/uploads\\\/2025\\\/11\\\/21031-W-1.jpg\",\"contentUrl\":\"https:\\\/\\\/promis.ro\\\/wp-content\\\/uploads\\\/2025\\\/11\\\/21031-W-1.jpg\",\"width\":1080,\"height\":1080},{\"@type\":\"BreadcrumbList\",\"@id\":\"https:\\\/\\\/promis.ro\\\/product\\\/oriley\\\/#breadcrumb\",\"itemListElement\":[{\"@type\":\"ListItem\",\"position\":1,\"name\":\"Home\",\"item\":\"https:\\\/\\\/promis.ro\\\/\"},{\"@type\":\"ListItem\",\"position\":2,\"name\":\"Magazin\",\"item\":\"https:\\\/\\\/promis.ro\\\/magazin\\\/\"},{\"@type\":\"ListItem\",\"position\":3,\"name\":\"Oriley\"}]},{\"@type\":\"WebSite\",\"@id\":\"https:\\\/\\\/promis.ro\\\/#website\",\"url\":\"https:\\\/\\\/promis.ro\\\/\",\"name\":\"Promis.ro\",\"description\":\"\",\"potentialAction\":[{\"@type\":\"SearchAction\",\"target\":{\"@type\":\"EntryPoint\",\"urlTemplate\":\"https:\\\/\\\/promis.ro\\\/?s={search_term_string}\"},\"query-input\":{\"@type\":\"PropertyValueSpecification\",\"valueRequired\":true,\"valueName\":\"search_term_string\"}}],\"inLanguage\":\"ro-RO\"}]}<\/script>\n<!-- \/ Yoast SEO plugin. -->","yoast_head_json":{"title":"Oriley - Promis.ro","description":"C\u0103\u0219ti din paie de gr\u00e2u, cu conexiune Bluetooth\u00ae 5.0. Proiectate ergonomic, incluz\u00e2nd un buton de control tactil integrat \u00een c\u0103\u0219ti, fiecare cu o baterie de","robots":{"index":"index","follow":"follow","max-snippet":"max-snippet:-1","max-image-preview":"max-image-preview:large","max-video-preview":"max-video-preview:-1"},"canonical":"https:\/\/promis.ro\/ro\/produs\/oriley\/","og_locale":"ro_RO","og_type":"article","og_title":"Oriley - Promis.ro","og_description":"C\u0103\u0219ti din paie de gr\u00e2u, cu conexiune Bluetooth\u00ae 5.0. Proiectate ergonomic, incluz\u00e2nd un buton de control tactil integrat \u00een c\u0103\u0219ti, fiecare cu o baterie de","og_url":"https:\/\/promis.ro\/ro\/produs\/oriley\/","og_site_name":"Promis.ro","article_modified_time":"2025-11-11T16:43:20+00:00","og_image":[{"width":1080,"height":1080,"url":"https:\/\/promis.ro\/wp-content\/uploads\/2025\/11\/21031-W-1.jpg","type":"image\/jpeg"}],"twitter_card":"summary_large_image","twitter_misc":{"Timp estimat pentru citire":"1 minut"},"schema":{"@context":"https:\/\/schema.org","@graph":[{"@type":"WebPage","@id":"https:\/\/promis.ro\/product\/oriley\/","url":"https:\/\/promis.ro\/product\/oriley\/","name":"Oriley - Promis.ro","isPartOf":{"@id":"https:\/\/promis.ro\/#website"},"primaryImageOfPage":{"@id":"https:\/\/promis.ro\/product\/oriley\/#primaryimage"},"image":{"@id":"https:\/\/promis.ro\/product\/oriley\/#primaryimage"},"thumbnailUrl":"https:\/\/promis.ro\/wp-content\/uploads\/2025\/11\/21031-W-1.jpg","datePublished":"2025-11-04T23:02:34+00:00","dateModified":"2025-11-11T16:43:20+00:00","description":"C\u0103\u0219ti din paie de gr\u00e2u, cu conexiune Bluetooth\u00ae 5.0. Proiectate ergonomic, incluz\u00e2nd un buton de control tactil integrat \u00een c\u0103\u0219ti, fiecare cu o baterie de","breadcrumb":{"@id":"https:\/\/promis.ro\/product\/oriley\/#breadcrumb"},"inLanguage":"ro-RO","potentialAction":[{"@type":"ReadAction","target":["https:\/\/promis.ro\/product\/oriley\/"]}]},{"@type":"ImageObject","inLanguage":"ro-RO","@id":"https:\/\/promis.ro\/product\/oriley\/#primaryimage","url":"https:\/\/promis.ro\/wp-content\/uploads\/2025\/11\/21031-W-1.jpg","contentUrl":"https:\/\/promis.ro\/wp-content\/uploads\/2025\/11\/21031-W-1.jpg","width":1080,"height":1080},{"@type":"BreadcrumbList","@id":"https:\/\/promis.ro\/product\/oriley\/#breadcrumb","itemListElement":[{"@type":"ListItem","position":1,"name":"Home","item":"https:\/\/promis.ro\/"},{"@type":"ListItem","position":2,"name":"Magazin","item":"https:\/\/promis.ro\/magazin\/"},{"@type":"ListItem","position":3,"name":"Oriley"}]},{"@type":"WebSite","@id":"https:\/\/promis.ro\/#website","url":"https:\/\/promis.ro\/","name":"Promis.ro","description":"","potentialAction":[{"@type":"SearchAction","target":{"@type":"EntryPoint","urlTemplate":"https:\/\/promis.ro\/?s={search_term_string}"},"query-input":{"@type":"PropertyValueSpecification","valueRequired":true,"valueName":"search_term_string"}}],"inLanguage":"ro-RO"}]}},"_links":{"self":[{"href":"https:\/\/promis.ro\/ro\/wp-json\/wp\/v2\/product\/93045","targetHints":{"allow":["GET"]}}],"collection":[{"href":"https:\/\/promis.ro\/ro\/wp-json\/wp\/v2\/product"}],"about":[{"href":"https:\/\/promis.ro\/ro\/wp-json\/wp\/v2\/types\/product"}],"replies":[{"embeddable":true,"href":"https:\/\/promis.ro\/ro\/wp-json\/wp\/v2\/comments?post=93045"}],"version-history":[{"count":1,"href":"https:\/\/promis.ro\/ro\/wp-json\/wp\/v2\/product\/93045\/revisions"}],"predecessor-version":[{"id":111716,"href":"https:\/\/promis.ro\/ro\/wp-json\/wp\/v2\/product\/93045\/revisions\/111716"}],"wp:featuredmedia":[{"embeddable":true,"href":"https:\/\/promis.ro\/ro\/wp-json\/wp\/v2\/media\/134254"}],"wp:attachment":[{"href":"https:\/\/promis.ro\/ro\/wp-json\/wp\/v2\/media?parent=93045"}],"wp:term":[{"taxonomy":"product_brand","embeddable":true,"href":"https:\/\/promis.ro\/ro\/wp-json\/wp\/v2\/product_brand?post=93045"},{"taxonomy":"product_cat","embeddable":true,"href":"https:\/\/promis.ro\/ro\/wp-json\/wp\/v2\/product_cat?post=93045"},{"taxonomy":"product_tag","embeddable":true,"href":"https:\/\/promis.ro\/ro\/wp-json\/wp\/v2\/product_tag?post=93045"}],"curies":[{"name":"wp","href":"https:\/\/api.w.org\/{rel}","templated":true}]}}