{"id":93049,"date":"2025-11-04T23:02:36","date_gmt":"2025-11-04T23:02:36","guid":{"rendered":"https:\/\/promis.ro\/product\/skot\/"},"modified":"2025-11-11T16:40:04","modified_gmt":"2025-11-11T16:40:04","slug":"skot","status":"publish","type":"product","link":"https:\/\/promis.ro\/ro\/produs\/skot\/","title":{"rendered":"Skot"},"content":{"rendered":"<p>Cablu de \u00eenc\u0103rcare cu conexiune dual\u0103 Type C. 65W putere \u0219i potrivit pentru transfer de date. 100cm lungime, cu conectori din aluminiu \u0219i prezentat \u00eentr-o carcas\u0103 atractiv\u0103 cu o parte transparent\u0103 \u0219i una opac\u0103. Cu m\u00e2nere de transport \u0219i prezentat individual \u00eentr-un sac reciclat.<\/p>","protected":false},"excerpt":{"rendered":"<p>Cablu de \u00eenc\u0103rcare cu conexiune dual\u0103 Type C. 65W putere \u0219i potrivit pentru transfer de date. 100cm lungime, cu conectori<\/p>","protected":false},"featured_media":134267,"comment_status":"open","ping_status":"closed","template":"","meta":[],"product_brand":[],"product_cat":[170],"product_tag":[],"class_list":{"0":"post-93049","1":"product","2":"type-product","3":"status-publish","4":"has-post-thumbnail","6":"product_cat-tehnologie-si-accesorii","8":"first","9":"instock","10":"shipping-taxable","11":"purchasable","12":"product-type-simple"},"yoast_head":"<!-- This site is optimized with the Yoast SEO plugin v27.4 - https:\/\/yoast.com\/product\/yoast-seo-wordpress\/ -->\n<title>Skot - Promis.ro<\/title>\n<meta name=\"description\" content=\"Cablu de \u00eenc\u0103rcare cu conexiune dual\u0103 Type C. 65W putere \u0219i potrivit pentru transfer de date. 100cm lungime, cu conectori din aluminiu \u0219i prezentat \u00eentr-o\" \/>\n<meta name=\"robots\" content=\"index, follow, max-snippet:-1, max-image-preview:large, max-video-preview:-1\" \/>\n<link rel=\"canonical\" href=\"https:\/\/promis.ro\/ro\/produs\/skot\/\" \/>\n<meta property=\"og:locale\" content=\"ro_RO\" \/>\n<meta property=\"og:type\" content=\"article\" \/>\n<meta property=\"og:title\" content=\"Skot - Promis.ro\" \/>\n<meta property=\"og:description\" content=\"Cablu de \u00eenc\u0103rcare cu conexiune dual\u0103 Type C. 65W putere \u0219i potrivit pentru transfer de date. 100cm lungime, cu conectori din aluminiu \u0219i prezentat \u00eentr-o\" \/>\n<meta property=\"og:url\" content=\"https:\/\/promis.ro\/ro\/produs\/skot\/\" \/>\n<meta property=\"og:site_name\" content=\"Promis.ro\" \/>\n<meta property=\"article:modified_time\" content=\"2025-11-11T16:40:04+00:00\" \/>\n<meta property=\"og:image\" content=\"https:\/\/promis.ro\/wp-content\/uploads\/2025\/11\/21037-W-1.jpg\" \/>\n\t<meta property=\"og:image:width\" content=\"1080\" \/>\n\t<meta property=\"og:image:height\" content=\"1080\" \/>\n\t<meta property=\"og:image:type\" content=\"image\/jpeg\" \/>\n<meta name=\"twitter:card\" content=\"summary_large_image\" \/>\n<script type=\"application\/ld+json\" class=\"yoast-schema-graph\">{\"@context\":\"https:\\\/\\\/schema.org\",\"@graph\":[{\"@type\":\"WebPage\",\"@id\":\"https:\\\/\\\/promis.ro\\\/product\\\/skot\\\/\",\"url\":\"https:\\\/\\\/promis.ro\\\/product\\\/skot\\\/\",\"name\":\"Skot - Promis.ro\",\"isPartOf\":{\"@id\":\"https:\\\/\\\/promis.ro\\\/#website\"},\"primaryImageOfPage\":{\"@id\":\"https:\\\/\\\/promis.ro\\\/product\\\/skot\\\/#primaryimage\"},\"image\":{\"@id\":\"https:\\\/\\\/promis.ro\\\/product\\\/skot\\\/#primaryimage\"},\"thumbnailUrl\":\"https:\\\/\\\/promis.ro\\\/wp-content\\\/uploads\\\/2025\\\/11\\\/21037-W-1.jpg\",\"datePublished\":\"2025-11-04T23:02:36+00:00\",\"dateModified\":\"2025-11-11T16:40:04+00:00\",\"description\":\"Cablu de \u00eenc\u0103rcare cu conexiune dual\u0103 Type C. 65W putere \u0219i potrivit pentru transfer de date. 100cm lungime, cu conectori din aluminiu \u0219i prezentat \u00eentr-o\",\"breadcrumb\":{\"@id\":\"https:\\\/\\\/promis.ro\\\/product\\\/skot\\\/#breadcrumb\"},\"inLanguage\":\"ro-RO\",\"potentialAction\":[{\"@type\":\"ReadAction\",\"target\":[\"https:\\\/\\\/promis.ro\\\/product\\\/skot\\\/\"]}]},{\"@type\":\"ImageObject\",\"inLanguage\":\"ro-RO\",\"@id\":\"https:\\\/\\\/promis.ro\\\/product\\\/skot\\\/#primaryimage\",\"url\":\"https:\\\/\\\/promis.ro\\\/wp-content\\\/uploads\\\/2025\\\/11\\\/21037-W-1.jpg\",\"contentUrl\":\"https:\\\/\\\/promis.ro\\\/wp-content\\\/uploads\\\/2025\\\/11\\\/21037-W-1.jpg\",\"width\":1080,\"height\":1080},{\"@type\":\"BreadcrumbList\",\"@id\":\"https:\\\/\\\/promis.ro\\\/product\\\/skot\\\/#breadcrumb\",\"itemListElement\":[{\"@type\":\"ListItem\",\"position\":1,\"name\":\"Home\",\"item\":\"https:\\\/\\\/promis.ro\\\/\"},{\"@type\":\"ListItem\",\"position\":2,\"name\":\"Magazin\",\"item\":\"https:\\\/\\\/promis.ro\\\/magazin\\\/\"},{\"@type\":\"ListItem\",\"position\":3,\"name\":\"Skot\"}]},{\"@type\":\"WebSite\",\"@id\":\"https:\\\/\\\/promis.ro\\\/#website\",\"url\":\"https:\\\/\\\/promis.ro\\\/\",\"name\":\"Promis.ro\",\"description\":\"\",\"potentialAction\":[{\"@type\":\"SearchAction\",\"target\":{\"@type\":\"EntryPoint\",\"urlTemplate\":\"https:\\\/\\\/promis.ro\\\/?s={search_term_string}\"},\"query-input\":{\"@type\":\"PropertyValueSpecification\",\"valueRequired\":true,\"valueName\":\"search_term_string\"}}],\"inLanguage\":\"ro-RO\"}]}<\/script>\n<!-- \/ Yoast SEO plugin. -->","yoast_head_json":{"title":"Skot - Promis.ro","description":"Cablu de \u00eenc\u0103rcare cu conexiune dual\u0103 Type C. 65W putere \u0219i potrivit pentru transfer de date. 100cm lungime, cu conectori din aluminiu \u0219i prezentat \u00eentr-o","robots":{"index":"index","follow":"follow","max-snippet":"max-snippet:-1","max-image-preview":"max-image-preview:large","max-video-preview":"max-video-preview:-1"},"canonical":"https:\/\/promis.ro\/ro\/produs\/skot\/","og_locale":"ro_RO","og_type":"article","og_title":"Skot - Promis.ro","og_description":"Cablu de \u00eenc\u0103rcare cu conexiune dual\u0103 Type C. 65W putere \u0219i potrivit pentru transfer de date. 100cm lungime, cu conectori din aluminiu \u0219i prezentat \u00eentr-o","og_url":"https:\/\/promis.ro\/ro\/produs\/skot\/","og_site_name":"Promis.ro","article_modified_time":"2025-11-11T16:40:04+00:00","og_image":[{"width":1080,"height":1080,"url":"https:\/\/promis.ro\/wp-content\/uploads\/2025\/11\/21037-W-1.jpg","type":"image\/jpeg"}],"twitter_card":"summary_large_image","schema":{"@context":"https:\/\/schema.org","@graph":[{"@type":"WebPage","@id":"https:\/\/promis.ro\/product\/skot\/","url":"https:\/\/promis.ro\/product\/skot\/","name":"Skot - Promis.ro","isPartOf":{"@id":"https:\/\/promis.ro\/#website"},"primaryImageOfPage":{"@id":"https:\/\/promis.ro\/product\/skot\/#primaryimage"},"image":{"@id":"https:\/\/promis.ro\/product\/skot\/#primaryimage"},"thumbnailUrl":"https:\/\/promis.ro\/wp-content\/uploads\/2025\/11\/21037-W-1.jpg","datePublished":"2025-11-04T23:02:36+00:00","dateModified":"2025-11-11T16:40:04+00:00","description":"Cablu de \u00eenc\u0103rcare cu conexiune dual\u0103 Type C. 65W putere \u0219i potrivit pentru transfer de date. 100cm lungime, cu conectori din aluminiu \u0219i prezentat \u00eentr-o","breadcrumb":{"@id":"https:\/\/promis.ro\/product\/skot\/#breadcrumb"},"inLanguage":"ro-RO","potentialAction":[{"@type":"ReadAction","target":["https:\/\/promis.ro\/product\/skot\/"]}]},{"@type":"ImageObject","inLanguage":"ro-RO","@id":"https:\/\/promis.ro\/product\/skot\/#primaryimage","url":"https:\/\/promis.ro\/wp-content\/uploads\/2025\/11\/21037-W-1.jpg","contentUrl":"https:\/\/promis.ro\/wp-content\/uploads\/2025\/11\/21037-W-1.jpg","width":1080,"height":1080},{"@type":"BreadcrumbList","@id":"https:\/\/promis.ro\/product\/skot\/#breadcrumb","itemListElement":[{"@type":"ListItem","position":1,"name":"Home","item":"https:\/\/promis.ro\/"},{"@type":"ListItem","position":2,"name":"Magazin","item":"https:\/\/promis.ro\/magazin\/"},{"@type":"ListItem","position":3,"name":"Skot"}]},{"@type":"WebSite","@id":"https:\/\/promis.ro\/#website","url":"https:\/\/promis.ro\/","name":"Promis.ro","description":"","potentialAction":[{"@type":"SearchAction","target":{"@type":"EntryPoint","urlTemplate":"https:\/\/promis.ro\/?s={search_term_string}"},"query-input":{"@type":"PropertyValueSpecification","valueRequired":true,"valueName":"search_term_string"}}],"inLanguage":"ro-RO"}]}},"_links":{"self":[{"href":"https:\/\/promis.ro\/ro\/wp-json\/wp\/v2\/product\/93049","targetHints":{"allow":["GET"]}}],"collection":[{"href":"https:\/\/promis.ro\/ro\/wp-json\/wp\/v2\/product"}],"about":[{"href":"https:\/\/promis.ro\/ro\/wp-json\/wp\/v2\/types\/product"}],"replies":[{"embeddable":true,"href":"https:\/\/promis.ro\/ro\/wp-json\/wp\/v2\/comments?post=93049"}],"version-history":[{"count":1,"href":"https:\/\/promis.ro\/ro\/wp-json\/wp\/v2\/product\/93049\/revisions"}],"predecessor-version":[{"id":111704,"href":"https:\/\/promis.ro\/ro\/wp-json\/wp\/v2\/product\/93049\/revisions\/111704"}],"wp:featuredmedia":[{"embeddable":true,"href":"https:\/\/promis.ro\/ro\/wp-json\/wp\/v2\/media\/134267"}],"wp:attachment":[{"href":"https:\/\/promis.ro\/ro\/wp-json\/wp\/v2\/media?parent=93049"}],"wp:term":[{"taxonomy":"product_brand","embeddable":true,"href":"https:\/\/promis.ro\/ro\/wp-json\/wp\/v2\/product_brand?post=93049"},{"taxonomy":"product_cat","embeddable":true,"href":"https:\/\/promis.ro\/ro\/wp-json\/wp\/v2\/product_cat?post=93049"},{"taxonomy":"product_tag","embeddable":true,"href":"https:\/\/promis.ro\/ro\/wp-json\/wp\/v2\/product_tag?post=93049"}],"curies":[{"name":"wp","href":"https:\/\/api.w.org\/{rel}","templated":true}]}}