{"id":93050,"date":"2025-11-04T23:02:36","date_gmt":"2025-11-04T23:02:36","guid":{"rendered":"https:\/\/promis.ro\/product\/bekery\/"},"modified":"2025-11-11T16:40:08","modified_gmt":"2025-11-11T16:40:08","slug":"bekery","status":"publish","type":"product","link":"https:\/\/promis.ro\/ro\/produs\/bekery\/","title":{"rendered":"Bekery"},"content":{"rendered":"<p>C\u0103\u0219ti fabricate din extracte de piatr\u0103 natural\u0103 \u00een combina\u021bie cu ABS rezistent. Cu conexiune Bluetooth\u00ae 5.3 \u0219i baterie litiu integrat\u0103, 30 mAh \u00een fiecare c\u0103\u0219ti. Proiectate ergonomic, cu buton de control tactil pe c\u0103\u0219ti \u0219i func\u021bie hands-free. Baz\u0103 cu capacitate de 250 mAh \u0219i indicator LED pentru starea de \u00eenc\u0103rcare, cu cablu de \u00eenc\u0103rcare de tip C inclus. Prezentate \u00eentr-o cutie de design kraft individual\u0103, cu manual de utilizare \u00een englez\u0103 \u0219i spaniol\u0103. Fabricate din extracte de piatr\u0103 natural\u0103, ajut\u00e2nd la reducerea utiliz\u0103rii plasticului, precum \u0219i oferind un finisaj neted \u0219i rezistent. Capacit\u0103\u021bile afi\u0219ate \u00een toate bateriile noastre externe auxiliare sunt reale, toate \u00eencorpor\u00e2nd baterii de grad A, non-reciclate, cu o durat\u0103 de via\u021b\u0103 de cel pu\u021bin 500 de cicluri de \u00eenc\u0103rcare \u0219i conform\u00e2ndu-se reglement\u0103rilor CE. \u00cen plus, sunt fabricate conform standardelor RoHS \u0219i respect\u00e2nd urm\u0103toarele cerin\u021be de siguran\u021b\u0103: sistem de protec\u021bie \u00eempotriva supra\u00eenc\u0103rc\u0103rii power bank-ului. Sistem complet de protec\u021bie \u00eempotriva desc\u0103rc\u0103rii, care cre\u0219te durabilitatea power bank-ului. Sistem de blocare pentru a preveni scurtcircuitele. Sistem constant de transfer de \u00eenc\u0103rcare, \u00een conformitate cu capacitatea dispozitivului \u021bint\u0103.<\/p>","protected":false},"excerpt":{"rendered":"<p>C\u0103\u0219ti fabricate din extracte de piatr\u0103 natural\u0103 \u00een combina\u021bie cu ABS rezistent. Cu conexiune Bluetooth\u00ae 5.3 \u0219i baterie litiu integrat\u0103,<\/p>","protected":false},"featured_media":134270,"comment_status":"open","ping_status":"closed","template":"","meta":[],"product_brand":[],"product_cat":[197],"product_tag":[],"class_list":{"0":"post-93050","1":"product","2":"type-product","3":"status-publish","4":"has-post-thumbnail","6":"product_cat-articole-durabile","8":"first","9":"instock","10":"shipping-taxable","11":"purchasable","12":"product-type-simple"},"yoast_head":"<!-- This site is optimized with the Yoast SEO plugin v27.4 - https:\/\/yoast.com\/product\/yoast-seo-wordpress\/ -->\n<title>Bekery - Promis.ro<\/title>\n<meta name=\"description\" content=\"C\u0103\u0219ti fabricate din extracte de piatr\u0103 natural\u0103 \u00een combina\u021bie cu ABS rezistent. Cu conexiune Bluetooth\u00ae 5.3 \u0219i baterie litiu integrat\u0103, 30 mAh \u00een fiecare\" \/>\n<meta name=\"robots\" content=\"index, follow, max-snippet:-1, max-image-preview:large, max-video-preview:-1\" \/>\n<link rel=\"canonical\" href=\"https:\/\/promis.ro\/ro\/produs\/bekery\/\" \/>\n<meta property=\"og:locale\" content=\"ro_RO\" \/>\n<meta property=\"og:type\" content=\"article\" \/>\n<meta property=\"og:title\" content=\"Bekery - Promis.ro\" \/>\n<meta property=\"og:description\" content=\"C\u0103\u0219ti fabricate din extracte de piatr\u0103 natural\u0103 \u00een combina\u021bie cu ABS rezistent. Cu conexiune Bluetooth\u00ae 5.3 \u0219i baterie litiu integrat\u0103, 30 mAh \u00een fiecare\" \/>\n<meta property=\"og:url\" content=\"https:\/\/promis.ro\/ro\/produs\/bekery\/\" \/>\n<meta property=\"og:site_name\" content=\"Promis.ro\" \/>\n<meta property=\"article:modified_time\" content=\"2025-11-11T16:40:08+00:00\" \/>\n<meta property=\"og:image\" content=\"https:\/\/promis.ro\/wp-content\/uploads\/2025\/11\/21038-W-1.jpg\" \/>\n\t<meta property=\"og:image:width\" content=\"1080\" \/>\n\t<meta property=\"og:image:height\" content=\"1080\" \/>\n\t<meta property=\"og:image:type\" content=\"image\/jpeg\" \/>\n<meta name=\"twitter:card\" content=\"summary_large_image\" \/>\n<meta name=\"twitter:label1\" content=\"Timp estimat pentru citire\" \/>\n\t<meta name=\"twitter:data1\" content=\"1 minut\" \/>\n<script type=\"application\/ld+json\" class=\"yoast-schema-graph\">{\"@context\":\"https:\\\/\\\/schema.org\",\"@graph\":[{\"@type\":\"WebPage\",\"@id\":\"https:\\\/\\\/promis.ro\\\/product\\\/bekery\\\/\",\"url\":\"https:\\\/\\\/promis.ro\\\/product\\\/bekery\\\/\",\"name\":\"Bekery - Promis.ro\",\"isPartOf\":{\"@id\":\"https:\\\/\\\/promis.ro\\\/#website\"},\"primaryImageOfPage\":{\"@id\":\"https:\\\/\\\/promis.ro\\\/product\\\/bekery\\\/#primaryimage\"},\"image\":{\"@id\":\"https:\\\/\\\/promis.ro\\\/product\\\/bekery\\\/#primaryimage\"},\"thumbnailUrl\":\"https:\\\/\\\/promis.ro\\\/wp-content\\\/uploads\\\/2025\\\/11\\\/21038-W-1.jpg\",\"datePublished\":\"2025-11-04T23:02:36+00:00\",\"dateModified\":\"2025-11-11T16:40:08+00:00\",\"description\":\"C\u0103\u0219ti fabricate din extracte de piatr\u0103 natural\u0103 \u00een combina\u021bie cu ABS rezistent. Cu conexiune Bluetooth\u00ae 5.3 \u0219i baterie litiu integrat\u0103, 30 mAh \u00een fiecare\",\"breadcrumb\":{\"@id\":\"https:\\\/\\\/promis.ro\\\/product\\\/bekery\\\/#breadcrumb\"},\"inLanguage\":\"ro-RO\",\"potentialAction\":[{\"@type\":\"ReadAction\",\"target\":[\"https:\\\/\\\/promis.ro\\\/product\\\/bekery\\\/\"]}]},{\"@type\":\"ImageObject\",\"inLanguage\":\"ro-RO\",\"@id\":\"https:\\\/\\\/promis.ro\\\/product\\\/bekery\\\/#primaryimage\",\"url\":\"https:\\\/\\\/promis.ro\\\/wp-content\\\/uploads\\\/2025\\\/11\\\/21038-W-1.jpg\",\"contentUrl\":\"https:\\\/\\\/promis.ro\\\/wp-content\\\/uploads\\\/2025\\\/11\\\/21038-W-1.jpg\",\"width\":1080,\"height\":1080},{\"@type\":\"BreadcrumbList\",\"@id\":\"https:\\\/\\\/promis.ro\\\/product\\\/bekery\\\/#breadcrumb\",\"itemListElement\":[{\"@type\":\"ListItem\",\"position\":1,\"name\":\"Home\",\"item\":\"https:\\\/\\\/promis.ro\\\/\"},{\"@type\":\"ListItem\",\"position\":2,\"name\":\"Magazin\",\"item\":\"https:\\\/\\\/promis.ro\\\/magazin\\\/\"},{\"@type\":\"ListItem\",\"position\":3,\"name\":\"Bekery\"}]},{\"@type\":\"WebSite\",\"@id\":\"https:\\\/\\\/promis.ro\\\/#website\",\"url\":\"https:\\\/\\\/promis.ro\\\/\",\"name\":\"Promis.ro\",\"description\":\"\",\"potentialAction\":[{\"@type\":\"SearchAction\",\"target\":{\"@type\":\"EntryPoint\",\"urlTemplate\":\"https:\\\/\\\/promis.ro\\\/?s={search_term_string}\"},\"query-input\":{\"@type\":\"PropertyValueSpecification\",\"valueRequired\":true,\"valueName\":\"search_term_string\"}}],\"inLanguage\":\"ro-RO\"}]}<\/script>\n<!-- \/ Yoast SEO plugin. -->","yoast_head_json":{"title":"Bekery - Promis.ro","description":"C\u0103\u0219ti fabricate din extracte de piatr\u0103 natural\u0103 \u00een combina\u021bie cu ABS rezistent. Cu conexiune Bluetooth\u00ae 5.3 \u0219i baterie litiu integrat\u0103, 30 mAh \u00een fiecare","robots":{"index":"index","follow":"follow","max-snippet":"max-snippet:-1","max-image-preview":"max-image-preview:large","max-video-preview":"max-video-preview:-1"},"canonical":"https:\/\/promis.ro\/ro\/produs\/bekery\/","og_locale":"ro_RO","og_type":"article","og_title":"Bekery - Promis.ro","og_description":"C\u0103\u0219ti fabricate din extracte de piatr\u0103 natural\u0103 \u00een combina\u021bie cu ABS rezistent. Cu conexiune Bluetooth\u00ae 5.3 \u0219i baterie litiu integrat\u0103, 30 mAh \u00een fiecare","og_url":"https:\/\/promis.ro\/ro\/produs\/bekery\/","og_site_name":"Promis.ro","article_modified_time":"2025-11-11T16:40:08+00:00","og_image":[{"width":1080,"height":1080,"url":"https:\/\/promis.ro\/wp-content\/uploads\/2025\/11\/21038-W-1.jpg","type":"image\/jpeg"}],"twitter_card":"summary_large_image","twitter_misc":{"Timp estimat pentru citire":"1 minut"},"schema":{"@context":"https:\/\/schema.org","@graph":[{"@type":"WebPage","@id":"https:\/\/promis.ro\/product\/bekery\/","url":"https:\/\/promis.ro\/product\/bekery\/","name":"Bekery - Promis.ro","isPartOf":{"@id":"https:\/\/promis.ro\/#website"},"primaryImageOfPage":{"@id":"https:\/\/promis.ro\/product\/bekery\/#primaryimage"},"image":{"@id":"https:\/\/promis.ro\/product\/bekery\/#primaryimage"},"thumbnailUrl":"https:\/\/promis.ro\/wp-content\/uploads\/2025\/11\/21038-W-1.jpg","datePublished":"2025-11-04T23:02:36+00:00","dateModified":"2025-11-11T16:40:08+00:00","description":"C\u0103\u0219ti fabricate din extracte de piatr\u0103 natural\u0103 \u00een combina\u021bie cu ABS rezistent. Cu conexiune Bluetooth\u00ae 5.3 \u0219i baterie litiu integrat\u0103, 30 mAh \u00een fiecare","breadcrumb":{"@id":"https:\/\/promis.ro\/product\/bekery\/#breadcrumb"},"inLanguage":"ro-RO","potentialAction":[{"@type":"ReadAction","target":["https:\/\/promis.ro\/product\/bekery\/"]}]},{"@type":"ImageObject","inLanguage":"ro-RO","@id":"https:\/\/promis.ro\/product\/bekery\/#primaryimage","url":"https:\/\/promis.ro\/wp-content\/uploads\/2025\/11\/21038-W-1.jpg","contentUrl":"https:\/\/promis.ro\/wp-content\/uploads\/2025\/11\/21038-W-1.jpg","width":1080,"height":1080},{"@type":"BreadcrumbList","@id":"https:\/\/promis.ro\/product\/bekery\/#breadcrumb","itemListElement":[{"@type":"ListItem","position":1,"name":"Home","item":"https:\/\/promis.ro\/"},{"@type":"ListItem","position":2,"name":"Magazin","item":"https:\/\/promis.ro\/magazin\/"},{"@type":"ListItem","position":3,"name":"Bekery"}]},{"@type":"WebSite","@id":"https:\/\/promis.ro\/#website","url":"https:\/\/promis.ro\/","name":"Promis.ro","description":"","potentialAction":[{"@type":"SearchAction","target":{"@type":"EntryPoint","urlTemplate":"https:\/\/promis.ro\/?s={search_term_string}"},"query-input":{"@type":"PropertyValueSpecification","valueRequired":true,"valueName":"search_term_string"}}],"inLanguage":"ro-RO"}]}},"_links":{"self":[{"href":"https:\/\/promis.ro\/ro\/wp-json\/wp\/v2\/product\/93050","targetHints":{"allow":["GET"]}}],"collection":[{"href":"https:\/\/promis.ro\/ro\/wp-json\/wp\/v2\/product"}],"about":[{"href":"https:\/\/promis.ro\/ro\/wp-json\/wp\/v2\/types\/product"}],"replies":[{"embeddable":true,"href":"https:\/\/promis.ro\/ro\/wp-json\/wp\/v2\/comments?post=93050"}],"version-history":[{"count":1,"href":"https:\/\/promis.ro\/ro\/wp-json\/wp\/v2\/product\/93050\/revisions"}],"predecessor-version":[{"id":111719,"href":"https:\/\/promis.ro\/ro\/wp-json\/wp\/v2\/product\/93050\/revisions\/111719"}],"wp:featuredmedia":[{"embeddable":true,"href":"https:\/\/promis.ro\/ro\/wp-json\/wp\/v2\/media\/134270"}],"wp:attachment":[{"href":"https:\/\/promis.ro\/ro\/wp-json\/wp\/v2\/media?parent=93050"}],"wp:term":[{"taxonomy":"product_brand","embeddable":true,"href":"https:\/\/promis.ro\/ro\/wp-json\/wp\/v2\/product_brand?post=93050"},{"taxonomy":"product_cat","embeddable":true,"href":"https:\/\/promis.ro\/ro\/wp-json\/wp\/v2\/product_cat?post=93050"},{"taxonomy":"product_tag","embeddable":true,"href":"https:\/\/promis.ro\/ro\/wp-json\/wp\/v2\/product_tag?post=93050"}],"curies":[{"name":"wp","href":"https:\/\/api.w.org\/{rel}","templated":true}]}}