{"id":93051,"date":"2025-11-04T23:02:37","date_gmt":"2025-11-04T23:02:37","guid":{"rendered":"https:\/\/promis.ro\/product\/noiman\/"},"modified":"2025-11-11T16:40:12","modified_gmt":"2025-11-11T16:40:12","slug":"noiman","status":"publish","type":"product","link":"https:\/\/promis.ro\/ro\/produs\/noiman\/","title":{"rendered":"Noiman"},"content":{"rendered":"<p>Baterie extern\u0103 auxiliar\u0103 cu 5.000 mAh, realizat\u0103 din extracte de piatr\u0103 natural\u0103 \u00een combina\u021bie cu ABS rezistent. Cu 2 ie\u0219iri USB, conexiune dual\u0103 de intrare\/ie\u0219ire Type C \u0219i indicator LED pentru starea de \u00eenc\u0103rcare. Cablu de \u00eenc\u0103rcare Type C inclus. Prezentat\u0103 \u00eentr-o cutie individual\u0103 de design kraft, cu manual de instruc\u021biuni \u00een englez\u0103 \u0219i spaniol\u0103. Intrare\/ie\u0219ire Type C; 5-12V DC 3-1,5V, PD 18W Ie\u0219iri USB: 5-12V DC 3-1,5A Fabricat\u0103 din extracte de piatr\u0103 natural\u0103, ajut\u00e2nd la reducerea utiliz\u0103rii plasticului, precum \u0219i oferind un finisaj neted \u0219i rezistent. Capacit\u0103\u021bile afi\u0219ate \u00een toate bateriile noastre externe auxiliare sunt reale, toate \u00eencorpor\u00e2nd baterii de grad A, ne-reciclate, cu o durat\u0103 de via\u021b\u0103 de cel pu\u021bin 500 de cicluri de \u00eenc\u0103rcare \u0219i conform\u00e2ndu-se reglement\u0103rilor CE. \u00cen plus, acestea sunt fabricate conform standardelor RoHS \u0219i respect\u00e2nd urm\u0103toarele cerin\u021be de siguran\u021b\u0103: sistem de protec\u021bie \u00eempotriva supra\u00eenc\u0103rc\u0103rii b\u0103ncii de putere. Sistem complet de protec\u021bie \u00eempotriva desc\u0103rc\u0103rii, care cre\u0219te durabilitatea b\u0103ncii de putere. Sistem de blocare pentru a preveni scurtcircuitele. Sistem constant de transfer de \u00eenc\u0103rcare, \u00een conformitate cu capacitatea dispozitivului \u021bint\u0103.<\/p>","protected":false},"excerpt":{"rendered":"<p>Baterie extern\u0103 auxiliar\u0103 cu 5.000 mAh, realizat\u0103 din extracte de piatr\u0103 natural\u0103 \u00een combina\u021bie cu ABS rezistent. Cu 2 ie\u0219iri<\/p>","protected":false},"featured_media":134274,"comment_status":"open","ping_status":"closed","template":"","meta":[],"product_brand":[],"product_cat":[170],"product_tag":[],"class_list":{"0":"post-93051","1":"product","2":"type-product","3":"status-publish","4":"has-post-thumbnail","6":"product_cat-tehnologie-si-accesorii","8":"first","9":"instock","10":"shipping-taxable","11":"purchasable","12":"product-type-simple"},"yoast_head":"<!-- This site is optimized with the Yoast SEO plugin v27.4 - https:\/\/yoast.com\/product\/yoast-seo-wordpress\/ -->\n<title>Noiman - Promis.ro<\/title>\n<meta name=\"description\" content=\"Baterie extern\u0103 auxiliar\u0103 cu 5.000 mAh, realizat\u0103 din extracte de piatr\u0103 natural\u0103 \u00een combina\u021bie cu ABS rezistent. Cu 2 ie\u0219iri USB, conexiune dual\u0103 de\" \/>\n<meta name=\"robots\" content=\"index, follow, max-snippet:-1, max-image-preview:large, max-video-preview:-1\" \/>\n<link rel=\"canonical\" href=\"https:\/\/promis.ro\/ro\/produs\/noiman\/\" \/>\n<meta property=\"og:locale\" content=\"ro_RO\" \/>\n<meta property=\"og:type\" content=\"article\" \/>\n<meta property=\"og:title\" content=\"Noiman - Promis.ro\" \/>\n<meta property=\"og:description\" content=\"Baterie extern\u0103 auxiliar\u0103 cu 5.000 mAh, realizat\u0103 din extracte de piatr\u0103 natural\u0103 \u00een combina\u021bie cu ABS rezistent. Cu 2 ie\u0219iri USB, conexiune dual\u0103 de\" \/>\n<meta property=\"og:url\" content=\"https:\/\/promis.ro\/ro\/produs\/noiman\/\" \/>\n<meta property=\"og:site_name\" content=\"Promis.ro\" \/>\n<meta property=\"article:modified_time\" content=\"2025-11-11T16:40:12+00:00\" \/>\n<meta property=\"og:image\" content=\"https:\/\/promis.ro\/wp-content\/uploads\/2025\/11\/21039-W-1.jpg\" \/>\n\t<meta property=\"og:image:width\" content=\"1080\" \/>\n\t<meta property=\"og:image:height\" content=\"1080\" \/>\n\t<meta property=\"og:image:type\" content=\"image\/jpeg\" \/>\n<meta name=\"twitter:card\" content=\"summary_large_image\" \/>\n<meta name=\"twitter:label1\" content=\"Timp estimat pentru citire\" \/>\n\t<meta name=\"twitter:data1\" content=\"1 minut\" \/>\n<script type=\"application\/ld+json\" class=\"yoast-schema-graph\">{\"@context\":\"https:\\\/\\\/schema.org\",\"@graph\":[{\"@type\":\"WebPage\",\"@id\":\"https:\\\/\\\/promis.ro\\\/product\\\/noiman\\\/\",\"url\":\"https:\\\/\\\/promis.ro\\\/product\\\/noiman\\\/\",\"name\":\"Noiman - Promis.ro\",\"isPartOf\":{\"@id\":\"https:\\\/\\\/promis.ro\\\/#website\"},\"primaryImageOfPage\":{\"@id\":\"https:\\\/\\\/promis.ro\\\/product\\\/noiman\\\/#primaryimage\"},\"image\":{\"@id\":\"https:\\\/\\\/promis.ro\\\/product\\\/noiman\\\/#primaryimage\"},\"thumbnailUrl\":\"https:\\\/\\\/promis.ro\\\/wp-content\\\/uploads\\\/2025\\\/11\\\/21039-W-1.jpg\",\"datePublished\":\"2025-11-04T23:02:37+00:00\",\"dateModified\":\"2025-11-11T16:40:12+00:00\",\"description\":\"Baterie extern\u0103 auxiliar\u0103 cu 5.000 mAh, realizat\u0103 din extracte de piatr\u0103 natural\u0103 \u00een combina\u021bie cu ABS rezistent. Cu 2 ie\u0219iri USB, conexiune dual\u0103 de\",\"breadcrumb\":{\"@id\":\"https:\\\/\\\/promis.ro\\\/product\\\/noiman\\\/#breadcrumb\"},\"inLanguage\":\"ro-RO\",\"potentialAction\":[{\"@type\":\"ReadAction\",\"target\":[\"https:\\\/\\\/promis.ro\\\/product\\\/noiman\\\/\"]}]},{\"@type\":\"ImageObject\",\"inLanguage\":\"ro-RO\",\"@id\":\"https:\\\/\\\/promis.ro\\\/product\\\/noiman\\\/#primaryimage\",\"url\":\"https:\\\/\\\/promis.ro\\\/wp-content\\\/uploads\\\/2025\\\/11\\\/21039-W-1.jpg\",\"contentUrl\":\"https:\\\/\\\/promis.ro\\\/wp-content\\\/uploads\\\/2025\\\/11\\\/21039-W-1.jpg\",\"width\":1080,\"height\":1080},{\"@type\":\"BreadcrumbList\",\"@id\":\"https:\\\/\\\/promis.ro\\\/product\\\/noiman\\\/#breadcrumb\",\"itemListElement\":[{\"@type\":\"ListItem\",\"position\":1,\"name\":\"Home\",\"item\":\"https:\\\/\\\/promis.ro\\\/\"},{\"@type\":\"ListItem\",\"position\":2,\"name\":\"Magazin\",\"item\":\"https:\\\/\\\/promis.ro\\\/magazin\\\/\"},{\"@type\":\"ListItem\",\"position\":3,\"name\":\"Noiman\"}]},{\"@type\":\"WebSite\",\"@id\":\"https:\\\/\\\/promis.ro\\\/#website\",\"url\":\"https:\\\/\\\/promis.ro\\\/\",\"name\":\"Promis.ro\",\"description\":\"\",\"potentialAction\":[{\"@type\":\"SearchAction\",\"target\":{\"@type\":\"EntryPoint\",\"urlTemplate\":\"https:\\\/\\\/promis.ro\\\/?s={search_term_string}\"},\"query-input\":{\"@type\":\"PropertyValueSpecification\",\"valueRequired\":true,\"valueName\":\"search_term_string\"}}],\"inLanguage\":\"ro-RO\"}]}<\/script>\n<!-- \/ Yoast SEO plugin. -->","yoast_head_json":{"title":"Noiman - Promis.ro","description":"Baterie extern\u0103 auxiliar\u0103 cu 5.000 mAh, realizat\u0103 din extracte de piatr\u0103 natural\u0103 \u00een combina\u021bie cu ABS rezistent. Cu 2 ie\u0219iri USB, conexiune dual\u0103 de","robots":{"index":"index","follow":"follow","max-snippet":"max-snippet:-1","max-image-preview":"max-image-preview:large","max-video-preview":"max-video-preview:-1"},"canonical":"https:\/\/promis.ro\/ro\/produs\/noiman\/","og_locale":"ro_RO","og_type":"article","og_title":"Noiman - Promis.ro","og_description":"Baterie extern\u0103 auxiliar\u0103 cu 5.000 mAh, realizat\u0103 din extracte de piatr\u0103 natural\u0103 \u00een combina\u021bie cu ABS rezistent. Cu 2 ie\u0219iri USB, conexiune dual\u0103 de","og_url":"https:\/\/promis.ro\/ro\/produs\/noiman\/","og_site_name":"Promis.ro","article_modified_time":"2025-11-11T16:40:12+00:00","og_image":[{"width":1080,"height":1080,"url":"https:\/\/promis.ro\/wp-content\/uploads\/2025\/11\/21039-W-1.jpg","type":"image\/jpeg"}],"twitter_card":"summary_large_image","twitter_misc":{"Timp estimat pentru citire":"1 minut"},"schema":{"@context":"https:\/\/schema.org","@graph":[{"@type":"WebPage","@id":"https:\/\/promis.ro\/product\/noiman\/","url":"https:\/\/promis.ro\/product\/noiman\/","name":"Noiman - Promis.ro","isPartOf":{"@id":"https:\/\/promis.ro\/#website"},"primaryImageOfPage":{"@id":"https:\/\/promis.ro\/product\/noiman\/#primaryimage"},"image":{"@id":"https:\/\/promis.ro\/product\/noiman\/#primaryimage"},"thumbnailUrl":"https:\/\/promis.ro\/wp-content\/uploads\/2025\/11\/21039-W-1.jpg","datePublished":"2025-11-04T23:02:37+00:00","dateModified":"2025-11-11T16:40:12+00:00","description":"Baterie extern\u0103 auxiliar\u0103 cu 5.000 mAh, realizat\u0103 din extracte de piatr\u0103 natural\u0103 \u00een combina\u021bie cu ABS rezistent. Cu 2 ie\u0219iri USB, conexiune dual\u0103 de","breadcrumb":{"@id":"https:\/\/promis.ro\/product\/noiman\/#breadcrumb"},"inLanguage":"ro-RO","potentialAction":[{"@type":"ReadAction","target":["https:\/\/promis.ro\/product\/noiman\/"]}]},{"@type":"ImageObject","inLanguage":"ro-RO","@id":"https:\/\/promis.ro\/product\/noiman\/#primaryimage","url":"https:\/\/promis.ro\/wp-content\/uploads\/2025\/11\/21039-W-1.jpg","contentUrl":"https:\/\/promis.ro\/wp-content\/uploads\/2025\/11\/21039-W-1.jpg","width":1080,"height":1080},{"@type":"BreadcrumbList","@id":"https:\/\/promis.ro\/product\/noiman\/#breadcrumb","itemListElement":[{"@type":"ListItem","position":1,"name":"Home","item":"https:\/\/promis.ro\/"},{"@type":"ListItem","position":2,"name":"Magazin","item":"https:\/\/promis.ro\/magazin\/"},{"@type":"ListItem","position":3,"name":"Noiman"}]},{"@type":"WebSite","@id":"https:\/\/promis.ro\/#website","url":"https:\/\/promis.ro\/","name":"Promis.ro","description":"","potentialAction":[{"@type":"SearchAction","target":{"@type":"EntryPoint","urlTemplate":"https:\/\/promis.ro\/?s={search_term_string}"},"query-input":{"@type":"PropertyValueSpecification","valueRequired":true,"valueName":"search_term_string"}}],"inLanguage":"ro-RO"}]}},"_links":{"self":[{"href":"https:\/\/promis.ro\/ro\/wp-json\/wp\/v2\/product\/93051","targetHints":{"allow":["GET"]}}],"collection":[{"href":"https:\/\/promis.ro\/ro\/wp-json\/wp\/v2\/product"}],"about":[{"href":"https:\/\/promis.ro\/ro\/wp-json\/wp\/v2\/types\/product"}],"replies":[{"embeddable":true,"href":"https:\/\/promis.ro\/ro\/wp-json\/wp\/v2\/comments?post=93051"}],"version-history":[{"count":1,"href":"https:\/\/promis.ro\/ro\/wp-json\/wp\/v2\/product\/93051\/revisions"}],"predecessor-version":[{"id":111752,"href":"https:\/\/promis.ro\/ro\/wp-json\/wp\/v2\/product\/93051\/revisions\/111752"}],"wp:featuredmedia":[{"embeddable":true,"href":"https:\/\/promis.ro\/ro\/wp-json\/wp\/v2\/media\/134274"}],"wp:attachment":[{"href":"https:\/\/promis.ro\/ro\/wp-json\/wp\/v2\/media?parent=93051"}],"wp:term":[{"taxonomy":"product_brand","embeddable":true,"href":"https:\/\/promis.ro\/ro\/wp-json\/wp\/v2\/product_brand?post=93051"},{"taxonomy":"product_cat","embeddable":true,"href":"https:\/\/promis.ro\/ro\/wp-json\/wp\/v2\/product_cat?post=93051"},{"taxonomy":"product_tag","embeddable":true,"href":"https:\/\/promis.ro\/ro\/wp-json\/wp\/v2\/product_tag?post=93051"}],"curies":[{"name":"wp","href":"https:\/\/api.w.org\/{rel}","templated":true}]}}