{"id":93054,"date":"2025-11-04T23:02:38","date_gmt":"2025-11-04T23:02:38","guid":{"rendered":"https:\/\/promis.ro\/product\/surgex\/"},"modified":"2025-11-11T16:40:22","modified_gmt":"2025-11-11T16:40:22","slug":"surgex","status":"publish","type":"product","link":"https:\/\/promis.ro\/ro\/produs\/surgex\/","title":{"rendered":"Surgex"},"content":{"rendered":"<p>Cablu de \u00eenc\u0103rcare fabricat din extracte de piatr\u0103 natural\u0103 \u00een combina\u021bie cu ABS rezistent. Cu conexiuni de intrare Type C\/USB \u0219i ie\u0219iri Type C, Lightning \u0219i Micro USB. 5V DC 2.4A. Prezentat \u00eentr-o cutie individual\u0103 cu design kraft. Fabricat din extracte de piatr\u0103 natural\u0103, ajut\u00e2nd la reducerea utiliz\u0103rii plasticului, precum \u0219i oferind un finisaj neted \u0219i rezistent.<\/p>","protected":false},"excerpt":{"rendered":"<p>Cablu de \u00eenc\u0103rcare fabricat din extracte de piatr\u0103 natural\u0103 \u00een combina\u021bie cu ABS rezistent. Cu conexiuni de intrare Type C\/USB<\/p>","protected":false},"featured_media":134285,"comment_status":"open","ping_status":"closed","template":"","meta":[],"product_brand":[],"product_cat":[170],"product_tag":[],"class_list":{"0":"post-93054","1":"product","2":"type-product","3":"status-publish","4":"has-post-thumbnail","6":"product_cat-tehnologie-si-accesorii","8":"first","9":"instock","10":"shipping-taxable","11":"purchasable","12":"product-type-simple"},"yoast_head":"<!-- This site is optimized with the Yoast SEO plugin v27.4 - https:\/\/yoast.com\/product\/yoast-seo-wordpress\/ -->\n<title>Surgex - Promis.ro<\/title>\n<meta name=\"description\" content=\"Cablu de \u00eenc\u0103rcare fabricat din extracte de piatr\u0103 natural\u0103 \u00een combina\u021bie cu ABS rezistent. Cu conexiuni de intrare Type C\/USB \u0219i ie\u0219iri Type C, Lightning\" \/>\n<meta name=\"robots\" content=\"index, follow, max-snippet:-1, max-image-preview:large, max-video-preview:-1\" \/>\n<link rel=\"canonical\" href=\"https:\/\/promis.ro\/ro\/produs\/surgex\/\" \/>\n<meta property=\"og:locale\" content=\"ro_RO\" \/>\n<meta property=\"og:type\" content=\"article\" \/>\n<meta property=\"og:title\" content=\"Surgex - Promis.ro\" \/>\n<meta property=\"og:description\" content=\"Cablu de \u00eenc\u0103rcare fabricat din extracte de piatr\u0103 natural\u0103 \u00een combina\u021bie cu ABS rezistent. Cu conexiuni de intrare Type C\/USB \u0219i ie\u0219iri Type C, Lightning\" \/>\n<meta property=\"og:url\" content=\"https:\/\/promis.ro\/ro\/produs\/surgex\/\" \/>\n<meta property=\"og:site_name\" content=\"Promis.ro\" \/>\n<meta property=\"article:modified_time\" content=\"2025-11-11T16:40:22+00:00\" \/>\n<meta property=\"og:image\" content=\"https:\/\/promis.ro\/wp-content\/uploads\/2025\/11\/21042-W-1.jpg\" \/>\n\t<meta property=\"og:image:width\" content=\"1080\" \/>\n\t<meta property=\"og:image:height\" content=\"1080\" \/>\n\t<meta property=\"og:image:type\" content=\"image\/jpeg\" \/>\n<meta name=\"twitter:card\" content=\"summary_large_image\" \/>\n<script type=\"application\/ld+json\" class=\"yoast-schema-graph\">{\"@context\":\"https:\\\/\\\/schema.org\",\"@graph\":[{\"@type\":\"WebPage\",\"@id\":\"https:\\\/\\\/promis.ro\\\/product\\\/surgex\\\/\",\"url\":\"https:\\\/\\\/promis.ro\\\/product\\\/surgex\\\/\",\"name\":\"Surgex - Promis.ro\",\"isPartOf\":{\"@id\":\"https:\\\/\\\/promis.ro\\\/#website\"},\"primaryImageOfPage\":{\"@id\":\"https:\\\/\\\/promis.ro\\\/product\\\/surgex\\\/#primaryimage\"},\"image\":{\"@id\":\"https:\\\/\\\/promis.ro\\\/product\\\/surgex\\\/#primaryimage\"},\"thumbnailUrl\":\"https:\\\/\\\/promis.ro\\\/wp-content\\\/uploads\\\/2025\\\/11\\\/21042-W-1.jpg\",\"datePublished\":\"2025-11-04T23:02:38+00:00\",\"dateModified\":\"2025-11-11T16:40:22+00:00\",\"description\":\"Cablu de \u00eenc\u0103rcare fabricat din extracte de piatr\u0103 natural\u0103 \u00een combina\u021bie cu ABS rezistent. Cu conexiuni de intrare Type C\\\/USB \u0219i ie\u0219iri Type C, Lightning\",\"breadcrumb\":{\"@id\":\"https:\\\/\\\/promis.ro\\\/product\\\/surgex\\\/#breadcrumb\"},\"inLanguage\":\"ro-RO\",\"potentialAction\":[{\"@type\":\"ReadAction\",\"target\":[\"https:\\\/\\\/promis.ro\\\/product\\\/surgex\\\/\"]}]},{\"@type\":\"ImageObject\",\"inLanguage\":\"ro-RO\",\"@id\":\"https:\\\/\\\/promis.ro\\\/product\\\/surgex\\\/#primaryimage\",\"url\":\"https:\\\/\\\/promis.ro\\\/wp-content\\\/uploads\\\/2025\\\/11\\\/21042-W-1.jpg\",\"contentUrl\":\"https:\\\/\\\/promis.ro\\\/wp-content\\\/uploads\\\/2025\\\/11\\\/21042-W-1.jpg\",\"width\":1080,\"height\":1080},{\"@type\":\"BreadcrumbList\",\"@id\":\"https:\\\/\\\/promis.ro\\\/product\\\/surgex\\\/#breadcrumb\",\"itemListElement\":[{\"@type\":\"ListItem\",\"position\":1,\"name\":\"Home\",\"item\":\"https:\\\/\\\/promis.ro\\\/\"},{\"@type\":\"ListItem\",\"position\":2,\"name\":\"Magazin\",\"item\":\"https:\\\/\\\/promis.ro\\\/magazin\\\/\"},{\"@type\":\"ListItem\",\"position\":3,\"name\":\"Surgex\"}]},{\"@type\":\"WebSite\",\"@id\":\"https:\\\/\\\/promis.ro\\\/#website\",\"url\":\"https:\\\/\\\/promis.ro\\\/\",\"name\":\"Promis.ro\",\"description\":\"\",\"potentialAction\":[{\"@type\":\"SearchAction\",\"target\":{\"@type\":\"EntryPoint\",\"urlTemplate\":\"https:\\\/\\\/promis.ro\\\/?s={search_term_string}\"},\"query-input\":{\"@type\":\"PropertyValueSpecification\",\"valueRequired\":true,\"valueName\":\"search_term_string\"}}],\"inLanguage\":\"ro-RO\"}]}<\/script>\n<!-- \/ Yoast SEO plugin. -->","yoast_head_json":{"title":"Surgex - Promis.ro","description":"Cablu de \u00eenc\u0103rcare fabricat din extracte de piatr\u0103 natural\u0103 \u00een combina\u021bie cu ABS rezistent. Cu conexiuni de intrare Type C\/USB \u0219i ie\u0219iri Type C, Lightning","robots":{"index":"index","follow":"follow","max-snippet":"max-snippet:-1","max-image-preview":"max-image-preview:large","max-video-preview":"max-video-preview:-1"},"canonical":"https:\/\/promis.ro\/ro\/produs\/surgex\/","og_locale":"ro_RO","og_type":"article","og_title":"Surgex - Promis.ro","og_description":"Cablu de \u00eenc\u0103rcare fabricat din extracte de piatr\u0103 natural\u0103 \u00een combina\u021bie cu ABS rezistent. Cu conexiuni de intrare Type C\/USB \u0219i ie\u0219iri Type C, Lightning","og_url":"https:\/\/promis.ro\/ro\/produs\/surgex\/","og_site_name":"Promis.ro","article_modified_time":"2025-11-11T16:40:22+00:00","og_image":[{"width":1080,"height":1080,"url":"https:\/\/promis.ro\/wp-content\/uploads\/2025\/11\/21042-W-1.jpg","type":"image\/jpeg"}],"twitter_card":"summary_large_image","schema":{"@context":"https:\/\/schema.org","@graph":[{"@type":"WebPage","@id":"https:\/\/promis.ro\/product\/surgex\/","url":"https:\/\/promis.ro\/product\/surgex\/","name":"Surgex - Promis.ro","isPartOf":{"@id":"https:\/\/promis.ro\/#website"},"primaryImageOfPage":{"@id":"https:\/\/promis.ro\/product\/surgex\/#primaryimage"},"image":{"@id":"https:\/\/promis.ro\/product\/surgex\/#primaryimage"},"thumbnailUrl":"https:\/\/promis.ro\/wp-content\/uploads\/2025\/11\/21042-W-1.jpg","datePublished":"2025-11-04T23:02:38+00:00","dateModified":"2025-11-11T16:40:22+00:00","description":"Cablu de \u00eenc\u0103rcare fabricat din extracte de piatr\u0103 natural\u0103 \u00een combina\u021bie cu ABS rezistent. Cu conexiuni de intrare Type C\/USB \u0219i ie\u0219iri Type C, Lightning","breadcrumb":{"@id":"https:\/\/promis.ro\/product\/surgex\/#breadcrumb"},"inLanguage":"ro-RO","potentialAction":[{"@type":"ReadAction","target":["https:\/\/promis.ro\/product\/surgex\/"]}]},{"@type":"ImageObject","inLanguage":"ro-RO","@id":"https:\/\/promis.ro\/product\/surgex\/#primaryimage","url":"https:\/\/promis.ro\/wp-content\/uploads\/2025\/11\/21042-W-1.jpg","contentUrl":"https:\/\/promis.ro\/wp-content\/uploads\/2025\/11\/21042-W-1.jpg","width":1080,"height":1080},{"@type":"BreadcrumbList","@id":"https:\/\/promis.ro\/product\/surgex\/#breadcrumb","itemListElement":[{"@type":"ListItem","position":1,"name":"Home","item":"https:\/\/promis.ro\/"},{"@type":"ListItem","position":2,"name":"Magazin","item":"https:\/\/promis.ro\/magazin\/"},{"@type":"ListItem","position":3,"name":"Surgex"}]},{"@type":"WebSite","@id":"https:\/\/promis.ro\/#website","url":"https:\/\/promis.ro\/","name":"Promis.ro","description":"","potentialAction":[{"@type":"SearchAction","target":{"@type":"EntryPoint","urlTemplate":"https:\/\/promis.ro\/?s={search_term_string}"},"query-input":{"@type":"PropertyValueSpecification","valueRequired":true,"valueName":"search_term_string"}}],"inLanguage":"ro-RO"}]}},"_links":{"self":[{"href":"https:\/\/promis.ro\/ro\/wp-json\/wp\/v2\/product\/93054","targetHints":{"allow":["GET"]}}],"collection":[{"href":"https:\/\/promis.ro\/ro\/wp-json\/wp\/v2\/product"}],"about":[{"href":"https:\/\/promis.ro\/ro\/wp-json\/wp\/v2\/types\/product"}],"replies":[{"embeddable":true,"href":"https:\/\/promis.ro\/ro\/wp-json\/wp\/v2\/comments?post=93054"}],"version-history":[{"count":1,"href":"https:\/\/promis.ro\/ro\/wp-json\/wp\/v2\/product\/93054\/revisions"}],"predecessor-version":[{"id":111715,"href":"https:\/\/promis.ro\/ro\/wp-json\/wp\/v2\/product\/93054\/revisions\/111715"}],"wp:featuredmedia":[{"embeddable":true,"href":"https:\/\/promis.ro\/ro\/wp-json\/wp\/v2\/media\/134285"}],"wp:attachment":[{"href":"https:\/\/promis.ro\/ro\/wp-json\/wp\/v2\/media?parent=93054"}],"wp:term":[{"taxonomy":"product_brand","embeddable":true,"href":"https:\/\/promis.ro\/ro\/wp-json\/wp\/v2\/product_brand?post=93054"},{"taxonomy":"product_cat","embeddable":true,"href":"https:\/\/promis.ro\/ro\/wp-json\/wp\/v2\/product_cat?post=93054"},{"taxonomy":"product_tag","embeddable":true,"href":"https:\/\/promis.ro\/ro\/wp-json\/wp\/v2\/product_tag?post=93054"}],"curies":[{"name":"wp","href":"https:\/\/api.w.org\/{rel}","templated":true}]}}