{"id":93055,"date":"2025-11-04T23:02:38","date_gmt":"2025-11-04T23:02:38","guid":{"rendered":"https:\/\/promis.ro\/product\/pek\/"},"modified":"2025-11-11T16:43:24","modified_gmt":"2025-11-11T16:43:24","slug":"pek","status":"publish","type":"product","link":"https:\/\/promis.ro\/ro\/produs\/pek\/","title":{"rendered":"Pek"},"content":{"rendered":"<p>Cablu de \u00eenc\u0103rcare multifunc\u021bional, fabricat din aluminiu reciclat \u0219i cu un design inteligent pentru o stocare convenabil\u0103 a cablurilor de \u00eenc\u0103rcare, precum \u0219i un transport u\u0219or. Inclusiv carabin\u0103 asortat\u0103 \u0219i suport pentru smartphone, cu conexiune Type C (intrare \u0219i ie\u0219ire) \u0219i conexiune dual\u0103 Micro USB \/ Lightning. Disponibil \u00eentr-o varietate de culori cu finisaj metalic \u0219i cu logo-ul Aluminiu Reciclat. Prezentat \u00eentr-un sac reciclabil individual. Aluminiul reciclat este un material cu aproape infinite posibilit\u0103\u021bi de reciclare, p\u0103str\u00e2ndu-\u0219i propriet\u0103\u021bile originale \u0219i consum\u00e2nd mai pu\u021bin\u0103 energie \u00een timpul acestui proces. Certificare GRS (Global Recycled Standard), care garanteaz\u0103 originea reciclat\u0103 a materialului utilizat pentru fabricarea produsului.<\/p>","protected":false},"excerpt":{"rendered":"<p>Cablu de \u00eenc\u0103rcare multifunc\u021bional, fabricat din aluminiu reciclat \u0219i cu un design inteligent pentru o stocare convenabil\u0103 a cablurilor de<\/p>","protected":false},"featured_media":134288,"comment_status":"open","ping_status":"closed","template":"","meta":[],"product_brand":[],"product_cat":[197],"product_tag":[],"class_list":{"0":"post-93055","1":"product","2":"type-product","3":"status-publish","4":"has-post-thumbnail","6":"product_cat-articole-durabile","8":"first","9":"instock","10":"shipping-taxable","11":"purchasable","12":"product-type-variable"},"yoast_head":"<!-- This site is optimized with the Yoast SEO plugin v27.4 - https:\/\/yoast.com\/product\/yoast-seo-wordpress\/ -->\n<title>Pek - Promis.ro<\/title>\n<meta name=\"description\" content=\"Cablu de \u00eenc\u0103rcare multifunc\u021bional, fabricat din aluminiu reciclat \u0219i cu un design inteligent pentru o stocare convenabil\u0103 a cablurilor de \u00eenc\u0103rcare,\" \/>\n<meta name=\"robots\" content=\"index, follow, max-snippet:-1, max-image-preview:large, max-video-preview:-1\" \/>\n<link rel=\"canonical\" href=\"https:\/\/promis.ro\/ro\/produs\/pek\/\" \/>\n<meta property=\"og:locale\" content=\"ro_RO\" \/>\n<meta property=\"og:type\" content=\"article\" \/>\n<meta property=\"og:title\" content=\"Pek - Promis.ro\" \/>\n<meta property=\"og:description\" content=\"Cablu de \u00eenc\u0103rcare multifunc\u021bional, fabricat din aluminiu reciclat \u0219i cu un design inteligent pentru o stocare convenabil\u0103 a cablurilor de \u00eenc\u0103rcare,\" \/>\n<meta property=\"og:url\" content=\"https:\/\/promis.ro\/ro\/produs\/pek\/\" \/>\n<meta property=\"og:site_name\" content=\"Promis.ro\" \/>\n<meta property=\"article:modified_time\" content=\"2025-11-11T16:43:24+00:00\" \/>\n<meta property=\"og:image\" content=\"https:\/\/promis.ro\/wp-content\/uploads\/2025\/11\/21043-W-1.jpg\" \/>\n\t<meta property=\"og:image:width\" content=\"1080\" \/>\n\t<meta property=\"og:image:height\" content=\"1080\" \/>\n\t<meta property=\"og:image:type\" content=\"image\/jpeg\" \/>\n<meta name=\"twitter:card\" content=\"summary_large_image\" \/>\n<meta name=\"twitter:label1\" content=\"Timp estimat pentru citire\" \/>\n\t<meta name=\"twitter:data1\" content=\"1 minut\" \/>\n<script type=\"application\/ld+json\" class=\"yoast-schema-graph\">{\"@context\":\"https:\\\/\\\/schema.org\",\"@graph\":[{\"@type\":\"WebPage\",\"@id\":\"https:\\\/\\\/promis.ro\\\/product\\\/pek\\\/\",\"url\":\"https:\\\/\\\/promis.ro\\\/product\\\/pek\\\/\",\"name\":\"Pek - Promis.ro\",\"isPartOf\":{\"@id\":\"https:\\\/\\\/promis.ro\\\/#website\"},\"primaryImageOfPage\":{\"@id\":\"https:\\\/\\\/promis.ro\\\/product\\\/pek\\\/#primaryimage\"},\"image\":{\"@id\":\"https:\\\/\\\/promis.ro\\\/product\\\/pek\\\/#primaryimage\"},\"thumbnailUrl\":\"https:\\\/\\\/promis.ro\\\/wp-content\\\/uploads\\\/2025\\\/11\\\/21043-W-1.jpg\",\"datePublished\":\"2025-11-04T23:02:38+00:00\",\"dateModified\":\"2025-11-11T16:43:24+00:00\",\"description\":\"Cablu de \u00eenc\u0103rcare multifunc\u021bional, fabricat din aluminiu reciclat \u0219i cu un design inteligent pentru o stocare convenabil\u0103 a cablurilor de \u00eenc\u0103rcare,\",\"breadcrumb\":{\"@id\":\"https:\\\/\\\/promis.ro\\\/product\\\/pek\\\/#breadcrumb\"},\"inLanguage\":\"ro-RO\",\"potentialAction\":[{\"@type\":\"ReadAction\",\"target\":[\"https:\\\/\\\/promis.ro\\\/product\\\/pek\\\/\"]}]},{\"@type\":\"ImageObject\",\"inLanguage\":\"ro-RO\",\"@id\":\"https:\\\/\\\/promis.ro\\\/product\\\/pek\\\/#primaryimage\",\"url\":\"https:\\\/\\\/promis.ro\\\/wp-content\\\/uploads\\\/2025\\\/11\\\/21043-W-1.jpg\",\"contentUrl\":\"https:\\\/\\\/promis.ro\\\/wp-content\\\/uploads\\\/2025\\\/11\\\/21043-W-1.jpg\",\"width\":1080,\"height\":1080},{\"@type\":\"BreadcrumbList\",\"@id\":\"https:\\\/\\\/promis.ro\\\/product\\\/pek\\\/#breadcrumb\",\"itemListElement\":[{\"@type\":\"ListItem\",\"position\":1,\"name\":\"Home\",\"item\":\"https:\\\/\\\/promis.ro\\\/\"},{\"@type\":\"ListItem\",\"position\":2,\"name\":\"Magazin\",\"item\":\"https:\\\/\\\/promis.ro\\\/magazin\\\/\"},{\"@type\":\"ListItem\",\"position\":3,\"name\":\"Pek\"}]},{\"@type\":\"WebSite\",\"@id\":\"https:\\\/\\\/promis.ro\\\/#website\",\"url\":\"https:\\\/\\\/promis.ro\\\/\",\"name\":\"Promis.ro\",\"description\":\"\",\"potentialAction\":[{\"@type\":\"SearchAction\",\"target\":{\"@type\":\"EntryPoint\",\"urlTemplate\":\"https:\\\/\\\/promis.ro\\\/?s={search_term_string}\"},\"query-input\":{\"@type\":\"PropertyValueSpecification\",\"valueRequired\":true,\"valueName\":\"search_term_string\"}}],\"inLanguage\":\"ro-RO\"}]}<\/script>\n<!-- \/ Yoast SEO plugin. -->","yoast_head_json":{"title":"Pek - Promis.ro","description":"Cablu de \u00eenc\u0103rcare multifunc\u021bional, fabricat din aluminiu reciclat \u0219i cu un design inteligent pentru o stocare convenabil\u0103 a cablurilor de \u00eenc\u0103rcare,","robots":{"index":"index","follow":"follow","max-snippet":"max-snippet:-1","max-image-preview":"max-image-preview:large","max-video-preview":"max-video-preview:-1"},"canonical":"https:\/\/promis.ro\/ro\/produs\/pek\/","og_locale":"ro_RO","og_type":"article","og_title":"Pek - Promis.ro","og_description":"Cablu de \u00eenc\u0103rcare multifunc\u021bional, fabricat din aluminiu reciclat \u0219i cu un design inteligent pentru o stocare convenabil\u0103 a cablurilor de \u00eenc\u0103rcare,","og_url":"https:\/\/promis.ro\/ro\/produs\/pek\/","og_site_name":"Promis.ro","article_modified_time":"2025-11-11T16:43:24+00:00","og_image":[{"width":1080,"height":1080,"url":"https:\/\/promis.ro\/wp-content\/uploads\/2025\/11\/21043-W-1.jpg","type":"image\/jpeg"}],"twitter_card":"summary_large_image","twitter_misc":{"Timp estimat pentru citire":"1 minut"},"schema":{"@context":"https:\/\/schema.org","@graph":[{"@type":"WebPage","@id":"https:\/\/promis.ro\/product\/pek\/","url":"https:\/\/promis.ro\/product\/pek\/","name":"Pek - Promis.ro","isPartOf":{"@id":"https:\/\/promis.ro\/#website"},"primaryImageOfPage":{"@id":"https:\/\/promis.ro\/product\/pek\/#primaryimage"},"image":{"@id":"https:\/\/promis.ro\/product\/pek\/#primaryimage"},"thumbnailUrl":"https:\/\/promis.ro\/wp-content\/uploads\/2025\/11\/21043-W-1.jpg","datePublished":"2025-11-04T23:02:38+00:00","dateModified":"2025-11-11T16:43:24+00:00","description":"Cablu de \u00eenc\u0103rcare multifunc\u021bional, fabricat din aluminiu reciclat \u0219i cu un design inteligent pentru o stocare convenabil\u0103 a cablurilor de \u00eenc\u0103rcare,","breadcrumb":{"@id":"https:\/\/promis.ro\/product\/pek\/#breadcrumb"},"inLanguage":"ro-RO","potentialAction":[{"@type":"ReadAction","target":["https:\/\/promis.ro\/product\/pek\/"]}]},{"@type":"ImageObject","inLanguage":"ro-RO","@id":"https:\/\/promis.ro\/product\/pek\/#primaryimage","url":"https:\/\/promis.ro\/wp-content\/uploads\/2025\/11\/21043-W-1.jpg","contentUrl":"https:\/\/promis.ro\/wp-content\/uploads\/2025\/11\/21043-W-1.jpg","width":1080,"height":1080},{"@type":"BreadcrumbList","@id":"https:\/\/promis.ro\/product\/pek\/#breadcrumb","itemListElement":[{"@type":"ListItem","position":1,"name":"Home","item":"https:\/\/promis.ro\/"},{"@type":"ListItem","position":2,"name":"Magazin","item":"https:\/\/promis.ro\/magazin\/"},{"@type":"ListItem","position":3,"name":"Pek"}]},{"@type":"WebSite","@id":"https:\/\/promis.ro\/#website","url":"https:\/\/promis.ro\/","name":"Promis.ro","description":"","potentialAction":[{"@type":"SearchAction","target":{"@type":"EntryPoint","urlTemplate":"https:\/\/promis.ro\/?s={search_term_string}"},"query-input":{"@type":"PropertyValueSpecification","valueRequired":true,"valueName":"search_term_string"}}],"inLanguage":"ro-RO"}]}},"_links":{"self":[{"href":"https:\/\/promis.ro\/ro\/wp-json\/wp\/v2\/product\/93055","targetHints":{"allow":["GET"]}}],"collection":[{"href":"https:\/\/promis.ro\/ro\/wp-json\/wp\/v2\/product"}],"about":[{"href":"https:\/\/promis.ro\/ro\/wp-json\/wp\/v2\/types\/product"}],"replies":[{"embeddable":true,"href":"https:\/\/promis.ro\/ro\/wp-json\/wp\/v2\/comments?post=93055"}],"version-history":[{"count":1,"href":"https:\/\/promis.ro\/ro\/wp-json\/wp\/v2\/product\/93055\/revisions"}],"predecessor-version":[{"id":111734,"href":"https:\/\/promis.ro\/ro\/wp-json\/wp\/v2\/product\/93055\/revisions\/111734"}],"wp:featuredmedia":[{"embeddable":true,"href":"https:\/\/promis.ro\/ro\/wp-json\/wp\/v2\/media\/134288"}],"wp:attachment":[{"href":"https:\/\/promis.ro\/ro\/wp-json\/wp\/v2\/media?parent=93055"}],"wp:term":[{"taxonomy":"product_brand","embeddable":true,"href":"https:\/\/promis.ro\/ro\/wp-json\/wp\/v2\/product_brand?post=93055"},{"taxonomy":"product_cat","embeddable":true,"href":"https:\/\/promis.ro\/ro\/wp-json\/wp\/v2\/product_cat?post=93055"},{"taxonomy":"product_tag","embeddable":true,"href":"https:\/\/promis.ro\/ro\/wp-json\/wp\/v2\/product_tag?post=93055"}],"curies":[{"name":"wp","href":"https:\/\/api.w.org\/{rel}","templated":true}]}}