{"id":93056,"date":"2025-11-04T23:02:39","date_gmt":"2025-11-04T23:02:39","guid":{"rendered":"https:\/\/promis.ro\/product\/gustaf\/"},"modified":"2025-11-11T16:40:32","modified_gmt":"2025-11-11T16:40:32","slug":"gustaf","status":"publish","type":"product","link":"https:\/\/promis.ro\/ro\/produs\/gustaf\/","title":{"rendered":"Gustaf"},"content":{"rendered":"<p>Baterie extern\u0103 auxiliar\u0103 cu re\u00eenc\u0103rcare solar\u0103, fabricat\u0103 din bambus. Capacitate de \u00eenc\u0103rcare de 5.000 mAh \u0219i \u00eenc\u0103rc\u0103tor wireless integrat de 15W. Ie\u0219ire de tip C \u0219i intr\u0103ri -cablu inclus-, \u0219i indicator de stare a \u00eenc\u0103rc\u0103rii. Compatibil\u0103 cu dispozitive echipate cu tehnologie de \u00eenc\u0103rcare wireless. Cu panou solar integrat pe o parte a dispozitivului \u0219i suprafa\u021b\u0103 mare pentru branding. Prezentat\u0103 \u00eentr-o cutie atractiv\u0103 cu design ecologic. Capacit\u0103\u021bile afi\u0219ate \u00een toate bateriile noastre externe auxiliare sunt reale, toate \u00eencorpor\u00e2nd baterii de grad A, nereciclate, cu o durat\u0103 de via\u021b\u0103 de cel pu\u021bin 500 de cicluri de \u00eenc\u0103rcare \u0219i respect\u00e2nd reglement\u0103rile CE. \u00cen plus, sunt fabricate conform standardelor RoHS \u0219i \u00een conformitate cu urm\u0103toarele cerin\u021be de siguran\u021b\u0103: sistem de protec\u021bie \u00eempotriva supra\u00eenc\u0103rc\u0103rii power bank-ului. Sistem complet de protec\u021bie \u00eempotriva desc\u0103rc\u0103rii, care cre\u0219te durabilitatea power bank-ului. Sistem de blocare pentru a preveni scurtcircuitele. Sistem constant de transfer al \u00eenc\u0103rc\u0103rii, \u00een conformitate cu capacitatea dispozitivului \u021bint\u0103.<\/p>","protected":false},"excerpt":{"rendered":"<p>Baterie extern\u0103 auxiliar\u0103 cu re\u00eenc\u0103rcare solar\u0103, fabricat\u0103 din bambus. Capacitate de \u00eenc\u0103rcare de 5.000 mAh \u0219i \u00eenc\u0103rc\u0103tor wireless integrat de<\/p>","protected":false},"featured_media":134292,"comment_status":"open","ping_status":"closed","template":"","meta":[],"product_brand":[],"product_cat":[197],"product_tag":[],"class_list":{"0":"post-93056","1":"product","2":"type-product","3":"status-publish","4":"has-post-thumbnail","6":"product_cat-articole-durabile","8":"first","9":"outofstock","10":"shipping-taxable","11":"purchasable","12":"product-type-simple"},"yoast_head":"<!-- This site is optimized with the Yoast SEO plugin v27.4 - https:\/\/yoast.com\/product\/yoast-seo-wordpress\/ -->\n<title>Gustaf - Promis.ro<\/title>\n<meta name=\"description\" content=\"Baterie extern\u0103 auxiliar\u0103 cu re\u00eenc\u0103rcare solar\u0103, fabricat\u0103 din bambus. Capacitate de \u00eenc\u0103rcare de 5.000 mAh \u0219i \u00eenc\u0103rc\u0103tor wireless integrat de 15W. Ie\u0219ire\" \/>\n<meta name=\"robots\" content=\"index, follow, max-snippet:-1, max-image-preview:large, max-video-preview:-1\" \/>\n<link rel=\"canonical\" href=\"https:\/\/promis.ro\/ro\/produs\/gustaf\/\" \/>\n<meta property=\"og:locale\" content=\"ro_RO\" \/>\n<meta property=\"og:type\" content=\"article\" \/>\n<meta property=\"og:title\" content=\"Gustaf - Promis.ro\" \/>\n<meta property=\"og:description\" content=\"Baterie extern\u0103 auxiliar\u0103 cu re\u00eenc\u0103rcare solar\u0103, fabricat\u0103 din bambus. Capacitate de \u00eenc\u0103rcare de 5.000 mAh \u0219i \u00eenc\u0103rc\u0103tor wireless integrat de 15W. Ie\u0219ire\" \/>\n<meta property=\"og:url\" content=\"https:\/\/promis.ro\/ro\/produs\/gustaf\/\" \/>\n<meta property=\"og:site_name\" content=\"Promis.ro\" \/>\n<meta property=\"article:modified_time\" content=\"2025-11-11T16:40:32+00:00\" \/>\n<meta property=\"og:image\" content=\"https:\/\/promis.ro\/wp-content\/uploads\/2025\/11\/21045-W-1.jpg\" \/>\n\t<meta property=\"og:image:width\" content=\"1080\" \/>\n\t<meta property=\"og:image:height\" content=\"1080\" \/>\n\t<meta property=\"og:image:type\" content=\"image\/jpeg\" \/>\n<meta name=\"twitter:card\" content=\"summary_large_image\" \/>\n<meta name=\"twitter:label1\" content=\"Timp estimat pentru citire\" \/>\n\t<meta name=\"twitter:data1\" content=\"1 minut\" \/>\n<script type=\"application\/ld+json\" class=\"yoast-schema-graph\">{\"@context\":\"https:\\\/\\\/schema.org\",\"@graph\":[{\"@type\":\"WebPage\",\"@id\":\"https:\\\/\\\/promis.ro\\\/product\\\/gustaf\\\/\",\"url\":\"https:\\\/\\\/promis.ro\\\/product\\\/gustaf\\\/\",\"name\":\"Gustaf - Promis.ro\",\"isPartOf\":{\"@id\":\"https:\\\/\\\/promis.ro\\\/#website\"},\"primaryImageOfPage\":{\"@id\":\"https:\\\/\\\/promis.ro\\\/product\\\/gustaf\\\/#primaryimage\"},\"image\":{\"@id\":\"https:\\\/\\\/promis.ro\\\/product\\\/gustaf\\\/#primaryimage\"},\"thumbnailUrl\":\"https:\\\/\\\/promis.ro\\\/wp-content\\\/uploads\\\/2025\\\/11\\\/21045-W-1.jpg\",\"datePublished\":\"2025-11-04T23:02:39+00:00\",\"dateModified\":\"2025-11-11T16:40:32+00:00\",\"description\":\"Baterie extern\u0103 auxiliar\u0103 cu re\u00eenc\u0103rcare solar\u0103, fabricat\u0103 din bambus. Capacitate de \u00eenc\u0103rcare de 5.000 mAh \u0219i \u00eenc\u0103rc\u0103tor wireless integrat de 15W. Ie\u0219ire\",\"breadcrumb\":{\"@id\":\"https:\\\/\\\/promis.ro\\\/product\\\/gustaf\\\/#breadcrumb\"},\"inLanguage\":\"ro-RO\",\"potentialAction\":[{\"@type\":\"ReadAction\",\"target\":[\"https:\\\/\\\/promis.ro\\\/product\\\/gustaf\\\/\"]}]},{\"@type\":\"ImageObject\",\"inLanguage\":\"ro-RO\",\"@id\":\"https:\\\/\\\/promis.ro\\\/product\\\/gustaf\\\/#primaryimage\",\"url\":\"https:\\\/\\\/promis.ro\\\/wp-content\\\/uploads\\\/2025\\\/11\\\/21045-W-1.jpg\",\"contentUrl\":\"https:\\\/\\\/promis.ro\\\/wp-content\\\/uploads\\\/2025\\\/11\\\/21045-W-1.jpg\",\"width\":1080,\"height\":1080},{\"@type\":\"BreadcrumbList\",\"@id\":\"https:\\\/\\\/promis.ro\\\/product\\\/gustaf\\\/#breadcrumb\",\"itemListElement\":[{\"@type\":\"ListItem\",\"position\":1,\"name\":\"Home\",\"item\":\"https:\\\/\\\/promis.ro\\\/\"},{\"@type\":\"ListItem\",\"position\":2,\"name\":\"Magazin\",\"item\":\"https:\\\/\\\/promis.ro\\\/magazin\\\/\"},{\"@type\":\"ListItem\",\"position\":3,\"name\":\"Gustaf\"}]},{\"@type\":\"WebSite\",\"@id\":\"https:\\\/\\\/promis.ro\\\/#website\",\"url\":\"https:\\\/\\\/promis.ro\\\/\",\"name\":\"Promis.ro\",\"description\":\"\",\"potentialAction\":[{\"@type\":\"SearchAction\",\"target\":{\"@type\":\"EntryPoint\",\"urlTemplate\":\"https:\\\/\\\/promis.ro\\\/?s={search_term_string}\"},\"query-input\":{\"@type\":\"PropertyValueSpecification\",\"valueRequired\":true,\"valueName\":\"search_term_string\"}}],\"inLanguage\":\"ro-RO\"}]}<\/script>\n<!-- \/ Yoast SEO plugin. -->","yoast_head_json":{"title":"Gustaf - Promis.ro","description":"Baterie extern\u0103 auxiliar\u0103 cu re\u00eenc\u0103rcare solar\u0103, fabricat\u0103 din bambus. Capacitate de \u00eenc\u0103rcare de 5.000 mAh \u0219i \u00eenc\u0103rc\u0103tor wireless integrat de 15W. Ie\u0219ire","robots":{"index":"index","follow":"follow","max-snippet":"max-snippet:-1","max-image-preview":"max-image-preview:large","max-video-preview":"max-video-preview:-1"},"canonical":"https:\/\/promis.ro\/ro\/produs\/gustaf\/","og_locale":"ro_RO","og_type":"article","og_title":"Gustaf - Promis.ro","og_description":"Baterie extern\u0103 auxiliar\u0103 cu re\u00eenc\u0103rcare solar\u0103, fabricat\u0103 din bambus. Capacitate de \u00eenc\u0103rcare de 5.000 mAh \u0219i \u00eenc\u0103rc\u0103tor wireless integrat de 15W. Ie\u0219ire","og_url":"https:\/\/promis.ro\/ro\/produs\/gustaf\/","og_site_name":"Promis.ro","article_modified_time":"2025-11-11T16:40:32+00:00","og_image":[{"width":1080,"height":1080,"url":"https:\/\/promis.ro\/wp-content\/uploads\/2025\/11\/21045-W-1.jpg","type":"image\/jpeg"}],"twitter_card":"summary_large_image","twitter_misc":{"Timp estimat pentru citire":"1 minut"},"schema":{"@context":"https:\/\/schema.org","@graph":[{"@type":"WebPage","@id":"https:\/\/promis.ro\/product\/gustaf\/","url":"https:\/\/promis.ro\/product\/gustaf\/","name":"Gustaf - Promis.ro","isPartOf":{"@id":"https:\/\/promis.ro\/#website"},"primaryImageOfPage":{"@id":"https:\/\/promis.ro\/product\/gustaf\/#primaryimage"},"image":{"@id":"https:\/\/promis.ro\/product\/gustaf\/#primaryimage"},"thumbnailUrl":"https:\/\/promis.ro\/wp-content\/uploads\/2025\/11\/21045-W-1.jpg","datePublished":"2025-11-04T23:02:39+00:00","dateModified":"2025-11-11T16:40:32+00:00","description":"Baterie extern\u0103 auxiliar\u0103 cu re\u00eenc\u0103rcare solar\u0103, fabricat\u0103 din bambus. Capacitate de \u00eenc\u0103rcare de 5.000 mAh \u0219i \u00eenc\u0103rc\u0103tor wireless integrat de 15W. Ie\u0219ire","breadcrumb":{"@id":"https:\/\/promis.ro\/product\/gustaf\/#breadcrumb"},"inLanguage":"ro-RO","potentialAction":[{"@type":"ReadAction","target":["https:\/\/promis.ro\/product\/gustaf\/"]}]},{"@type":"ImageObject","inLanguage":"ro-RO","@id":"https:\/\/promis.ro\/product\/gustaf\/#primaryimage","url":"https:\/\/promis.ro\/wp-content\/uploads\/2025\/11\/21045-W-1.jpg","contentUrl":"https:\/\/promis.ro\/wp-content\/uploads\/2025\/11\/21045-W-1.jpg","width":1080,"height":1080},{"@type":"BreadcrumbList","@id":"https:\/\/promis.ro\/product\/gustaf\/#breadcrumb","itemListElement":[{"@type":"ListItem","position":1,"name":"Home","item":"https:\/\/promis.ro\/"},{"@type":"ListItem","position":2,"name":"Magazin","item":"https:\/\/promis.ro\/magazin\/"},{"@type":"ListItem","position":3,"name":"Gustaf"}]},{"@type":"WebSite","@id":"https:\/\/promis.ro\/#website","url":"https:\/\/promis.ro\/","name":"Promis.ro","description":"","potentialAction":[{"@type":"SearchAction","target":{"@type":"EntryPoint","urlTemplate":"https:\/\/promis.ro\/?s={search_term_string}"},"query-input":{"@type":"PropertyValueSpecification","valueRequired":true,"valueName":"search_term_string"}}],"inLanguage":"ro-RO"}]}},"_links":{"self":[{"href":"https:\/\/promis.ro\/ro\/wp-json\/wp\/v2\/product\/93056","targetHints":{"allow":["GET"]}}],"collection":[{"href":"https:\/\/promis.ro\/ro\/wp-json\/wp\/v2\/product"}],"about":[{"href":"https:\/\/promis.ro\/ro\/wp-json\/wp\/v2\/types\/product"}],"replies":[{"embeddable":true,"href":"https:\/\/promis.ro\/ro\/wp-json\/wp\/v2\/comments?post=93056"}],"version-history":[{"count":1,"href":"https:\/\/promis.ro\/ro\/wp-json\/wp\/v2\/product\/93056\/revisions"}],"predecessor-version":[{"id":111728,"href":"https:\/\/promis.ro\/ro\/wp-json\/wp\/v2\/product\/93056\/revisions\/111728"}],"wp:featuredmedia":[{"embeddable":true,"href":"https:\/\/promis.ro\/ro\/wp-json\/wp\/v2\/media\/134292"}],"wp:attachment":[{"href":"https:\/\/promis.ro\/ro\/wp-json\/wp\/v2\/media?parent=93056"}],"wp:term":[{"taxonomy":"product_brand","embeddable":true,"href":"https:\/\/promis.ro\/ro\/wp-json\/wp\/v2\/product_brand?post=93056"},{"taxonomy":"product_cat","embeddable":true,"href":"https:\/\/promis.ro\/ro\/wp-json\/wp\/v2\/product_cat?post=93056"},{"taxonomy":"product_tag","embeddable":true,"href":"https:\/\/promis.ro\/ro\/wp-json\/wp\/v2\/product_tag?post=93056"}],"curies":[{"name":"wp","href":"https:\/\/api.w.org\/{rel}","templated":true}]}}