{"id":93057,"date":"2025-11-04T23:02:39","date_gmt":"2025-11-04T23:02:39","guid":{"rendered":"https:\/\/promis.ro\/product\/makarzur\/"},"modified":"2025-11-11T16:43:21","modified_gmt":"2025-11-11T16:43:21","slug":"makarzur","status":"publish","type":"product","link":"https:\/\/promis.ro\/ro\/produs\/makarzur\/","title":{"rendered":"Makarzur"},"content":{"rendered":"<p>Rucsac pentru documente fabricat din 600D RPET durabil. Dispune de un design urban cu un buzunar central cu \u00eenchidere cu fermoar \u0219i dublu cursor. Cu o c\u0103ptu\u0219eal\u0103 interioar\u0103 pentru laptopuri de p\u00e2n\u0103 la 15 inci, un buzunar suplimentar cu \u00eenchidere cu fermoar dublu \u0219i un buzunar frontal. Bretelele \u0219i spatele sunt c\u0103ptu\u0219ite \u0219i ajustabile pentru un confort sporit. Poate fi purtat \u00een trei moduri diferite: ca rucsac, cu bretele c\u0103ptu\u0219ite; ca suport pentru documente, cu o m\u00e2nere c\u0103ptu\u0219it; \u0219i ca geant\u0103 de um\u0103r cu o bretea lung\u0103, ajustabil\u0103. Este disponibil \u00een trei culori elegante \u0219i este prezentat \u00eentr-un mod sofisticat \u00eentr-o pung\u0103 individual\u0103 din material reciclat. Materialul RPET este fabricat din plastic reciclat pentru a \u00eencuraja reutilizarea de\u0219eurilor plastice \u0219i a ajuta la sustenabilitatea planetei.<\/p>","protected":false},"excerpt":{"rendered":"<p>Rucsac pentru documente fabricat din 600D RPET durabil. Dispune de un design urban cu un buzunar central cu \u00eenchidere cu<\/p>","protected":false},"featured_media":134297,"comment_status":"open","ping_status":"closed","template":"","meta":[],"product_brand":[],"product_cat":[197],"product_tag":[],"class_list":{"0":"post-93057","1":"product","2":"type-product","3":"status-publish","4":"has-post-thumbnail","6":"product_cat-articole-durabile","8":"first","9":"instock","10":"shipping-taxable","11":"purchasable","12":"product-type-variable"},"yoast_head":"<!-- This site is optimized with the Yoast SEO plugin v27.4 - https:\/\/yoast.com\/product\/yoast-seo-wordpress\/ -->\n<title>Makarzur - Promis.ro<\/title>\n<meta name=\"description\" content=\"Rucsac pentru documente fabricat din 600D RPET durabil. Dispune de un design urban cu un buzunar central cu \u00eenchidere cu fermoar \u0219i dublu cursor. Cu o\" \/>\n<meta name=\"robots\" content=\"index, follow, max-snippet:-1, max-image-preview:large, max-video-preview:-1\" \/>\n<link rel=\"canonical\" href=\"https:\/\/promis.ro\/ro\/produs\/makarzur\/\" \/>\n<meta property=\"og:locale\" content=\"ro_RO\" \/>\n<meta property=\"og:type\" content=\"article\" \/>\n<meta property=\"og:title\" content=\"Makarzur - Promis.ro\" \/>\n<meta property=\"og:description\" content=\"Rucsac pentru documente fabricat din 600D RPET durabil. Dispune de un design urban cu un buzunar central cu \u00eenchidere cu fermoar \u0219i dublu cursor. Cu o\" \/>\n<meta property=\"og:url\" content=\"https:\/\/promis.ro\/ro\/produs\/makarzur\/\" \/>\n<meta property=\"og:site_name\" content=\"Promis.ro\" \/>\n<meta property=\"article:modified_time\" content=\"2025-11-11T16:43:21+00:00\" \/>\n<meta property=\"og:image\" content=\"https:\/\/promis.ro\/wp-content\/uploads\/2025\/11\/21046-W-1.jpg\" \/>\n\t<meta property=\"og:image:width\" content=\"1080\" \/>\n\t<meta property=\"og:image:height\" content=\"1080\" \/>\n\t<meta property=\"og:image:type\" content=\"image\/jpeg\" \/>\n<meta name=\"twitter:card\" content=\"summary_large_image\" \/>\n<meta name=\"twitter:label1\" content=\"Timp estimat pentru citire\" \/>\n\t<meta name=\"twitter:data1\" content=\"1 minut\" \/>\n<script type=\"application\/ld+json\" class=\"yoast-schema-graph\">{\"@context\":\"https:\\\/\\\/schema.org\",\"@graph\":[{\"@type\":\"WebPage\",\"@id\":\"https:\\\/\\\/promis.ro\\\/product\\\/makarzur\\\/\",\"url\":\"https:\\\/\\\/promis.ro\\\/product\\\/makarzur\\\/\",\"name\":\"Makarzur - Promis.ro\",\"isPartOf\":{\"@id\":\"https:\\\/\\\/promis.ro\\\/#website\"},\"primaryImageOfPage\":{\"@id\":\"https:\\\/\\\/promis.ro\\\/product\\\/makarzur\\\/#primaryimage\"},\"image\":{\"@id\":\"https:\\\/\\\/promis.ro\\\/product\\\/makarzur\\\/#primaryimage\"},\"thumbnailUrl\":\"https:\\\/\\\/promis.ro\\\/wp-content\\\/uploads\\\/2025\\\/11\\\/21046-W-1.jpg\",\"datePublished\":\"2025-11-04T23:02:39+00:00\",\"dateModified\":\"2025-11-11T16:43:21+00:00\",\"description\":\"Rucsac pentru documente fabricat din 600D RPET durabil. Dispune de un design urban cu un buzunar central cu \u00eenchidere cu fermoar \u0219i dublu cursor. Cu o\",\"breadcrumb\":{\"@id\":\"https:\\\/\\\/promis.ro\\\/product\\\/makarzur\\\/#breadcrumb\"},\"inLanguage\":\"ro-RO\",\"potentialAction\":[{\"@type\":\"ReadAction\",\"target\":[\"https:\\\/\\\/promis.ro\\\/product\\\/makarzur\\\/\"]}]},{\"@type\":\"ImageObject\",\"inLanguage\":\"ro-RO\",\"@id\":\"https:\\\/\\\/promis.ro\\\/product\\\/makarzur\\\/#primaryimage\",\"url\":\"https:\\\/\\\/promis.ro\\\/wp-content\\\/uploads\\\/2025\\\/11\\\/21046-W-1.jpg\",\"contentUrl\":\"https:\\\/\\\/promis.ro\\\/wp-content\\\/uploads\\\/2025\\\/11\\\/21046-W-1.jpg\",\"width\":1080,\"height\":1080},{\"@type\":\"BreadcrumbList\",\"@id\":\"https:\\\/\\\/promis.ro\\\/product\\\/makarzur\\\/#breadcrumb\",\"itemListElement\":[{\"@type\":\"ListItem\",\"position\":1,\"name\":\"Home\",\"item\":\"https:\\\/\\\/promis.ro\\\/\"},{\"@type\":\"ListItem\",\"position\":2,\"name\":\"Magazin\",\"item\":\"https:\\\/\\\/promis.ro\\\/magazin\\\/\"},{\"@type\":\"ListItem\",\"position\":3,\"name\":\"Makarzur\"}]},{\"@type\":\"WebSite\",\"@id\":\"https:\\\/\\\/promis.ro\\\/#website\",\"url\":\"https:\\\/\\\/promis.ro\\\/\",\"name\":\"Promis.ro\",\"description\":\"\",\"potentialAction\":[{\"@type\":\"SearchAction\",\"target\":{\"@type\":\"EntryPoint\",\"urlTemplate\":\"https:\\\/\\\/promis.ro\\\/?s={search_term_string}\"},\"query-input\":{\"@type\":\"PropertyValueSpecification\",\"valueRequired\":true,\"valueName\":\"search_term_string\"}}],\"inLanguage\":\"ro-RO\"}]}<\/script>\n<!-- \/ Yoast SEO plugin. -->","yoast_head_json":{"title":"Makarzur - Promis.ro","description":"Rucsac pentru documente fabricat din 600D RPET durabil. Dispune de un design urban cu un buzunar central cu \u00eenchidere cu fermoar \u0219i dublu cursor. Cu o","robots":{"index":"index","follow":"follow","max-snippet":"max-snippet:-1","max-image-preview":"max-image-preview:large","max-video-preview":"max-video-preview:-1"},"canonical":"https:\/\/promis.ro\/ro\/produs\/makarzur\/","og_locale":"ro_RO","og_type":"article","og_title":"Makarzur - Promis.ro","og_description":"Rucsac pentru documente fabricat din 600D RPET durabil. Dispune de un design urban cu un buzunar central cu \u00eenchidere cu fermoar \u0219i dublu cursor. Cu o","og_url":"https:\/\/promis.ro\/ro\/produs\/makarzur\/","og_site_name":"Promis.ro","article_modified_time":"2025-11-11T16:43:21+00:00","og_image":[{"width":1080,"height":1080,"url":"https:\/\/promis.ro\/wp-content\/uploads\/2025\/11\/21046-W-1.jpg","type":"image\/jpeg"}],"twitter_card":"summary_large_image","twitter_misc":{"Timp estimat pentru citire":"1 minut"},"schema":{"@context":"https:\/\/schema.org","@graph":[{"@type":"WebPage","@id":"https:\/\/promis.ro\/product\/makarzur\/","url":"https:\/\/promis.ro\/product\/makarzur\/","name":"Makarzur - Promis.ro","isPartOf":{"@id":"https:\/\/promis.ro\/#website"},"primaryImageOfPage":{"@id":"https:\/\/promis.ro\/product\/makarzur\/#primaryimage"},"image":{"@id":"https:\/\/promis.ro\/product\/makarzur\/#primaryimage"},"thumbnailUrl":"https:\/\/promis.ro\/wp-content\/uploads\/2025\/11\/21046-W-1.jpg","datePublished":"2025-11-04T23:02:39+00:00","dateModified":"2025-11-11T16:43:21+00:00","description":"Rucsac pentru documente fabricat din 600D RPET durabil. Dispune de un design urban cu un buzunar central cu \u00eenchidere cu fermoar \u0219i dublu cursor. Cu o","breadcrumb":{"@id":"https:\/\/promis.ro\/product\/makarzur\/#breadcrumb"},"inLanguage":"ro-RO","potentialAction":[{"@type":"ReadAction","target":["https:\/\/promis.ro\/product\/makarzur\/"]}]},{"@type":"ImageObject","inLanguage":"ro-RO","@id":"https:\/\/promis.ro\/product\/makarzur\/#primaryimage","url":"https:\/\/promis.ro\/wp-content\/uploads\/2025\/11\/21046-W-1.jpg","contentUrl":"https:\/\/promis.ro\/wp-content\/uploads\/2025\/11\/21046-W-1.jpg","width":1080,"height":1080},{"@type":"BreadcrumbList","@id":"https:\/\/promis.ro\/product\/makarzur\/#breadcrumb","itemListElement":[{"@type":"ListItem","position":1,"name":"Home","item":"https:\/\/promis.ro\/"},{"@type":"ListItem","position":2,"name":"Magazin","item":"https:\/\/promis.ro\/magazin\/"},{"@type":"ListItem","position":3,"name":"Makarzur"}]},{"@type":"WebSite","@id":"https:\/\/promis.ro\/#website","url":"https:\/\/promis.ro\/","name":"Promis.ro","description":"","potentialAction":[{"@type":"SearchAction","target":{"@type":"EntryPoint","urlTemplate":"https:\/\/promis.ro\/?s={search_term_string}"},"query-input":{"@type":"PropertyValueSpecification","valueRequired":true,"valueName":"search_term_string"}}],"inLanguage":"ro-RO"}]}},"_links":{"self":[{"href":"https:\/\/promis.ro\/ro\/wp-json\/wp\/v2\/product\/93057","targetHints":{"allow":["GET"]}}],"collection":[{"href":"https:\/\/promis.ro\/ro\/wp-json\/wp\/v2\/product"}],"about":[{"href":"https:\/\/promis.ro\/ro\/wp-json\/wp\/v2\/types\/product"}],"replies":[{"embeddable":true,"href":"https:\/\/promis.ro\/ro\/wp-json\/wp\/v2\/comments?post=93057"}],"version-history":[{"count":1,"href":"https:\/\/promis.ro\/ro\/wp-json\/wp\/v2\/product\/93057\/revisions"}],"predecessor-version":[{"id":111742,"href":"https:\/\/promis.ro\/ro\/wp-json\/wp\/v2\/product\/93057\/revisions\/111742"}],"wp:featuredmedia":[{"embeddable":true,"href":"https:\/\/promis.ro\/ro\/wp-json\/wp\/v2\/media\/134297"}],"wp:attachment":[{"href":"https:\/\/promis.ro\/ro\/wp-json\/wp\/v2\/media?parent=93057"}],"wp:term":[{"taxonomy":"product_brand","embeddable":true,"href":"https:\/\/promis.ro\/ro\/wp-json\/wp\/v2\/product_brand?post=93057"},{"taxonomy":"product_cat","embeddable":true,"href":"https:\/\/promis.ro\/ro\/wp-json\/wp\/v2\/product_cat?post=93057"},{"taxonomy":"product_tag","embeddable":true,"href":"https:\/\/promis.ro\/ro\/wp-json\/wp\/v2\/product_tag?post=93057"}],"curies":[{"name":"wp","href":"https:\/\/api.w.org\/{rel}","templated":true}]}}