{"id":93060,"date":"2025-11-04T23:02:40","date_gmt":"2025-11-04T23:02:40","guid":{"rendered":"https:\/\/promis.ro\/product\/hailton\/"},"modified":"2025-11-11T16:43:54","modified_gmt":"2025-11-11T16:43:54","slug":"hailton","status":"publish","type":"product","link":"https:\/\/promis.ro\/ro\/produs\/hailton\/","title":{"rendered":"Hailton"},"content":{"rendered":"<p>Cheie de birou realizat\u0103 dintr-o combina\u021bie de baz\u0103 metalic\u0103 \u0219i laturi din fetru RPET. Disponibil\u0103 \u00een design circular; \u00een design rectangular cu col\u021buri rotunjite; \u0219i \u00een forme de cas\u0103 \u0219i ma\u0219in\u0103. Cu o zon\u0103 mare de branding \u0219i logo RPET \u00een fa\u021b\u0103. Prezentat\u0103 \u00eentr-un sac individual din h\u00e2rtie reciclat\u0103. Fetru RPET este rezultatul combina\u021biei proceselor de reciclare a materialelor plastice \u00eempreun\u0103 cu tehnica milenar\u0103 de fabricare a fetelui, rezult\u00e2nd un material eco-trend care, pe l\u00e2ng\u0103 faptul c\u0103 este de origine reciclat\u0103, devine \u0219i reciclabil.<\/p>","protected":false},"excerpt":{"rendered":"<p>Cheie de birou realizat\u0103 dintr-o combina\u021bie de baz\u0103 metalic\u0103 \u0219i laturi din fetru RPET. Disponibil\u0103 \u00een design circular; \u00een design<\/p>","protected":false},"featured_media":134311,"comment_status":"open","ping_status":"closed","template":"","meta":[],"product_brand":[],"product_cat":[197],"product_tag":[],"class_list":{"0":"post-93060","1":"product","2":"type-product","3":"status-publish","4":"has-post-thumbnail","6":"product_cat-articole-durabile","8":"first","9":"instock","10":"shipping-taxable","11":"purchasable","12":"product-type-variable"},"yoast_head":"<!-- This site is optimized with the Yoast SEO plugin v27.4 - https:\/\/yoast.com\/product\/yoast-seo-wordpress\/ -->\n<title>Hailton - Promis.ro<\/title>\n<meta name=\"description\" content=\"Cheie de birou realizat\u0103 dintr-o combina\u021bie de baz\u0103 metalic\u0103 \u0219i laturi din fetru RPET. Disponibil\u0103 \u00een design circular; \u00een design rectangular cu col\u021buri\" \/>\n<meta name=\"robots\" content=\"index, follow, max-snippet:-1, max-image-preview:large, max-video-preview:-1\" \/>\n<link rel=\"canonical\" href=\"https:\/\/promis.ro\/ro\/produs\/hailton\/\" \/>\n<meta property=\"og:locale\" content=\"ro_RO\" \/>\n<meta property=\"og:type\" content=\"article\" \/>\n<meta property=\"og:title\" content=\"Hailton - Promis.ro\" \/>\n<meta property=\"og:description\" content=\"Cheie de birou realizat\u0103 dintr-o combina\u021bie de baz\u0103 metalic\u0103 \u0219i laturi din fetru RPET. Disponibil\u0103 \u00een design circular; \u00een design rectangular cu col\u021buri\" \/>\n<meta property=\"og:url\" content=\"https:\/\/promis.ro\/ro\/produs\/hailton\/\" \/>\n<meta property=\"og:site_name\" content=\"Promis.ro\" \/>\n<meta property=\"article:modified_time\" content=\"2025-11-11T16:43:54+00:00\" \/>\n<meta property=\"og:image\" content=\"https:\/\/promis.ro\/wp-content\/uploads\/2025\/11\/21049-W-1.jpg\" \/>\n\t<meta property=\"og:image:width\" content=\"1080\" \/>\n\t<meta property=\"og:image:height\" content=\"1080\" \/>\n\t<meta property=\"og:image:type\" content=\"image\/jpeg\" \/>\n<meta name=\"twitter:card\" content=\"summary_large_image\" \/>\n<script type=\"application\/ld+json\" class=\"yoast-schema-graph\">{\"@context\":\"https:\\\/\\\/schema.org\",\"@graph\":[{\"@type\":\"WebPage\",\"@id\":\"https:\\\/\\\/promis.ro\\\/product\\\/hailton\\\/\",\"url\":\"https:\\\/\\\/promis.ro\\\/product\\\/hailton\\\/\",\"name\":\"Hailton - Promis.ro\",\"isPartOf\":{\"@id\":\"https:\\\/\\\/promis.ro\\\/#website\"},\"primaryImageOfPage\":{\"@id\":\"https:\\\/\\\/promis.ro\\\/product\\\/hailton\\\/#primaryimage\"},\"image\":{\"@id\":\"https:\\\/\\\/promis.ro\\\/product\\\/hailton\\\/#primaryimage\"},\"thumbnailUrl\":\"https:\\\/\\\/promis.ro\\\/wp-content\\\/uploads\\\/2025\\\/11\\\/21049-W-1.jpg\",\"datePublished\":\"2025-11-04T23:02:40+00:00\",\"dateModified\":\"2025-11-11T16:43:54+00:00\",\"description\":\"Cheie de birou realizat\u0103 dintr-o combina\u021bie de baz\u0103 metalic\u0103 \u0219i laturi din fetru RPET. Disponibil\u0103 \u00een design circular; \u00een design rectangular cu col\u021buri\",\"breadcrumb\":{\"@id\":\"https:\\\/\\\/promis.ro\\\/product\\\/hailton\\\/#breadcrumb\"},\"inLanguage\":\"ro-RO\",\"potentialAction\":[{\"@type\":\"ReadAction\",\"target\":[\"https:\\\/\\\/promis.ro\\\/product\\\/hailton\\\/\"]}]},{\"@type\":\"ImageObject\",\"inLanguage\":\"ro-RO\",\"@id\":\"https:\\\/\\\/promis.ro\\\/product\\\/hailton\\\/#primaryimage\",\"url\":\"https:\\\/\\\/promis.ro\\\/wp-content\\\/uploads\\\/2025\\\/11\\\/21049-W-1.jpg\",\"contentUrl\":\"https:\\\/\\\/promis.ro\\\/wp-content\\\/uploads\\\/2025\\\/11\\\/21049-W-1.jpg\",\"width\":1080,\"height\":1080},{\"@type\":\"BreadcrumbList\",\"@id\":\"https:\\\/\\\/promis.ro\\\/product\\\/hailton\\\/#breadcrumb\",\"itemListElement\":[{\"@type\":\"ListItem\",\"position\":1,\"name\":\"Home\",\"item\":\"https:\\\/\\\/promis.ro\\\/\"},{\"@type\":\"ListItem\",\"position\":2,\"name\":\"Magazin\",\"item\":\"https:\\\/\\\/promis.ro\\\/magazin\\\/\"},{\"@type\":\"ListItem\",\"position\":3,\"name\":\"Hailton\"}]},{\"@type\":\"WebSite\",\"@id\":\"https:\\\/\\\/promis.ro\\\/#website\",\"url\":\"https:\\\/\\\/promis.ro\\\/\",\"name\":\"Promis.ro\",\"description\":\"\",\"potentialAction\":[{\"@type\":\"SearchAction\",\"target\":{\"@type\":\"EntryPoint\",\"urlTemplate\":\"https:\\\/\\\/promis.ro\\\/?s={search_term_string}\"},\"query-input\":{\"@type\":\"PropertyValueSpecification\",\"valueRequired\":true,\"valueName\":\"search_term_string\"}}],\"inLanguage\":\"ro-RO\"}]}<\/script>\n<!-- \/ Yoast SEO plugin. -->","yoast_head_json":{"title":"Hailton - Promis.ro","description":"Cheie de birou realizat\u0103 dintr-o combina\u021bie de baz\u0103 metalic\u0103 \u0219i laturi din fetru RPET. Disponibil\u0103 \u00een design circular; \u00een design rectangular cu col\u021buri","robots":{"index":"index","follow":"follow","max-snippet":"max-snippet:-1","max-image-preview":"max-image-preview:large","max-video-preview":"max-video-preview:-1"},"canonical":"https:\/\/promis.ro\/ro\/produs\/hailton\/","og_locale":"ro_RO","og_type":"article","og_title":"Hailton - Promis.ro","og_description":"Cheie de birou realizat\u0103 dintr-o combina\u021bie de baz\u0103 metalic\u0103 \u0219i laturi din fetru RPET. Disponibil\u0103 \u00een design circular; \u00een design rectangular cu col\u021buri","og_url":"https:\/\/promis.ro\/ro\/produs\/hailton\/","og_site_name":"Promis.ro","article_modified_time":"2025-11-11T16:43:54+00:00","og_image":[{"width":1080,"height":1080,"url":"https:\/\/promis.ro\/wp-content\/uploads\/2025\/11\/21049-W-1.jpg","type":"image\/jpeg"}],"twitter_card":"summary_large_image","schema":{"@context":"https:\/\/schema.org","@graph":[{"@type":"WebPage","@id":"https:\/\/promis.ro\/product\/hailton\/","url":"https:\/\/promis.ro\/product\/hailton\/","name":"Hailton - Promis.ro","isPartOf":{"@id":"https:\/\/promis.ro\/#website"},"primaryImageOfPage":{"@id":"https:\/\/promis.ro\/product\/hailton\/#primaryimage"},"image":{"@id":"https:\/\/promis.ro\/product\/hailton\/#primaryimage"},"thumbnailUrl":"https:\/\/promis.ro\/wp-content\/uploads\/2025\/11\/21049-W-1.jpg","datePublished":"2025-11-04T23:02:40+00:00","dateModified":"2025-11-11T16:43:54+00:00","description":"Cheie de birou realizat\u0103 dintr-o combina\u021bie de baz\u0103 metalic\u0103 \u0219i laturi din fetru RPET. Disponibil\u0103 \u00een design circular; \u00een design rectangular cu col\u021buri","breadcrumb":{"@id":"https:\/\/promis.ro\/product\/hailton\/#breadcrumb"},"inLanguage":"ro-RO","potentialAction":[{"@type":"ReadAction","target":["https:\/\/promis.ro\/product\/hailton\/"]}]},{"@type":"ImageObject","inLanguage":"ro-RO","@id":"https:\/\/promis.ro\/product\/hailton\/#primaryimage","url":"https:\/\/promis.ro\/wp-content\/uploads\/2025\/11\/21049-W-1.jpg","contentUrl":"https:\/\/promis.ro\/wp-content\/uploads\/2025\/11\/21049-W-1.jpg","width":1080,"height":1080},{"@type":"BreadcrumbList","@id":"https:\/\/promis.ro\/product\/hailton\/#breadcrumb","itemListElement":[{"@type":"ListItem","position":1,"name":"Home","item":"https:\/\/promis.ro\/"},{"@type":"ListItem","position":2,"name":"Magazin","item":"https:\/\/promis.ro\/magazin\/"},{"@type":"ListItem","position":3,"name":"Hailton"}]},{"@type":"WebSite","@id":"https:\/\/promis.ro\/#website","url":"https:\/\/promis.ro\/","name":"Promis.ro","description":"","potentialAction":[{"@type":"SearchAction","target":{"@type":"EntryPoint","urlTemplate":"https:\/\/promis.ro\/?s={search_term_string}"},"query-input":{"@type":"PropertyValueSpecification","valueRequired":true,"valueName":"search_term_string"}}],"inLanguage":"ro-RO"}]}},"_links":{"self":[{"href":"https:\/\/promis.ro\/ro\/wp-json\/wp\/v2\/product\/93060","targetHints":{"allow":["GET"]}}],"collection":[{"href":"https:\/\/promis.ro\/ro\/wp-json\/wp\/v2\/product"}],"about":[{"href":"https:\/\/promis.ro\/ro\/wp-json\/wp\/v2\/types\/product"}],"replies":[{"embeddable":true,"href":"https:\/\/promis.ro\/ro\/wp-json\/wp\/v2\/comments?post=93060"}],"version-history":[{"count":1,"href":"https:\/\/promis.ro\/ro\/wp-json\/wp\/v2\/product\/93060\/revisions"}],"predecessor-version":[{"id":111729,"href":"https:\/\/promis.ro\/ro\/wp-json\/wp\/v2\/product\/93060\/revisions\/111729"}],"wp:featuredmedia":[{"embeddable":true,"href":"https:\/\/promis.ro\/ro\/wp-json\/wp\/v2\/media\/134311"}],"wp:attachment":[{"href":"https:\/\/promis.ro\/ro\/wp-json\/wp\/v2\/media?parent=93060"}],"wp:term":[{"taxonomy":"product_brand","embeddable":true,"href":"https:\/\/promis.ro\/ro\/wp-json\/wp\/v2\/product_brand?post=93060"},{"taxonomy":"product_cat","embeddable":true,"href":"https:\/\/promis.ro\/ro\/wp-json\/wp\/v2\/product_cat?post=93060"},{"taxonomy":"product_tag","embeddable":true,"href":"https:\/\/promis.ro\/ro\/wp-json\/wp\/v2\/product_tag?post=93060"}],"curies":[{"name":"wp","href":"https:\/\/api.w.org\/{rel}","templated":true}]}}