{"id":93061,"date":"2025-11-04T23:02:41","date_gmt":"2025-11-04T23:02:41","guid":{"rendered":"https:\/\/promis.ro\/product\/kobain\/"},"modified":"2025-11-11T16:41:00","modified_gmt":"2025-11-11T16:41:00","slug":"kobain","status":"publish","type":"product","link":"https:\/\/promis.ro\/ro\/produs\/kobain\/","title":{"rendered":"Kobain"},"content":{"rendered":"<p>Notepad cu coperti rigide \u0219i suport, fabricat din fetru RPET 300D. Cu suport original pentru smartphone \u0219i tablet\u0103 integrat \u00een copert\u0103, fabricat din bambus. Inclusiv un sistem de \u00eenchidere cu band\u0103 elastic\u0103 \u0219i un suport pentru pix asortat, cu 80 de pagini cu dungi simple \u00een interior. Cu logo-ul RPET pe coperta din spate \u0219i prezentat \u00eentr-o pung\u0103 reciclabil\u0103 individual\u0103. Fetru RPET este rezultatul combin\u0103rii proceselor de reciclare a materialelor plastice \u00eempreun\u0103 cu tehnica milenar\u0103 de fabricare a fetelui, rezult\u00e2nd un material eco-trend care, pe l\u00e2ng\u0103 faptul c\u0103 este de origine reciclat\u0103, devine \u0219i reciclabil.<\/p>","protected":false},"excerpt":{"rendered":"<p>Notepad cu coperti rigide \u0219i suport, fabricat din fetru RPET 300D. Cu suport original pentru smartphone \u0219i tablet\u0103 integrat \u00een<\/p>","protected":false},"featured_media":134312,"comment_status":"open","ping_status":"closed","template":"","meta":[],"product_brand":[],"product_cat":[171],"product_tag":[],"class_list":{"0":"post-93061","1":"product","2":"type-product","3":"status-publish","4":"has-post-thumbnail","6":"product_cat-birou-si-business","8":"first","9":"instock","10":"shipping-taxable","11":"purchasable","12":"product-type-simple"},"yoast_head":"<!-- This site is optimized with the Yoast SEO plugin v27.4 - https:\/\/yoast.com\/product\/yoast-seo-wordpress\/ -->\n<title>Kobain - Promis.ro<\/title>\n<meta name=\"description\" content=\"Notepad cu coperti rigide \u0219i suport, fabricat din fetru RPET 300D. Cu suport original pentru smartphone \u0219i tablet\u0103 integrat \u00een copert\u0103, fabricat din\" \/>\n<meta name=\"robots\" content=\"index, follow, max-snippet:-1, max-image-preview:large, max-video-preview:-1\" \/>\n<link rel=\"canonical\" href=\"https:\/\/promis.ro\/ro\/produs\/kobain\/\" \/>\n<meta property=\"og:locale\" content=\"ro_RO\" \/>\n<meta property=\"og:type\" content=\"article\" \/>\n<meta property=\"og:title\" content=\"Kobain - Promis.ro\" \/>\n<meta property=\"og:description\" content=\"Notepad cu coperti rigide \u0219i suport, fabricat din fetru RPET 300D. Cu suport original pentru smartphone \u0219i tablet\u0103 integrat \u00een copert\u0103, fabricat din\" \/>\n<meta property=\"og:url\" content=\"https:\/\/promis.ro\/ro\/produs\/kobain\/\" \/>\n<meta property=\"og:site_name\" content=\"Promis.ro\" \/>\n<meta property=\"article:modified_time\" content=\"2025-11-11T16:41:00+00:00\" \/>\n<meta property=\"og:image\" content=\"https:\/\/promis.ro\/wp-content\/uploads\/2025\/11\/21050-W-1.jpg\" \/>\n\t<meta property=\"og:image:width\" content=\"1080\" \/>\n\t<meta property=\"og:image:height\" content=\"1080\" \/>\n\t<meta property=\"og:image:type\" content=\"image\/jpeg\" \/>\n<meta name=\"twitter:card\" content=\"summary_large_image\" \/>\n<script type=\"application\/ld+json\" class=\"yoast-schema-graph\">{\"@context\":\"https:\\\/\\\/schema.org\",\"@graph\":[{\"@type\":\"WebPage\",\"@id\":\"https:\\\/\\\/promis.ro\\\/product\\\/kobain\\\/\",\"url\":\"https:\\\/\\\/promis.ro\\\/product\\\/kobain\\\/\",\"name\":\"Kobain - Promis.ro\",\"isPartOf\":{\"@id\":\"https:\\\/\\\/promis.ro\\\/#website\"},\"primaryImageOfPage\":{\"@id\":\"https:\\\/\\\/promis.ro\\\/product\\\/kobain\\\/#primaryimage\"},\"image\":{\"@id\":\"https:\\\/\\\/promis.ro\\\/product\\\/kobain\\\/#primaryimage\"},\"thumbnailUrl\":\"https:\\\/\\\/promis.ro\\\/wp-content\\\/uploads\\\/2025\\\/11\\\/21050-W-1.jpg\",\"datePublished\":\"2025-11-04T23:02:41+00:00\",\"dateModified\":\"2025-11-11T16:41:00+00:00\",\"description\":\"Notepad cu coperti rigide \u0219i suport, fabricat din fetru RPET 300D. Cu suport original pentru smartphone \u0219i tablet\u0103 integrat \u00een copert\u0103, fabricat din\",\"breadcrumb\":{\"@id\":\"https:\\\/\\\/promis.ro\\\/product\\\/kobain\\\/#breadcrumb\"},\"inLanguage\":\"ro-RO\",\"potentialAction\":[{\"@type\":\"ReadAction\",\"target\":[\"https:\\\/\\\/promis.ro\\\/product\\\/kobain\\\/\"]}]},{\"@type\":\"ImageObject\",\"inLanguage\":\"ro-RO\",\"@id\":\"https:\\\/\\\/promis.ro\\\/product\\\/kobain\\\/#primaryimage\",\"url\":\"https:\\\/\\\/promis.ro\\\/wp-content\\\/uploads\\\/2025\\\/11\\\/21050-W-1.jpg\",\"contentUrl\":\"https:\\\/\\\/promis.ro\\\/wp-content\\\/uploads\\\/2025\\\/11\\\/21050-W-1.jpg\",\"width\":1080,\"height\":1080},{\"@type\":\"BreadcrumbList\",\"@id\":\"https:\\\/\\\/promis.ro\\\/product\\\/kobain\\\/#breadcrumb\",\"itemListElement\":[{\"@type\":\"ListItem\",\"position\":1,\"name\":\"Home\",\"item\":\"https:\\\/\\\/promis.ro\\\/\"},{\"@type\":\"ListItem\",\"position\":2,\"name\":\"Magazin\",\"item\":\"https:\\\/\\\/promis.ro\\\/magazin\\\/\"},{\"@type\":\"ListItem\",\"position\":3,\"name\":\"Kobain\"}]},{\"@type\":\"WebSite\",\"@id\":\"https:\\\/\\\/promis.ro\\\/#website\",\"url\":\"https:\\\/\\\/promis.ro\\\/\",\"name\":\"Promis.ro\",\"description\":\"\",\"potentialAction\":[{\"@type\":\"SearchAction\",\"target\":{\"@type\":\"EntryPoint\",\"urlTemplate\":\"https:\\\/\\\/promis.ro\\\/?s={search_term_string}\"},\"query-input\":{\"@type\":\"PropertyValueSpecification\",\"valueRequired\":true,\"valueName\":\"search_term_string\"}}],\"inLanguage\":\"ro-RO\"}]}<\/script>\n<!-- \/ Yoast SEO plugin. -->","yoast_head_json":{"title":"Kobain - Promis.ro","description":"Notepad cu coperti rigide \u0219i suport, fabricat din fetru RPET 300D. Cu suport original pentru smartphone \u0219i tablet\u0103 integrat \u00een copert\u0103, fabricat din","robots":{"index":"index","follow":"follow","max-snippet":"max-snippet:-1","max-image-preview":"max-image-preview:large","max-video-preview":"max-video-preview:-1"},"canonical":"https:\/\/promis.ro\/ro\/produs\/kobain\/","og_locale":"ro_RO","og_type":"article","og_title":"Kobain - Promis.ro","og_description":"Notepad cu coperti rigide \u0219i suport, fabricat din fetru RPET 300D. Cu suport original pentru smartphone \u0219i tablet\u0103 integrat \u00een copert\u0103, fabricat din","og_url":"https:\/\/promis.ro\/ro\/produs\/kobain\/","og_site_name":"Promis.ro","article_modified_time":"2025-11-11T16:41:00+00:00","og_image":[{"width":1080,"height":1080,"url":"https:\/\/promis.ro\/wp-content\/uploads\/2025\/11\/21050-W-1.jpg","type":"image\/jpeg"}],"twitter_card":"summary_large_image","schema":{"@context":"https:\/\/schema.org","@graph":[{"@type":"WebPage","@id":"https:\/\/promis.ro\/product\/kobain\/","url":"https:\/\/promis.ro\/product\/kobain\/","name":"Kobain - Promis.ro","isPartOf":{"@id":"https:\/\/promis.ro\/#website"},"primaryImageOfPage":{"@id":"https:\/\/promis.ro\/product\/kobain\/#primaryimage"},"image":{"@id":"https:\/\/promis.ro\/product\/kobain\/#primaryimage"},"thumbnailUrl":"https:\/\/promis.ro\/wp-content\/uploads\/2025\/11\/21050-W-1.jpg","datePublished":"2025-11-04T23:02:41+00:00","dateModified":"2025-11-11T16:41:00+00:00","description":"Notepad cu coperti rigide \u0219i suport, fabricat din fetru RPET 300D. Cu suport original pentru smartphone \u0219i tablet\u0103 integrat \u00een copert\u0103, fabricat din","breadcrumb":{"@id":"https:\/\/promis.ro\/product\/kobain\/#breadcrumb"},"inLanguage":"ro-RO","potentialAction":[{"@type":"ReadAction","target":["https:\/\/promis.ro\/product\/kobain\/"]}]},{"@type":"ImageObject","inLanguage":"ro-RO","@id":"https:\/\/promis.ro\/product\/kobain\/#primaryimage","url":"https:\/\/promis.ro\/wp-content\/uploads\/2025\/11\/21050-W-1.jpg","contentUrl":"https:\/\/promis.ro\/wp-content\/uploads\/2025\/11\/21050-W-1.jpg","width":1080,"height":1080},{"@type":"BreadcrumbList","@id":"https:\/\/promis.ro\/product\/kobain\/#breadcrumb","itemListElement":[{"@type":"ListItem","position":1,"name":"Home","item":"https:\/\/promis.ro\/"},{"@type":"ListItem","position":2,"name":"Magazin","item":"https:\/\/promis.ro\/magazin\/"},{"@type":"ListItem","position":3,"name":"Kobain"}]},{"@type":"WebSite","@id":"https:\/\/promis.ro\/#website","url":"https:\/\/promis.ro\/","name":"Promis.ro","description":"","potentialAction":[{"@type":"SearchAction","target":{"@type":"EntryPoint","urlTemplate":"https:\/\/promis.ro\/?s={search_term_string}"},"query-input":{"@type":"PropertyValueSpecification","valueRequired":true,"valueName":"search_term_string"}}],"inLanguage":"ro-RO"}]}},"_links":{"self":[{"href":"https:\/\/promis.ro\/ro\/wp-json\/wp\/v2\/product\/93061","targetHints":{"allow":["GET"]}}],"collection":[{"href":"https:\/\/promis.ro\/ro\/wp-json\/wp\/v2\/product"}],"about":[{"href":"https:\/\/promis.ro\/ro\/wp-json\/wp\/v2\/types\/product"}],"replies":[{"embeddable":true,"href":"https:\/\/promis.ro\/ro\/wp-json\/wp\/v2\/comments?post=93061"}],"version-history":[{"count":1,"href":"https:\/\/promis.ro\/ro\/wp-json\/wp\/v2\/product\/93061\/revisions"}],"predecessor-version":[{"id":111735,"href":"https:\/\/promis.ro\/ro\/wp-json\/wp\/v2\/product\/93061\/revisions\/111735"}],"wp:featuredmedia":[{"embeddable":true,"href":"https:\/\/promis.ro\/ro\/wp-json\/wp\/v2\/media\/134312"}],"wp:attachment":[{"href":"https:\/\/promis.ro\/ro\/wp-json\/wp\/v2\/media?parent=93061"}],"wp:term":[{"taxonomy":"product_brand","embeddable":true,"href":"https:\/\/promis.ro\/ro\/wp-json\/wp\/v2\/product_brand?post=93061"},{"taxonomy":"product_cat","embeddable":true,"href":"https:\/\/promis.ro\/ro\/wp-json\/wp\/v2\/product_cat?post=93061"},{"taxonomy":"product_tag","embeddable":true,"href":"https:\/\/promis.ro\/ro\/wp-json\/wp\/v2\/product_tag?post=93061"}],"curies":[{"name":"wp","href":"https:\/\/api.w.org\/{rel}","templated":true}]}}