{"id":93063,"date":"2025-11-04T23:02:42","date_gmt":"2025-11-04T23:02:42","guid":{"rendered":"https:\/\/promis.ro\/product\/dristan\/"},"modified":"2025-11-11T16:41:10","modified_gmt":"2025-11-11T16:41:10","slug":"dristan","status":"publish","type":"product","link":"https:\/\/promis.ro\/ro\/produs\/dristan\/","title":{"rendered":"Dristan"},"content":{"rendered":"<p>Ochelari de soare din bambus cu protec\u021bie UV400. Rame colorate asortate cu lentile din material PC durabil \u0219i bra\u021be din bambus. Lentile AC (acetat de celuloz\u0103) cu finisaj oglind\u0103, disponibile \u00eentr-o gam\u0103 larg\u0103 de culori. Prezentat \u00eentr-un sac eco-design individual. Materiale precum bambusul \u00eencurajeaz\u0103 utilizarea materiilor prime naturale, reduc\u00e2nd emisiile de poluan\u021bi. Provine dintr-o plant\u0103 foarte rezistent\u0103 \u0219i versatil\u0103, cu cre\u0219tere \u0219i regenerare rapid\u0103, f\u0103c\u00e2ndu-l o alternativ\u0103 excelent\u0103 la lemnul tradi\u021bional.<\/p>","protected":false},"excerpt":{"rendered":"<p>Ochelari de soare din bambus cu protec\u021bie UV400. Rame colorate asortate cu lentile din material PC durabil \u0219i bra\u021be din<\/p>","protected":false},"featured_media":134322,"comment_status":"open","ping_status":"closed","template":"","meta":[],"product_brand":[],"product_cat":[188],"product_tag":[],"class_list":{"0":"post-93063","1":"product","2":"type-product","3":"status-publish","4":"has-post-thumbnail","6":"product_cat-vara-si-plaja","8":"first","9":"instock","10":"shipping-taxable","11":"purchasable","12":"product-type-simple"},"yoast_head":"<!-- This site is optimized with the Yoast SEO plugin v27.4 - https:\/\/yoast.com\/product\/yoast-seo-wordpress\/ -->\n<title>Dristan - Promis.ro<\/title>\n<meta name=\"description\" content=\"Ochelari de soare din bambus cu protec\u021bie UV400. Rame colorate asortate cu lentile din material PC durabil \u0219i bra\u021be din bambus. Lentile AC (acetat de\" \/>\n<meta name=\"robots\" content=\"index, follow, max-snippet:-1, max-image-preview:large, max-video-preview:-1\" \/>\n<link rel=\"canonical\" href=\"https:\/\/promis.ro\/ro\/produs\/dristan\/\" \/>\n<meta property=\"og:locale\" content=\"ro_RO\" \/>\n<meta property=\"og:type\" content=\"article\" \/>\n<meta property=\"og:title\" content=\"Dristan - Promis.ro\" \/>\n<meta property=\"og:description\" content=\"Ochelari de soare din bambus cu protec\u021bie UV400. Rame colorate asortate cu lentile din material PC durabil \u0219i bra\u021be din bambus. Lentile AC (acetat de\" \/>\n<meta property=\"og:url\" content=\"https:\/\/promis.ro\/ro\/produs\/dristan\/\" \/>\n<meta property=\"og:site_name\" content=\"Promis.ro\" \/>\n<meta property=\"article:modified_time\" content=\"2025-11-11T16:41:10+00:00\" \/>\n<meta property=\"og:image\" content=\"https:\/\/promis.ro\/wp-content\/uploads\/2025\/11\/21052-W-1.jpg\" \/>\n\t<meta property=\"og:image:width\" content=\"1080\" \/>\n\t<meta property=\"og:image:height\" content=\"1080\" \/>\n\t<meta property=\"og:image:type\" content=\"image\/jpeg\" \/>\n<meta name=\"twitter:card\" content=\"summary_large_image\" \/>\n<script type=\"application\/ld+json\" class=\"yoast-schema-graph\">{\"@context\":\"https:\\\/\\\/schema.org\",\"@graph\":[{\"@type\":\"WebPage\",\"@id\":\"https:\\\/\\\/promis.ro\\\/product\\\/dristan\\\/\",\"url\":\"https:\\\/\\\/promis.ro\\\/product\\\/dristan\\\/\",\"name\":\"Dristan - Promis.ro\",\"isPartOf\":{\"@id\":\"https:\\\/\\\/promis.ro\\\/#website\"},\"primaryImageOfPage\":{\"@id\":\"https:\\\/\\\/promis.ro\\\/product\\\/dristan\\\/#primaryimage\"},\"image\":{\"@id\":\"https:\\\/\\\/promis.ro\\\/product\\\/dristan\\\/#primaryimage\"},\"thumbnailUrl\":\"https:\\\/\\\/promis.ro\\\/wp-content\\\/uploads\\\/2025\\\/11\\\/21052-W-1.jpg\",\"datePublished\":\"2025-11-04T23:02:42+00:00\",\"dateModified\":\"2025-11-11T16:41:10+00:00\",\"description\":\"Ochelari de soare din bambus cu protec\u021bie UV400. Rame colorate asortate cu lentile din material PC durabil \u0219i bra\u021be din bambus. Lentile AC (acetat de\",\"breadcrumb\":{\"@id\":\"https:\\\/\\\/promis.ro\\\/product\\\/dristan\\\/#breadcrumb\"},\"inLanguage\":\"ro-RO\",\"potentialAction\":[{\"@type\":\"ReadAction\",\"target\":[\"https:\\\/\\\/promis.ro\\\/product\\\/dristan\\\/\"]}]},{\"@type\":\"ImageObject\",\"inLanguage\":\"ro-RO\",\"@id\":\"https:\\\/\\\/promis.ro\\\/product\\\/dristan\\\/#primaryimage\",\"url\":\"https:\\\/\\\/promis.ro\\\/wp-content\\\/uploads\\\/2025\\\/11\\\/21052-W-1.jpg\",\"contentUrl\":\"https:\\\/\\\/promis.ro\\\/wp-content\\\/uploads\\\/2025\\\/11\\\/21052-W-1.jpg\",\"width\":1080,\"height\":1080},{\"@type\":\"BreadcrumbList\",\"@id\":\"https:\\\/\\\/promis.ro\\\/product\\\/dristan\\\/#breadcrumb\",\"itemListElement\":[{\"@type\":\"ListItem\",\"position\":1,\"name\":\"Home\",\"item\":\"https:\\\/\\\/promis.ro\\\/\"},{\"@type\":\"ListItem\",\"position\":2,\"name\":\"Magazin\",\"item\":\"https:\\\/\\\/promis.ro\\\/magazin\\\/\"},{\"@type\":\"ListItem\",\"position\":3,\"name\":\"Dristan\"}]},{\"@type\":\"WebSite\",\"@id\":\"https:\\\/\\\/promis.ro\\\/#website\",\"url\":\"https:\\\/\\\/promis.ro\\\/\",\"name\":\"Promis.ro\",\"description\":\"\",\"potentialAction\":[{\"@type\":\"SearchAction\",\"target\":{\"@type\":\"EntryPoint\",\"urlTemplate\":\"https:\\\/\\\/promis.ro\\\/?s={search_term_string}\"},\"query-input\":{\"@type\":\"PropertyValueSpecification\",\"valueRequired\":true,\"valueName\":\"search_term_string\"}}],\"inLanguage\":\"ro-RO\"}]}<\/script>\n<!-- \/ Yoast SEO plugin. -->","yoast_head_json":{"title":"Dristan - Promis.ro","description":"Ochelari de soare din bambus cu protec\u021bie UV400. Rame colorate asortate cu lentile din material PC durabil \u0219i bra\u021be din bambus. Lentile AC (acetat de","robots":{"index":"index","follow":"follow","max-snippet":"max-snippet:-1","max-image-preview":"max-image-preview:large","max-video-preview":"max-video-preview:-1"},"canonical":"https:\/\/promis.ro\/ro\/produs\/dristan\/","og_locale":"ro_RO","og_type":"article","og_title":"Dristan - Promis.ro","og_description":"Ochelari de soare din bambus cu protec\u021bie UV400. Rame colorate asortate cu lentile din material PC durabil \u0219i bra\u021be din bambus. Lentile AC (acetat de","og_url":"https:\/\/promis.ro\/ro\/produs\/dristan\/","og_site_name":"Promis.ro","article_modified_time":"2025-11-11T16:41:10+00:00","og_image":[{"width":1080,"height":1080,"url":"https:\/\/promis.ro\/wp-content\/uploads\/2025\/11\/21052-W-1.jpg","type":"image\/jpeg"}],"twitter_card":"summary_large_image","schema":{"@context":"https:\/\/schema.org","@graph":[{"@type":"WebPage","@id":"https:\/\/promis.ro\/product\/dristan\/","url":"https:\/\/promis.ro\/product\/dristan\/","name":"Dristan - Promis.ro","isPartOf":{"@id":"https:\/\/promis.ro\/#website"},"primaryImageOfPage":{"@id":"https:\/\/promis.ro\/product\/dristan\/#primaryimage"},"image":{"@id":"https:\/\/promis.ro\/product\/dristan\/#primaryimage"},"thumbnailUrl":"https:\/\/promis.ro\/wp-content\/uploads\/2025\/11\/21052-W-1.jpg","datePublished":"2025-11-04T23:02:42+00:00","dateModified":"2025-11-11T16:41:10+00:00","description":"Ochelari de soare din bambus cu protec\u021bie UV400. Rame colorate asortate cu lentile din material PC durabil \u0219i bra\u021be din bambus. Lentile AC (acetat de","breadcrumb":{"@id":"https:\/\/promis.ro\/product\/dristan\/#breadcrumb"},"inLanguage":"ro-RO","potentialAction":[{"@type":"ReadAction","target":["https:\/\/promis.ro\/product\/dristan\/"]}]},{"@type":"ImageObject","inLanguage":"ro-RO","@id":"https:\/\/promis.ro\/product\/dristan\/#primaryimage","url":"https:\/\/promis.ro\/wp-content\/uploads\/2025\/11\/21052-W-1.jpg","contentUrl":"https:\/\/promis.ro\/wp-content\/uploads\/2025\/11\/21052-W-1.jpg","width":1080,"height":1080},{"@type":"BreadcrumbList","@id":"https:\/\/promis.ro\/product\/dristan\/#breadcrumb","itemListElement":[{"@type":"ListItem","position":1,"name":"Home","item":"https:\/\/promis.ro\/"},{"@type":"ListItem","position":2,"name":"Magazin","item":"https:\/\/promis.ro\/magazin\/"},{"@type":"ListItem","position":3,"name":"Dristan"}]},{"@type":"WebSite","@id":"https:\/\/promis.ro\/#website","url":"https:\/\/promis.ro\/","name":"Promis.ro","description":"","potentialAction":[{"@type":"SearchAction","target":{"@type":"EntryPoint","urlTemplate":"https:\/\/promis.ro\/?s={search_term_string}"},"query-input":{"@type":"PropertyValueSpecification","valueRequired":true,"valueName":"search_term_string"}}],"inLanguage":"ro-RO"}]}},"_links":{"self":[{"href":"https:\/\/promis.ro\/ro\/wp-json\/wp\/v2\/product\/93063","targetHints":{"allow":["GET"]}}],"collection":[{"href":"https:\/\/promis.ro\/ro\/wp-json\/wp\/v2\/product"}],"about":[{"href":"https:\/\/promis.ro\/ro\/wp-json\/wp\/v2\/types\/product"}],"replies":[{"embeddable":true,"href":"https:\/\/promis.ro\/ro\/wp-json\/wp\/v2\/comments?post=93063"}],"version-history":[{"count":1,"href":"https:\/\/promis.ro\/ro\/wp-json\/wp\/v2\/product\/93063\/revisions"}],"predecessor-version":[{"id":111725,"href":"https:\/\/promis.ro\/ro\/wp-json\/wp\/v2\/product\/93063\/revisions\/111725"}],"wp:featuredmedia":[{"embeddable":true,"href":"https:\/\/promis.ro\/ro\/wp-json\/wp\/v2\/media\/134322"}],"wp:attachment":[{"href":"https:\/\/promis.ro\/ro\/wp-json\/wp\/v2\/media?parent=93063"}],"wp:term":[{"taxonomy":"product_brand","embeddable":true,"href":"https:\/\/promis.ro\/ro\/wp-json\/wp\/v2\/product_brand?post=93063"},{"taxonomy":"product_cat","embeddable":true,"href":"https:\/\/promis.ro\/ro\/wp-json\/wp\/v2\/product_cat?post=93063"},{"taxonomy":"product_tag","embeddable":true,"href":"https:\/\/promis.ro\/ro\/wp-json\/wp\/v2\/product_tag?post=93063"}],"curies":[{"name":"wp","href":"https:\/\/api.w.org\/{rel}","templated":true}]}}