{"id":93359,"date":"2025-11-04T23:05:05","date_gmt":"2025-11-04T23:05:05","guid":{"rendered":"https:\/\/promis.ro\/product\/bandul\/"},"modified":"2025-11-11T16:53:04","modified_gmt":"2025-11-11T16:53:04","slug":"bandul","status":"publish","type":"product","link":"https:\/\/promis.ro\/ro\/produs\/bandul\/","title":{"rendered":"Bandul"},"content":{"rendered":"<p>Tricou pentru adul\u021bi fabricat din 60% bumbac reciclat \u00een combina\u021bie cu RPET, \u021bes\u0103tur\u0103 jersey simpl\u0103, 150g\/m2. Etichet\u0103 u\u0219or de \u00eendep\u0103rtat. Disponibil \u00eentr-o gam\u0103 larg\u0103 de culori, cu logo reciclat pe etichet\u0103 \u0219i \u00een dimensiunile S, M, L, XL, XXL, 3XL. Materialul RPET este fabricat din plastic reciclat, promov\u00e2nd astfel reutilizarea de\u0219eurilor de plastic \u0219i contribuind la sustenabilitatea planetei.<\/p>","protected":false},"excerpt":{"rendered":"<p>Tricou pentru adul\u021bi fabricat din 60% bumbac reciclat \u00een combina\u021bie cu RPET, \u021bes\u0103tur\u0103 jersey simpl\u0103, 150g\/m2. Etichet\u0103 u\u0219or de \u00eendep\u0103rtat.<\/p>","protected":false},"featured_media":134812,"comment_status":"open","ping_status":"closed","template":"","meta":[],"product_brand":[],"product_cat":[191],"product_tag":[],"class_list":{"0":"post-93359","1":"product","2":"type-product","3":"status-publish","4":"has-post-thumbnail","6":"product_cat-textile","8":"first","9":"instock","10":"shipping-taxable","11":"purchasable","12":"product-type-variable"},"yoast_head":"<!-- This site is optimized with the Yoast SEO plugin v27.4 - https:\/\/yoast.com\/product\/yoast-seo-wordpress\/ -->\n<title>Bandul - Promis.ro<\/title>\n<meta name=\"description\" content=\"Tricou pentru adul\u021bi fabricat din 60% bumbac reciclat \u00een combina\u021bie cu RPET, \u021bes\u0103tur\u0103 jersey simpl\u0103, 150g\/m2. Etichet\u0103 u\u0219or de \u00eendep\u0103rtat. Disponibil\" \/>\n<meta name=\"robots\" content=\"index, follow, max-snippet:-1, max-image-preview:large, max-video-preview:-1\" \/>\n<link rel=\"canonical\" href=\"https:\/\/promis.ro\/ro\/produs\/bandul\/\" \/>\n<meta property=\"og:locale\" content=\"ro_RO\" \/>\n<meta property=\"og:type\" content=\"article\" \/>\n<meta property=\"og:title\" content=\"Bandul - Promis.ro\" \/>\n<meta property=\"og:description\" content=\"Tricou pentru adul\u021bi fabricat din 60% bumbac reciclat \u00een combina\u021bie cu RPET, \u021bes\u0103tur\u0103 jersey simpl\u0103, 150g\/m2. Etichet\u0103 u\u0219or de \u00eendep\u0103rtat. Disponibil\" \/>\n<meta property=\"og:url\" content=\"https:\/\/promis.ro\/ro\/produs\/bandul\/\" \/>\n<meta property=\"og:site_name\" content=\"Promis.ro\" \/>\n<meta property=\"article:modified_time\" content=\"2025-11-11T16:53:04+00:00\" \/>\n<meta property=\"og:image\" content=\"https:\/\/promis.ro\/wp-content\/uploads\/2025\/11\/21137-W-1.jpg\" \/>\n\t<meta property=\"og:image:width\" content=\"1080\" \/>\n\t<meta property=\"og:image:height\" content=\"1080\" \/>\n\t<meta property=\"og:image:type\" content=\"image\/jpeg\" \/>\n<meta name=\"twitter:card\" content=\"summary_large_image\" \/>\n<script type=\"application\/ld+json\" class=\"yoast-schema-graph\">{\"@context\":\"https:\\\/\\\/schema.org\",\"@graph\":[{\"@type\":\"WebPage\",\"@id\":\"https:\\\/\\\/promis.ro\\\/product\\\/bandul\\\/\",\"url\":\"https:\\\/\\\/promis.ro\\\/product\\\/bandul\\\/\",\"name\":\"Bandul - Promis.ro\",\"isPartOf\":{\"@id\":\"https:\\\/\\\/promis.ro\\\/#website\"},\"primaryImageOfPage\":{\"@id\":\"https:\\\/\\\/promis.ro\\\/product\\\/bandul\\\/#primaryimage\"},\"image\":{\"@id\":\"https:\\\/\\\/promis.ro\\\/product\\\/bandul\\\/#primaryimage\"},\"thumbnailUrl\":\"https:\\\/\\\/promis.ro\\\/wp-content\\\/uploads\\\/2025\\\/11\\\/21137-W-1.jpg\",\"datePublished\":\"2025-11-04T23:05:05+00:00\",\"dateModified\":\"2025-11-11T16:53:04+00:00\",\"description\":\"Tricou pentru adul\u021bi fabricat din 60% bumbac reciclat \u00een combina\u021bie cu RPET, \u021bes\u0103tur\u0103 jersey simpl\u0103, 150g\\\/m2. Etichet\u0103 u\u0219or de \u00eendep\u0103rtat. Disponibil\",\"breadcrumb\":{\"@id\":\"https:\\\/\\\/promis.ro\\\/product\\\/bandul\\\/#breadcrumb\"},\"inLanguage\":\"ro-RO\",\"potentialAction\":[{\"@type\":\"ReadAction\",\"target\":[\"https:\\\/\\\/promis.ro\\\/product\\\/bandul\\\/\"]}]},{\"@type\":\"ImageObject\",\"inLanguage\":\"ro-RO\",\"@id\":\"https:\\\/\\\/promis.ro\\\/product\\\/bandul\\\/#primaryimage\",\"url\":\"https:\\\/\\\/promis.ro\\\/wp-content\\\/uploads\\\/2025\\\/11\\\/21137-W-1.jpg\",\"contentUrl\":\"https:\\\/\\\/promis.ro\\\/wp-content\\\/uploads\\\/2025\\\/11\\\/21137-W-1.jpg\",\"width\":1080,\"height\":1080},{\"@type\":\"BreadcrumbList\",\"@id\":\"https:\\\/\\\/promis.ro\\\/product\\\/bandul\\\/#breadcrumb\",\"itemListElement\":[{\"@type\":\"ListItem\",\"position\":1,\"name\":\"Home\",\"item\":\"https:\\\/\\\/promis.ro\\\/\"},{\"@type\":\"ListItem\",\"position\":2,\"name\":\"Magazin\",\"item\":\"https:\\\/\\\/promis.ro\\\/magazin\\\/\"},{\"@type\":\"ListItem\",\"position\":3,\"name\":\"Bandul\"}]},{\"@type\":\"WebSite\",\"@id\":\"https:\\\/\\\/promis.ro\\\/#website\",\"url\":\"https:\\\/\\\/promis.ro\\\/\",\"name\":\"Promis.ro\",\"description\":\"\",\"potentialAction\":[{\"@type\":\"SearchAction\",\"target\":{\"@type\":\"EntryPoint\",\"urlTemplate\":\"https:\\\/\\\/promis.ro\\\/?s={search_term_string}\"},\"query-input\":{\"@type\":\"PropertyValueSpecification\",\"valueRequired\":true,\"valueName\":\"search_term_string\"}}],\"inLanguage\":\"ro-RO\"}]}<\/script>\n<!-- \/ Yoast SEO plugin. -->","yoast_head_json":{"title":"Bandul - Promis.ro","description":"Tricou pentru adul\u021bi fabricat din 60% bumbac reciclat \u00een combina\u021bie cu RPET, \u021bes\u0103tur\u0103 jersey simpl\u0103, 150g\/m2. Etichet\u0103 u\u0219or de \u00eendep\u0103rtat. Disponibil","robots":{"index":"index","follow":"follow","max-snippet":"max-snippet:-1","max-image-preview":"max-image-preview:large","max-video-preview":"max-video-preview:-1"},"canonical":"https:\/\/promis.ro\/ro\/produs\/bandul\/","og_locale":"ro_RO","og_type":"article","og_title":"Bandul - Promis.ro","og_description":"Tricou pentru adul\u021bi fabricat din 60% bumbac reciclat \u00een combina\u021bie cu RPET, \u021bes\u0103tur\u0103 jersey simpl\u0103, 150g\/m2. Etichet\u0103 u\u0219or de \u00eendep\u0103rtat. Disponibil","og_url":"https:\/\/promis.ro\/ro\/produs\/bandul\/","og_site_name":"Promis.ro","article_modified_time":"2025-11-11T16:53:04+00:00","og_image":[{"width":1080,"height":1080,"url":"https:\/\/promis.ro\/wp-content\/uploads\/2025\/11\/21137-W-1.jpg","type":"image\/jpeg"}],"twitter_card":"summary_large_image","schema":{"@context":"https:\/\/schema.org","@graph":[{"@type":"WebPage","@id":"https:\/\/promis.ro\/product\/bandul\/","url":"https:\/\/promis.ro\/product\/bandul\/","name":"Bandul - Promis.ro","isPartOf":{"@id":"https:\/\/promis.ro\/#website"},"primaryImageOfPage":{"@id":"https:\/\/promis.ro\/product\/bandul\/#primaryimage"},"image":{"@id":"https:\/\/promis.ro\/product\/bandul\/#primaryimage"},"thumbnailUrl":"https:\/\/promis.ro\/wp-content\/uploads\/2025\/11\/21137-W-1.jpg","datePublished":"2025-11-04T23:05:05+00:00","dateModified":"2025-11-11T16:53:04+00:00","description":"Tricou pentru adul\u021bi fabricat din 60% bumbac reciclat \u00een combina\u021bie cu RPET, \u021bes\u0103tur\u0103 jersey simpl\u0103, 150g\/m2. Etichet\u0103 u\u0219or de \u00eendep\u0103rtat. Disponibil","breadcrumb":{"@id":"https:\/\/promis.ro\/product\/bandul\/#breadcrumb"},"inLanguage":"ro-RO","potentialAction":[{"@type":"ReadAction","target":["https:\/\/promis.ro\/product\/bandul\/"]}]},{"@type":"ImageObject","inLanguage":"ro-RO","@id":"https:\/\/promis.ro\/product\/bandul\/#primaryimage","url":"https:\/\/promis.ro\/wp-content\/uploads\/2025\/11\/21137-W-1.jpg","contentUrl":"https:\/\/promis.ro\/wp-content\/uploads\/2025\/11\/21137-W-1.jpg","width":1080,"height":1080},{"@type":"BreadcrumbList","@id":"https:\/\/promis.ro\/product\/bandul\/#breadcrumb","itemListElement":[{"@type":"ListItem","position":1,"name":"Home","item":"https:\/\/promis.ro\/"},{"@type":"ListItem","position":2,"name":"Magazin","item":"https:\/\/promis.ro\/magazin\/"},{"@type":"ListItem","position":3,"name":"Bandul"}]},{"@type":"WebSite","@id":"https:\/\/promis.ro\/#website","url":"https:\/\/promis.ro\/","name":"Promis.ro","description":"","potentialAction":[{"@type":"SearchAction","target":{"@type":"EntryPoint","urlTemplate":"https:\/\/promis.ro\/?s={search_term_string}"},"query-input":{"@type":"PropertyValueSpecification","valueRequired":true,"valueName":"search_term_string"}}],"inLanguage":"ro-RO"}]}},"_links":{"self":[{"href":"https:\/\/promis.ro\/ro\/wp-json\/wp\/v2\/product\/93359","targetHints":{"allow":["GET"]}}],"collection":[{"href":"https:\/\/promis.ro\/ro\/wp-json\/wp\/v2\/product"}],"about":[{"href":"https:\/\/promis.ro\/ro\/wp-json\/wp\/v2\/types\/product"}],"replies":[{"embeddable":true,"href":"https:\/\/promis.ro\/ro\/wp-json\/wp\/v2\/comments?post=93359"}],"version-history":[{"count":1,"href":"https:\/\/promis.ro\/ro\/wp-json\/wp\/v2\/product\/93359\/revisions"}],"predecessor-version":[{"id":111805,"href":"https:\/\/promis.ro\/ro\/wp-json\/wp\/v2\/product\/93359\/revisions\/111805"}],"wp:featuredmedia":[{"embeddable":true,"href":"https:\/\/promis.ro\/ro\/wp-json\/wp\/v2\/media\/134812"}],"wp:attachment":[{"href":"https:\/\/promis.ro\/ro\/wp-json\/wp\/v2\/media?parent=93359"}],"wp:term":[{"taxonomy":"product_brand","embeddable":true,"href":"https:\/\/promis.ro\/ro\/wp-json\/wp\/v2\/product_brand?post=93359"},{"taxonomy":"product_cat","embeddable":true,"href":"https:\/\/promis.ro\/ro\/wp-json\/wp\/v2\/product_cat?post=93359"},{"taxonomy":"product_tag","embeddable":true,"href":"https:\/\/promis.ro\/ro\/wp-json\/wp\/v2\/product_tag?post=93359"}],"curies":[{"name":"wp","href":"https:\/\/api.w.org\/{rel}","templated":true}]}}