{"id":93365,"date":"2025-11-04T23:05:08","date_gmt":"2025-11-04T23:05:08","guid":{"rendered":"https:\/\/promis.ro\/product\/koupan\/"},"modified":"2025-11-11T16:55:05","modified_gmt":"2025-11-11T16:55:05","slug":"koupan","status":"publish","type":"product","link":"https:\/\/promis.ro\/ro\/produs\/koupan\/","title":{"rendered":"Koupan"},"content":{"rendered":"<p>C\u0103ma\u0219\u0103 polo pentru adul\u021bi cu m\u00e2nec\u0103 scurt\u0103, fabricat\u0103 din 100% bumbac piqu\u00e9 Ring Spun, 220g\/m2. Textur\u0103 moale \u0219i croial\u0103 modern\u0103, cu deschideri laterale la tiv \u0219i disponibil\u0103 \u00eentr-o gam\u0103 larg\u0103 de culori. Placket cu dou\u0103 butoane, cu tiv \u0219i m\u00e2neci cusute dublu pentru o durabilitate \u0219i rezisten\u021b\u0103 suplimentar\u0103 la utilizarea intensiv\u0103. Etichet\u0103 u\u0219or de \u00eendep\u0103rtat. Disponibil\u0103 \u00een m\u0103rimile S, M, L, XL, XXL \u0219i 3XL.<\/p>","protected":false},"excerpt":{"rendered":"<p>C\u0103ma\u0219\u0103 polo pentru adul\u021bi cu m\u00e2nec\u0103 scurt\u0103, fabricat\u0103 din 100% bumbac piqu\u00e9 Ring Spun, 220g\/m2. Textur\u0103 moale \u0219i croial\u0103 modern\u0103,<\/p>","protected":false},"featured_media":134838,"comment_status":"open","ping_status":"closed","template":"","meta":[],"product_brand":[],"product_cat":[191],"product_tag":[],"class_list":{"0":"post-93365","1":"product","2":"type-product","3":"status-publish","4":"has-post-thumbnail","6":"product_cat-textile","8":"first","9":"instock","10":"shipping-taxable","11":"purchasable","12":"product-type-variable"},"yoast_head":"<!-- This site is optimized with the Yoast SEO plugin v27.4 - https:\/\/yoast.com\/product\/yoast-seo-wordpress\/ -->\n<title>Koupan - Promis.ro<\/title>\n<meta name=\"description\" content=\"C\u0103ma\u0219\u0103 polo pentru adul\u021bi cu m\u00e2nec\u0103 scurt\u0103, fabricat\u0103 din 100% bumbac piqu\u00e9 Ring Spun, 220g\/m2. Textur\u0103 moale \u0219i croial\u0103 modern\u0103, cu deschideri laterale\" \/>\n<meta name=\"robots\" content=\"index, follow, max-snippet:-1, max-image-preview:large, max-video-preview:-1\" \/>\n<link rel=\"canonical\" href=\"https:\/\/promis.ro\/ro\/produs\/koupan\/\" \/>\n<meta property=\"og:locale\" content=\"ro_RO\" \/>\n<meta property=\"og:type\" content=\"article\" \/>\n<meta property=\"og:title\" content=\"Koupan - Promis.ro\" \/>\n<meta property=\"og:description\" content=\"C\u0103ma\u0219\u0103 polo pentru adul\u021bi cu m\u00e2nec\u0103 scurt\u0103, fabricat\u0103 din 100% bumbac piqu\u00e9 Ring Spun, 220g\/m2. Textur\u0103 moale \u0219i croial\u0103 modern\u0103, cu deschideri laterale\" \/>\n<meta property=\"og:url\" content=\"https:\/\/promis.ro\/ro\/produs\/koupan\/\" \/>\n<meta property=\"og:site_name\" content=\"Promis.ro\" \/>\n<meta property=\"article:modified_time\" content=\"2025-11-11T16:55:05+00:00\" \/>\n<meta property=\"og:image\" content=\"https:\/\/promis.ro\/wp-content\/uploads\/2025\/11\/21143-W-1.jpg\" \/>\n\t<meta property=\"og:image:width\" content=\"1080\" \/>\n\t<meta property=\"og:image:height\" content=\"1080\" \/>\n\t<meta property=\"og:image:type\" content=\"image\/jpeg\" \/>\n<meta name=\"twitter:card\" content=\"summary_large_image\" \/>\n<script type=\"application\/ld+json\" class=\"yoast-schema-graph\">{\"@context\":\"https:\\\/\\\/schema.org\",\"@graph\":[{\"@type\":\"WebPage\",\"@id\":\"https:\\\/\\\/promis.ro\\\/product\\\/koupan\\\/\",\"url\":\"https:\\\/\\\/promis.ro\\\/product\\\/koupan\\\/\",\"name\":\"Koupan - Promis.ro\",\"isPartOf\":{\"@id\":\"https:\\\/\\\/promis.ro\\\/#website\"},\"primaryImageOfPage\":{\"@id\":\"https:\\\/\\\/promis.ro\\\/product\\\/koupan\\\/#primaryimage\"},\"image\":{\"@id\":\"https:\\\/\\\/promis.ro\\\/product\\\/koupan\\\/#primaryimage\"},\"thumbnailUrl\":\"https:\\\/\\\/promis.ro\\\/wp-content\\\/uploads\\\/2025\\\/11\\\/21143-W-1.jpg\",\"datePublished\":\"2025-11-04T23:05:08+00:00\",\"dateModified\":\"2025-11-11T16:55:05+00:00\",\"description\":\"C\u0103ma\u0219\u0103 polo pentru adul\u021bi cu m\u00e2nec\u0103 scurt\u0103, fabricat\u0103 din 100% bumbac piqu\u00e9 Ring Spun, 220g\\\/m2. Textur\u0103 moale \u0219i croial\u0103 modern\u0103, cu deschideri laterale\",\"breadcrumb\":{\"@id\":\"https:\\\/\\\/promis.ro\\\/product\\\/koupan\\\/#breadcrumb\"},\"inLanguage\":\"ro-RO\",\"potentialAction\":[{\"@type\":\"ReadAction\",\"target\":[\"https:\\\/\\\/promis.ro\\\/product\\\/koupan\\\/\"]}]},{\"@type\":\"ImageObject\",\"inLanguage\":\"ro-RO\",\"@id\":\"https:\\\/\\\/promis.ro\\\/product\\\/koupan\\\/#primaryimage\",\"url\":\"https:\\\/\\\/promis.ro\\\/wp-content\\\/uploads\\\/2025\\\/11\\\/21143-W-1.jpg\",\"contentUrl\":\"https:\\\/\\\/promis.ro\\\/wp-content\\\/uploads\\\/2025\\\/11\\\/21143-W-1.jpg\",\"width\":1080,\"height\":1080},{\"@type\":\"BreadcrumbList\",\"@id\":\"https:\\\/\\\/promis.ro\\\/product\\\/koupan\\\/#breadcrumb\",\"itemListElement\":[{\"@type\":\"ListItem\",\"position\":1,\"name\":\"Home\",\"item\":\"https:\\\/\\\/promis.ro\\\/\"},{\"@type\":\"ListItem\",\"position\":2,\"name\":\"Magazin\",\"item\":\"https:\\\/\\\/promis.ro\\\/magazin\\\/\"},{\"@type\":\"ListItem\",\"position\":3,\"name\":\"Koupan\"}]},{\"@type\":\"WebSite\",\"@id\":\"https:\\\/\\\/promis.ro\\\/#website\",\"url\":\"https:\\\/\\\/promis.ro\\\/\",\"name\":\"Promis.ro\",\"description\":\"\",\"potentialAction\":[{\"@type\":\"SearchAction\",\"target\":{\"@type\":\"EntryPoint\",\"urlTemplate\":\"https:\\\/\\\/promis.ro\\\/?s={search_term_string}\"},\"query-input\":{\"@type\":\"PropertyValueSpecification\",\"valueRequired\":true,\"valueName\":\"search_term_string\"}}],\"inLanguage\":\"ro-RO\"}]}<\/script>\n<!-- \/ Yoast SEO plugin. -->","yoast_head_json":{"title":"Koupan - Promis.ro","description":"C\u0103ma\u0219\u0103 polo pentru adul\u021bi cu m\u00e2nec\u0103 scurt\u0103, fabricat\u0103 din 100% bumbac piqu\u00e9 Ring Spun, 220g\/m2. Textur\u0103 moale \u0219i croial\u0103 modern\u0103, cu deschideri laterale","robots":{"index":"index","follow":"follow","max-snippet":"max-snippet:-1","max-image-preview":"max-image-preview:large","max-video-preview":"max-video-preview:-1"},"canonical":"https:\/\/promis.ro\/ro\/produs\/koupan\/","og_locale":"ro_RO","og_type":"article","og_title":"Koupan - Promis.ro","og_description":"C\u0103ma\u0219\u0103 polo pentru adul\u021bi cu m\u00e2nec\u0103 scurt\u0103, fabricat\u0103 din 100% bumbac piqu\u00e9 Ring Spun, 220g\/m2. Textur\u0103 moale \u0219i croial\u0103 modern\u0103, cu deschideri laterale","og_url":"https:\/\/promis.ro\/ro\/produs\/koupan\/","og_site_name":"Promis.ro","article_modified_time":"2025-11-11T16:55:05+00:00","og_image":[{"width":1080,"height":1080,"url":"https:\/\/promis.ro\/wp-content\/uploads\/2025\/11\/21143-W-1.jpg","type":"image\/jpeg"}],"twitter_card":"summary_large_image","schema":{"@context":"https:\/\/schema.org","@graph":[{"@type":"WebPage","@id":"https:\/\/promis.ro\/product\/koupan\/","url":"https:\/\/promis.ro\/product\/koupan\/","name":"Koupan - Promis.ro","isPartOf":{"@id":"https:\/\/promis.ro\/#website"},"primaryImageOfPage":{"@id":"https:\/\/promis.ro\/product\/koupan\/#primaryimage"},"image":{"@id":"https:\/\/promis.ro\/product\/koupan\/#primaryimage"},"thumbnailUrl":"https:\/\/promis.ro\/wp-content\/uploads\/2025\/11\/21143-W-1.jpg","datePublished":"2025-11-04T23:05:08+00:00","dateModified":"2025-11-11T16:55:05+00:00","description":"C\u0103ma\u0219\u0103 polo pentru adul\u021bi cu m\u00e2nec\u0103 scurt\u0103, fabricat\u0103 din 100% bumbac piqu\u00e9 Ring Spun, 220g\/m2. Textur\u0103 moale \u0219i croial\u0103 modern\u0103, cu deschideri laterale","breadcrumb":{"@id":"https:\/\/promis.ro\/product\/koupan\/#breadcrumb"},"inLanguage":"ro-RO","potentialAction":[{"@type":"ReadAction","target":["https:\/\/promis.ro\/product\/koupan\/"]}]},{"@type":"ImageObject","inLanguage":"ro-RO","@id":"https:\/\/promis.ro\/product\/koupan\/#primaryimage","url":"https:\/\/promis.ro\/wp-content\/uploads\/2025\/11\/21143-W-1.jpg","contentUrl":"https:\/\/promis.ro\/wp-content\/uploads\/2025\/11\/21143-W-1.jpg","width":1080,"height":1080},{"@type":"BreadcrumbList","@id":"https:\/\/promis.ro\/product\/koupan\/#breadcrumb","itemListElement":[{"@type":"ListItem","position":1,"name":"Home","item":"https:\/\/promis.ro\/"},{"@type":"ListItem","position":2,"name":"Magazin","item":"https:\/\/promis.ro\/magazin\/"},{"@type":"ListItem","position":3,"name":"Koupan"}]},{"@type":"WebSite","@id":"https:\/\/promis.ro\/#website","url":"https:\/\/promis.ro\/","name":"Promis.ro","description":"","potentialAction":[{"@type":"SearchAction","target":{"@type":"EntryPoint","urlTemplate":"https:\/\/promis.ro\/?s={search_term_string}"},"query-input":{"@type":"PropertyValueSpecification","valueRequired":true,"valueName":"search_term_string"}}],"inLanguage":"ro-RO"}]}},"_links":{"self":[{"href":"https:\/\/promis.ro\/ro\/wp-json\/wp\/v2\/product\/93365","targetHints":{"allow":["GET"]}}],"collection":[{"href":"https:\/\/promis.ro\/ro\/wp-json\/wp\/v2\/product"}],"about":[{"href":"https:\/\/promis.ro\/ro\/wp-json\/wp\/v2\/types\/product"}],"replies":[{"embeddable":true,"href":"https:\/\/promis.ro\/ro\/wp-json\/wp\/v2\/comments?post=93365"}],"version-history":[{"count":1,"href":"https:\/\/promis.ro\/ro\/wp-json\/wp\/v2\/product\/93365\/revisions"}],"predecessor-version":[{"id":111813,"href":"https:\/\/promis.ro\/ro\/wp-json\/wp\/v2\/product\/93365\/revisions\/111813"}],"wp:featuredmedia":[{"embeddable":true,"href":"https:\/\/promis.ro\/ro\/wp-json\/wp\/v2\/media\/134838"}],"wp:attachment":[{"href":"https:\/\/promis.ro\/ro\/wp-json\/wp\/v2\/media?parent=93365"}],"wp:term":[{"taxonomy":"product_brand","embeddable":true,"href":"https:\/\/promis.ro\/ro\/wp-json\/wp\/v2\/product_brand?post=93365"},{"taxonomy":"product_cat","embeddable":true,"href":"https:\/\/promis.ro\/ro\/wp-json\/wp\/v2\/product_cat?post=93365"},{"taxonomy":"product_tag","embeddable":true,"href":"https:\/\/promis.ro\/ro\/wp-json\/wp\/v2\/product_tag?post=93365"}],"curies":[{"name":"wp","href":"https:\/\/api.w.org\/{rel}","templated":true}]}}