{"id":93368,"date":"2025-11-04T23:05:10","date_gmt":"2025-11-04T23:05:10","guid":{"rendered":"https:\/\/promis.ro\/product\/toret\/"},"modified":"2025-11-11T16:55:44","modified_gmt":"2025-11-11T16:55:44","slug":"toret","status":"publish","type":"product","link":"https:\/\/promis.ro\/ro\/produs\/toret\/","title":{"rendered":"Toret"},"content":{"rendered":"<p>Vest\u0103 rezistent\u0103 la v\u00e2nt \u0219i ap\u0103, realizat\u0103 dintr-o combina\u021bie cald\u0103 de materiale soft shell \u0219i poliester, cu interior c\u0103ptu\u0219it. Construc\u021bie elegant\u0103 \u00eentr-o gam\u0103 larg\u0103 de culori, cu detalii \u0219i laterale negre. \u00cenchidere cu fermoar \u0219i buzunare laterale cu fermoar, dotate cu m\u00e2nere pentru deschidere u\u0219oar\u0103. Disponibil\u0103 \u00een m\u0103rimile S, M, L, XL, XXL.<\/p>","protected":false},"excerpt":{"rendered":"<p>Vest\u0103 rezistent\u0103 la v\u00e2nt \u0219i ap\u0103, realizat\u0103 dintr-o combina\u021bie cald\u0103 de materiale soft shell \u0219i poliester, cu interior c\u0103ptu\u0219it. Construc\u021bie<\/p>","protected":false},"featured_media":134849,"comment_status":"open","ping_status":"closed","template":"","meta":[],"product_brand":[],"product_cat":[191],"product_tag":[],"class_list":{"0":"post-93368","1":"product","2":"type-product","3":"status-publish","4":"has-post-thumbnail","6":"product_cat-textile","8":"first","9":"instock","10":"shipping-taxable","11":"purchasable","12":"product-type-variable"},"yoast_head":"<!-- This site is optimized with the Yoast SEO plugin v27.4 - https:\/\/yoast.com\/product\/yoast-seo-wordpress\/ -->\n<title>Toret - Promis.ro<\/title>\n<meta name=\"description\" content=\"Vest\u0103 rezistent\u0103 la v\u00e2nt \u0219i ap\u0103, realizat\u0103 dintr-o combina\u021bie cald\u0103 de materiale soft shell \u0219i poliester, cu interior c\u0103ptu\u0219it. Construc\u021bie elegant\u0103\" \/>\n<meta name=\"robots\" content=\"index, follow, max-snippet:-1, max-image-preview:large, max-video-preview:-1\" \/>\n<link rel=\"canonical\" href=\"https:\/\/promis.ro\/ro\/produs\/toret\/\" \/>\n<meta property=\"og:locale\" content=\"ro_RO\" \/>\n<meta property=\"og:type\" content=\"article\" \/>\n<meta property=\"og:title\" content=\"Toret - Promis.ro\" \/>\n<meta property=\"og:description\" content=\"Vest\u0103 rezistent\u0103 la v\u00e2nt \u0219i ap\u0103, realizat\u0103 dintr-o combina\u021bie cald\u0103 de materiale soft shell \u0219i poliester, cu interior c\u0103ptu\u0219it. Construc\u021bie elegant\u0103\" \/>\n<meta property=\"og:url\" content=\"https:\/\/promis.ro\/ro\/produs\/toret\/\" \/>\n<meta property=\"og:site_name\" content=\"Promis.ro\" \/>\n<meta property=\"article:modified_time\" content=\"2025-11-11T16:55:44+00:00\" \/>\n<meta property=\"og:image\" content=\"https:\/\/promis.ro\/wp-content\/uploads\/2025\/11\/21146-W-1.jpg\" \/>\n\t<meta property=\"og:image:width\" content=\"1080\" \/>\n\t<meta property=\"og:image:height\" content=\"1080\" \/>\n\t<meta property=\"og:image:type\" content=\"image\/jpeg\" \/>\n<meta name=\"twitter:card\" content=\"summary_large_image\" \/>\n<script type=\"application\/ld+json\" class=\"yoast-schema-graph\">{\"@context\":\"https:\\\/\\\/schema.org\",\"@graph\":[{\"@type\":\"WebPage\",\"@id\":\"https:\\\/\\\/promis.ro\\\/product\\\/toret\\\/\",\"url\":\"https:\\\/\\\/promis.ro\\\/product\\\/toret\\\/\",\"name\":\"Toret - Promis.ro\",\"isPartOf\":{\"@id\":\"https:\\\/\\\/promis.ro\\\/#website\"},\"primaryImageOfPage\":{\"@id\":\"https:\\\/\\\/promis.ro\\\/product\\\/toret\\\/#primaryimage\"},\"image\":{\"@id\":\"https:\\\/\\\/promis.ro\\\/product\\\/toret\\\/#primaryimage\"},\"thumbnailUrl\":\"https:\\\/\\\/promis.ro\\\/wp-content\\\/uploads\\\/2025\\\/11\\\/21146-W-1.jpg\",\"datePublished\":\"2025-11-04T23:05:10+00:00\",\"dateModified\":\"2025-11-11T16:55:44+00:00\",\"description\":\"Vest\u0103 rezistent\u0103 la v\u00e2nt \u0219i ap\u0103, realizat\u0103 dintr-o combina\u021bie cald\u0103 de materiale soft shell \u0219i poliester, cu interior c\u0103ptu\u0219it. Construc\u021bie elegant\u0103\",\"breadcrumb\":{\"@id\":\"https:\\\/\\\/promis.ro\\\/product\\\/toret\\\/#breadcrumb\"},\"inLanguage\":\"ro-RO\",\"potentialAction\":[{\"@type\":\"ReadAction\",\"target\":[\"https:\\\/\\\/promis.ro\\\/product\\\/toret\\\/\"]}]},{\"@type\":\"ImageObject\",\"inLanguage\":\"ro-RO\",\"@id\":\"https:\\\/\\\/promis.ro\\\/product\\\/toret\\\/#primaryimage\",\"url\":\"https:\\\/\\\/promis.ro\\\/wp-content\\\/uploads\\\/2025\\\/11\\\/21146-W-1.jpg\",\"contentUrl\":\"https:\\\/\\\/promis.ro\\\/wp-content\\\/uploads\\\/2025\\\/11\\\/21146-W-1.jpg\",\"width\":1080,\"height\":1080},{\"@type\":\"BreadcrumbList\",\"@id\":\"https:\\\/\\\/promis.ro\\\/product\\\/toret\\\/#breadcrumb\",\"itemListElement\":[{\"@type\":\"ListItem\",\"position\":1,\"name\":\"Home\",\"item\":\"https:\\\/\\\/promis.ro\\\/\"},{\"@type\":\"ListItem\",\"position\":2,\"name\":\"Magazin\",\"item\":\"https:\\\/\\\/promis.ro\\\/magazin\\\/\"},{\"@type\":\"ListItem\",\"position\":3,\"name\":\"Toret\"}]},{\"@type\":\"WebSite\",\"@id\":\"https:\\\/\\\/promis.ro\\\/#website\",\"url\":\"https:\\\/\\\/promis.ro\\\/\",\"name\":\"Promis.ro\",\"description\":\"\",\"potentialAction\":[{\"@type\":\"SearchAction\",\"target\":{\"@type\":\"EntryPoint\",\"urlTemplate\":\"https:\\\/\\\/promis.ro\\\/?s={search_term_string}\"},\"query-input\":{\"@type\":\"PropertyValueSpecification\",\"valueRequired\":true,\"valueName\":\"search_term_string\"}}],\"inLanguage\":\"ro-RO\"}]}<\/script>\n<!-- \/ Yoast SEO plugin. -->","yoast_head_json":{"title":"Toret - Promis.ro","description":"Vest\u0103 rezistent\u0103 la v\u00e2nt \u0219i ap\u0103, realizat\u0103 dintr-o combina\u021bie cald\u0103 de materiale soft shell \u0219i poliester, cu interior c\u0103ptu\u0219it. Construc\u021bie elegant\u0103","robots":{"index":"index","follow":"follow","max-snippet":"max-snippet:-1","max-image-preview":"max-image-preview:large","max-video-preview":"max-video-preview:-1"},"canonical":"https:\/\/promis.ro\/ro\/produs\/toret\/","og_locale":"ro_RO","og_type":"article","og_title":"Toret - Promis.ro","og_description":"Vest\u0103 rezistent\u0103 la v\u00e2nt \u0219i ap\u0103, realizat\u0103 dintr-o combina\u021bie cald\u0103 de materiale soft shell \u0219i poliester, cu interior c\u0103ptu\u0219it. Construc\u021bie elegant\u0103","og_url":"https:\/\/promis.ro\/ro\/produs\/toret\/","og_site_name":"Promis.ro","article_modified_time":"2025-11-11T16:55:44+00:00","og_image":[{"width":1080,"height":1080,"url":"https:\/\/promis.ro\/wp-content\/uploads\/2025\/11\/21146-W-1.jpg","type":"image\/jpeg"}],"twitter_card":"summary_large_image","schema":{"@context":"https:\/\/schema.org","@graph":[{"@type":"WebPage","@id":"https:\/\/promis.ro\/product\/toret\/","url":"https:\/\/promis.ro\/product\/toret\/","name":"Toret - Promis.ro","isPartOf":{"@id":"https:\/\/promis.ro\/#website"},"primaryImageOfPage":{"@id":"https:\/\/promis.ro\/product\/toret\/#primaryimage"},"image":{"@id":"https:\/\/promis.ro\/product\/toret\/#primaryimage"},"thumbnailUrl":"https:\/\/promis.ro\/wp-content\/uploads\/2025\/11\/21146-W-1.jpg","datePublished":"2025-11-04T23:05:10+00:00","dateModified":"2025-11-11T16:55:44+00:00","description":"Vest\u0103 rezistent\u0103 la v\u00e2nt \u0219i ap\u0103, realizat\u0103 dintr-o combina\u021bie cald\u0103 de materiale soft shell \u0219i poliester, cu interior c\u0103ptu\u0219it. Construc\u021bie elegant\u0103","breadcrumb":{"@id":"https:\/\/promis.ro\/product\/toret\/#breadcrumb"},"inLanguage":"ro-RO","potentialAction":[{"@type":"ReadAction","target":["https:\/\/promis.ro\/product\/toret\/"]}]},{"@type":"ImageObject","inLanguage":"ro-RO","@id":"https:\/\/promis.ro\/product\/toret\/#primaryimage","url":"https:\/\/promis.ro\/wp-content\/uploads\/2025\/11\/21146-W-1.jpg","contentUrl":"https:\/\/promis.ro\/wp-content\/uploads\/2025\/11\/21146-W-1.jpg","width":1080,"height":1080},{"@type":"BreadcrumbList","@id":"https:\/\/promis.ro\/product\/toret\/#breadcrumb","itemListElement":[{"@type":"ListItem","position":1,"name":"Home","item":"https:\/\/promis.ro\/"},{"@type":"ListItem","position":2,"name":"Magazin","item":"https:\/\/promis.ro\/magazin\/"},{"@type":"ListItem","position":3,"name":"Toret"}]},{"@type":"WebSite","@id":"https:\/\/promis.ro\/#website","url":"https:\/\/promis.ro\/","name":"Promis.ro","description":"","potentialAction":[{"@type":"SearchAction","target":{"@type":"EntryPoint","urlTemplate":"https:\/\/promis.ro\/?s={search_term_string}"},"query-input":{"@type":"PropertyValueSpecification","valueRequired":true,"valueName":"search_term_string"}}],"inLanguage":"ro-RO"}]}},"_links":{"self":[{"href":"https:\/\/promis.ro\/ro\/wp-json\/wp\/v2\/product\/93368","targetHints":{"allow":["GET"]}}],"collection":[{"href":"https:\/\/promis.ro\/ro\/wp-json\/wp\/v2\/product"}],"about":[{"href":"https:\/\/promis.ro\/ro\/wp-json\/wp\/v2\/types\/product"}],"replies":[{"embeddable":true,"href":"https:\/\/promis.ro\/ro\/wp-json\/wp\/v2\/comments?post=93368"}],"version-history":[{"count":1,"href":"https:\/\/promis.ro\/ro\/wp-json\/wp\/v2\/product\/93368\/revisions"}],"predecessor-version":[{"id":111810,"href":"https:\/\/promis.ro\/ro\/wp-json\/wp\/v2\/product\/93368\/revisions\/111810"}],"wp:featuredmedia":[{"embeddable":true,"href":"https:\/\/promis.ro\/ro\/wp-json\/wp\/v2\/media\/134849"}],"wp:attachment":[{"href":"https:\/\/promis.ro\/ro\/wp-json\/wp\/v2\/media?parent=93368"}],"wp:term":[{"taxonomy":"product_brand","embeddable":true,"href":"https:\/\/promis.ro\/ro\/wp-json\/wp\/v2\/product_brand?post=93368"},{"taxonomy":"product_cat","embeddable":true,"href":"https:\/\/promis.ro\/ro\/wp-json\/wp\/v2\/product_cat?post=93368"},{"taxonomy":"product_tag","embeddable":true,"href":"https:\/\/promis.ro\/ro\/wp-json\/wp\/v2\/product_tag?post=93368"}],"curies":[{"name":"wp","href":"https:\/\/api.w.org\/{rel}","templated":true}]}}