{"id":93371,"date":"2025-11-04T23:05:12","date_gmt":"2025-11-04T23:05:12","guid":{"rendered":"https:\/\/promis.ro\/product\/tecnic-kassar\/"},"modified":"2025-11-11T16:56:09","modified_gmt":"2025-11-11T16:56:09","slug":"tecnic-kassar","status":"publish","type":"product","link":"https:\/\/promis.ro\/ro\/produs\/tecnic-kassar\/","title":{"rendered":"Tecnic Kassar"},"content":{"rendered":"<p>Tricou tehnic pentru adul\u021bi din material respirabil RPET de 135g\/m2 \u0219i Space Dye. Cu m\u00e2neci raglan, guler rotund \u0219i etichet\u0103 cu logo RPET. Disponibil \u00eentr-o gam\u0103 larg\u0103 de culori Space Dye \u0219i \u00een m\u0103rimile XS, S, M, L, XL, XXL. Materialul RPET este fabricat din plastic reciclat, promov\u00e2nd astfel reutilizarea de\u0219eurilor plastice \u0219i ajut\u00e2nd la sustenabilitatea planetei.<\/p>","protected":false},"excerpt":{"rendered":"<p>Tricou tehnic pentru adul\u021bi din material respirabil RPET de 135g\/m2 \u0219i Space Dye. Cu m\u00e2neci raglan, guler rotund \u0219i etichet\u0103<\/p>","protected":false},"featured_media":134864,"comment_status":"open","ping_status":"closed","template":"","meta":[],"product_brand":[],"product_cat":[197],"product_tag":[],"class_list":{"0":"post-93371","1":"product","2":"type-product","3":"status-publish","4":"has-post-thumbnail","6":"product_cat-articole-durabile","8":"first","9":"instock","10":"shipping-taxable","11":"purchasable","12":"product-type-variable"},"yoast_head":"<!-- This site is optimized with the Yoast SEO plugin v27.4 - https:\/\/yoast.com\/product\/yoast-seo-wordpress\/ -->\n<title>Tecnic Kassar - Promis.ro<\/title>\n<meta name=\"description\" content=\"Tricou tehnic pentru adul\u021bi din material respirabil RPET de 135g\/m2 \u0219i Space Dye. Cu m\u00e2neci raglan, guler rotund \u0219i etichet\u0103 cu logo RPET. Disponibil\" \/>\n<meta name=\"robots\" content=\"index, follow, max-snippet:-1, max-image-preview:large, max-video-preview:-1\" \/>\n<link rel=\"canonical\" href=\"https:\/\/promis.ro\/ro\/produs\/tecnic-kassar\/\" \/>\n<meta property=\"og:locale\" content=\"ro_RO\" \/>\n<meta property=\"og:type\" content=\"article\" \/>\n<meta property=\"og:title\" content=\"Tecnic Kassar - Promis.ro\" \/>\n<meta property=\"og:description\" content=\"Tricou tehnic pentru adul\u021bi din material respirabil RPET de 135g\/m2 \u0219i Space Dye. Cu m\u00e2neci raglan, guler rotund \u0219i etichet\u0103 cu logo RPET. Disponibil\" \/>\n<meta property=\"og:url\" content=\"https:\/\/promis.ro\/ro\/produs\/tecnic-kassar\/\" \/>\n<meta property=\"og:site_name\" content=\"Promis.ro\" \/>\n<meta property=\"article:modified_time\" content=\"2025-11-11T16:56:09+00:00\" \/>\n<meta property=\"og:image\" content=\"https:\/\/promis.ro\/wp-content\/uploads\/2025\/11\/21149-W-1.jpg\" \/>\n\t<meta property=\"og:image:width\" content=\"1080\" \/>\n\t<meta property=\"og:image:height\" content=\"1080\" \/>\n\t<meta property=\"og:image:type\" content=\"image\/jpeg\" \/>\n<meta name=\"twitter:card\" content=\"summary_large_image\" \/>\n<script type=\"application\/ld+json\" class=\"yoast-schema-graph\">{\"@context\":\"https:\\\/\\\/schema.org\",\"@graph\":[{\"@type\":\"WebPage\",\"@id\":\"https:\\\/\\\/promis.ro\\\/product\\\/tecnic-kassar\\\/\",\"url\":\"https:\\\/\\\/promis.ro\\\/product\\\/tecnic-kassar\\\/\",\"name\":\"Tecnic Kassar - Promis.ro\",\"isPartOf\":{\"@id\":\"https:\\\/\\\/promis.ro\\\/#website\"},\"primaryImageOfPage\":{\"@id\":\"https:\\\/\\\/promis.ro\\\/product\\\/tecnic-kassar\\\/#primaryimage\"},\"image\":{\"@id\":\"https:\\\/\\\/promis.ro\\\/product\\\/tecnic-kassar\\\/#primaryimage\"},\"thumbnailUrl\":\"https:\\\/\\\/promis.ro\\\/wp-content\\\/uploads\\\/2025\\\/11\\\/21149-W-1.jpg\",\"datePublished\":\"2025-11-04T23:05:12+00:00\",\"dateModified\":\"2025-11-11T16:56:09+00:00\",\"description\":\"Tricou tehnic pentru adul\u021bi din material respirabil RPET de 135g\\\/m2 \u0219i Space Dye. Cu m\u00e2neci raglan, guler rotund \u0219i etichet\u0103 cu logo RPET. Disponibil\",\"breadcrumb\":{\"@id\":\"https:\\\/\\\/promis.ro\\\/product\\\/tecnic-kassar\\\/#breadcrumb\"},\"inLanguage\":\"ro-RO\",\"potentialAction\":[{\"@type\":\"ReadAction\",\"target\":[\"https:\\\/\\\/promis.ro\\\/product\\\/tecnic-kassar\\\/\"]}]},{\"@type\":\"ImageObject\",\"inLanguage\":\"ro-RO\",\"@id\":\"https:\\\/\\\/promis.ro\\\/product\\\/tecnic-kassar\\\/#primaryimage\",\"url\":\"https:\\\/\\\/promis.ro\\\/wp-content\\\/uploads\\\/2025\\\/11\\\/21149-W-1.jpg\",\"contentUrl\":\"https:\\\/\\\/promis.ro\\\/wp-content\\\/uploads\\\/2025\\\/11\\\/21149-W-1.jpg\",\"width\":1080,\"height\":1080},{\"@type\":\"BreadcrumbList\",\"@id\":\"https:\\\/\\\/promis.ro\\\/product\\\/tecnic-kassar\\\/#breadcrumb\",\"itemListElement\":[{\"@type\":\"ListItem\",\"position\":1,\"name\":\"Home\",\"item\":\"https:\\\/\\\/promis.ro\\\/\"},{\"@type\":\"ListItem\",\"position\":2,\"name\":\"Magazin\",\"item\":\"https:\\\/\\\/promis.ro\\\/magazin\\\/\"},{\"@type\":\"ListItem\",\"position\":3,\"name\":\"Tecnic Kassar\"}]},{\"@type\":\"WebSite\",\"@id\":\"https:\\\/\\\/promis.ro\\\/#website\",\"url\":\"https:\\\/\\\/promis.ro\\\/\",\"name\":\"Promis.ro\",\"description\":\"\",\"potentialAction\":[{\"@type\":\"SearchAction\",\"target\":{\"@type\":\"EntryPoint\",\"urlTemplate\":\"https:\\\/\\\/promis.ro\\\/?s={search_term_string}\"},\"query-input\":{\"@type\":\"PropertyValueSpecification\",\"valueRequired\":true,\"valueName\":\"search_term_string\"}}],\"inLanguage\":\"ro-RO\"}]}<\/script>\n<!-- \/ Yoast SEO plugin. -->","yoast_head_json":{"title":"Tecnic Kassar - Promis.ro","description":"Tricou tehnic pentru adul\u021bi din material respirabil RPET de 135g\/m2 \u0219i Space Dye. Cu m\u00e2neci raglan, guler rotund \u0219i etichet\u0103 cu logo RPET. Disponibil","robots":{"index":"index","follow":"follow","max-snippet":"max-snippet:-1","max-image-preview":"max-image-preview:large","max-video-preview":"max-video-preview:-1"},"canonical":"https:\/\/promis.ro\/ro\/produs\/tecnic-kassar\/","og_locale":"ro_RO","og_type":"article","og_title":"Tecnic Kassar - Promis.ro","og_description":"Tricou tehnic pentru adul\u021bi din material respirabil RPET de 135g\/m2 \u0219i Space Dye. Cu m\u00e2neci raglan, guler rotund \u0219i etichet\u0103 cu logo RPET. Disponibil","og_url":"https:\/\/promis.ro\/ro\/produs\/tecnic-kassar\/","og_site_name":"Promis.ro","article_modified_time":"2025-11-11T16:56:09+00:00","og_image":[{"width":1080,"height":1080,"url":"https:\/\/promis.ro\/wp-content\/uploads\/2025\/11\/21149-W-1.jpg","type":"image\/jpeg"}],"twitter_card":"summary_large_image","schema":{"@context":"https:\/\/schema.org","@graph":[{"@type":"WebPage","@id":"https:\/\/promis.ro\/product\/tecnic-kassar\/","url":"https:\/\/promis.ro\/product\/tecnic-kassar\/","name":"Tecnic Kassar - Promis.ro","isPartOf":{"@id":"https:\/\/promis.ro\/#website"},"primaryImageOfPage":{"@id":"https:\/\/promis.ro\/product\/tecnic-kassar\/#primaryimage"},"image":{"@id":"https:\/\/promis.ro\/product\/tecnic-kassar\/#primaryimage"},"thumbnailUrl":"https:\/\/promis.ro\/wp-content\/uploads\/2025\/11\/21149-W-1.jpg","datePublished":"2025-11-04T23:05:12+00:00","dateModified":"2025-11-11T16:56:09+00:00","description":"Tricou tehnic pentru adul\u021bi din material respirabil RPET de 135g\/m2 \u0219i Space Dye. Cu m\u00e2neci raglan, guler rotund \u0219i etichet\u0103 cu logo RPET. Disponibil","breadcrumb":{"@id":"https:\/\/promis.ro\/product\/tecnic-kassar\/#breadcrumb"},"inLanguage":"ro-RO","potentialAction":[{"@type":"ReadAction","target":["https:\/\/promis.ro\/product\/tecnic-kassar\/"]}]},{"@type":"ImageObject","inLanguage":"ro-RO","@id":"https:\/\/promis.ro\/product\/tecnic-kassar\/#primaryimage","url":"https:\/\/promis.ro\/wp-content\/uploads\/2025\/11\/21149-W-1.jpg","contentUrl":"https:\/\/promis.ro\/wp-content\/uploads\/2025\/11\/21149-W-1.jpg","width":1080,"height":1080},{"@type":"BreadcrumbList","@id":"https:\/\/promis.ro\/product\/tecnic-kassar\/#breadcrumb","itemListElement":[{"@type":"ListItem","position":1,"name":"Home","item":"https:\/\/promis.ro\/"},{"@type":"ListItem","position":2,"name":"Magazin","item":"https:\/\/promis.ro\/magazin\/"},{"@type":"ListItem","position":3,"name":"Tecnic Kassar"}]},{"@type":"WebSite","@id":"https:\/\/promis.ro\/#website","url":"https:\/\/promis.ro\/","name":"Promis.ro","description":"","potentialAction":[{"@type":"SearchAction","target":{"@type":"EntryPoint","urlTemplate":"https:\/\/promis.ro\/?s={search_term_string}"},"query-input":{"@type":"PropertyValueSpecification","valueRequired":true,"valueName":"search_term_string"}}],"inLanguage":"ro-RO"}]}},"_links":{"self":[{"href":"https:\/\/promis.ro\/ro\/wp-json\/wp\/v2\/product\/93371","targetHints":{"allow":["GET"]}}],"collection":[{"href":"https:\/\/promis.ro\/ro\/wp-json\/wp\/v2\/product"}],"about":[{"href":"https:\/\/promis.ro\/ro\/wp-json\/wp\/v2\/types\/product"}],"replies":[{"embeddable":true,"href":"https:\/\/promis.ro\/ro\/wp-json\/wp\/v2\/comments?post=93371"}],"version-history":[{"count":1,"href":"https:\/\/promis.ro\/ro\/wp-json\/wp\/v2\/product\/93371\/revisions"}],"predecessor-version":[{"id":111819,"href":"https:\/\/promis.ro\/ro\/wp-json\/wp\/v2\/product\/93371\/revisions\/111819"}],"wp:featuredmedia":[{"embeddable":true,"href":"https:\/\/promis.ro\/ro\/wp-json\/wp\/v2\/media\/134864"}],"wp:attachment":[{"href":"https:\/\/promis.ro\/ro\/wp-json\/wp\/v2\/media?parent=93371"}],"wp:term":[{"taxonomy":"product_brand","embeddable":true,"href":"https:\/\/promis.ro\/ro\/wp-json\/wp\/v2\/product_brand?post=93371"},{"taxonomy":"product_cat","embeddable":true,"href":"https:\/\/promis.ro\/ro\/wp-json\/wp\/v2\/product_cat?post=93371"},{"taxonomy":"product_tag","embeddable":true,"href":"https:\/\/promis.ro\/ro\/wp-json\/wp\/v2\/product_tag?post=93371"}],"curies":[{"name":"wp","href":"https:\/\/api.w.org\/{rel}","templated":true}]}}