{"id":93377,"date":"2025-11-04T23:05:15","date_gmt":"2025-11-04T23:05:15","guid":{"rendered":"https:\/\/promis.ro\/product\/tecnic-kannur\/"},"modified":"2025-11-11T16:56:54","modified_gmt":"2025-11-11T16:56:54","slug":"tecnic-kannur","status":"publish","type":"product","link":"https:\/\/promis.ro\/ro\/produs\/tecnic-kannur\/","title":{"rendered":"Tecnic Kannur"},"content":{"rendered":"<p>C\u0103ma\u0219\u0103 tehnic\u0103 unisex cu design original \u00een dungi, \u00een combina\u021bie cu \u021bes\u0103tur\u0103 micro-perforat\u0103 respirabil\u0103 \u00een zona axilelor \u0219i pe laterale. Fabricat\u0103 din material moale 100% poliester 135g\/m2, fiind o c\u0103ma\u0219\u0103 foarte confortabil\u0103, u\u0219oar\u0103 \u0219i respirabil\u0103, ideal\u0103 pentru sport \u0219i, de asemenea, pentru utilizarea zilnic\u0103. Croial\u0103 modern\u0103, m\u00e2neci raglan \u0219i guler rotund, cu tiv dublu cusut \u0219i m\u00e2neci din \u021bes\u0103tur\u0103 dubl\u0103 pentru o durabilitate \u0219i rezisten\u021b\u0103 mai mare la utilizarea intensiv\u0103. Disponibil\u0103 \u00een m\u0103rimile XS, S, M, L, XL \u0219i XXL.<\/p>","protected":false},"excerpt":{"rendered":"<p>C\u0103ma\u0219\u0103 tehnic\u0103 unisex cu design original \u00een dungi, \u00een combina\u021bie cu \u021bes\u0103tur\u0103 micro-perforat\u0103 respirabil\u0103 \u00een zona axilelor \u0219i pe laterale.<\/p>","protected":false},"featured_media":134887,"comment_status":"open","ping_status":"closed","template":"","meta":[],"product_brand":[],"product_cat":[191],"product_tag":[],"class_list":{"0":"post-93377","1":"product","2":"type-product","3":"status-publish","4":"has-post-thumbnail","6":"product_cat-textile","8":"first","9":"instock","10":"shipping-taxable","11":"purchasable","12":"product-type-variable"},"yoast_head":"<!-- This site is optimized with the Yoast SEO plugin v27.4 - https:\/\/yoast.com\/product\/yoast-seo-wordpress\/ -->\n<title>Tecnic Kannur - Promis.ro<\/title>\n<meta name=\"description\" content=\"C\u0103ma\u0219\u0103 tehnic\u0103 unisex cu design original \u00een dungi, \u00een combina\u021bie cu \u021bes\u0103tur\u0103 micro-perforat\u0103 respirabil\u0103 \u00een zona axilelor \u0219i pe laterale. Fabricat\u0103 din\" \/>\n<meta name=\"robots\" content=\"index, follow, max-snippet:-1, max-image-preview:large, max-video-preview:-1\" \/>\n<link rel=\"canonical\" href=\"https:\/\/promis.ro\/ro\/produs\/tecnic-kannur\/\" \/>\n<meta property=\"og:locale\" content=\"ro_RO\" \/>\n<meta property=\"og:type\" content=\"article\" \/>\n<meta property=\"og:title\" content=\"Tecnic Kannur - Promis.ro\" \/>\n<meta property=\"og:description\" content=\"C\u0103ma\u0219\u0103 tehnic\u0103 unisex cu design original \u00een dungi, \u00een combina\u021bie cu \u021bes\u0103tur\u0103 micro-perforat\u0103 respirabil\u0103 \u00een zona axilelor \u0219i pe laterale. Fabricat\u0103 din\" \/>\n<meta property=\"og:url\" content=\"https:\/\/promis.ro\/ro\/produs\/tecnic-kannur\/\" \/>\n<meta property=\"og:site_name\" content=\"Promis.ro\" \/>\n<meta property=\"article:modified_time\" content=\"2025-11-11T16:56:54+00:00\" \/>\n<meta property=\"og:image\" content=\"https:\/\/promis.ro\/wp-content\/uploads\/2025\/11\/21155-W-1.jpg\" \/>\n\t<meta property=\"og:image:width\" content=\"1080\" \/>\n\t<meta property=\"og:image:height\" content=\"1080\" \/>\n\t<meta property=\"og:image:type\" content=\"image\/jpeg\" \/>\n<meta name=\"twitter:card\" content=\"summary_large_image\" \/>\n<script type=\"application\/ld+json\" class=\"yoast-schema-graph\">{\"@context\":\"https:\\\/\\\/schema.org\",\"@graph\":[{\"@type\":\"WebPage\",\"@id\":\"https:\\\/\\\/promis.ro\\\/product\\\/tecnic-kannur\\\/\",\"url\":\"https:\\\/\\\/promis.ro\\\/product\\\/tecnic-kannur\\\/\",\"name\":\"Tecnic Kannur - Promis.ro\",\"isPartOf\":{\"@id\":\"https:\\\/\\\/promis.ro\\\/#website\"},\"primaryImageOfPage\":{\"@id\":\"https:\\\/\\\/promis.ro\\\/product\\\/tecnic-kannur\\\/#primaryimage\"},\"image\":{\"@id\":\"https:\\\/\\\/promis.ro\\\/product\\\/tecnic-kannur\\\/#primaryimage\"},\"thumbnailUrl\":\"https:\\\/\\\/promis.ro\\\/wp-content\\\/uploads\\\/2025\\\/11\\\/21155-W-1.jpg\",\"datePublished\":\"2025-11-04T23:05:15+00:00\",\"dateModified\":\"2025-11-11T16:56:54+00:00\",\"description\":\"C\u0103ma\u0219\u0103 tehnic\u0103 unisex cu design original \u00een dungi, \u00een combina\u021bie cu \u021bes\u0103tur\u0103 micro-perforat\u0103 respirabil\u0103 \u00een zona axilelor \u0219i pe laterale. Fabricat\u0103 din\",\"breadcrumb\":{\"@id\":\"https:\\\/\\\/promis.ro\\\/product\\\/tecnic-kannur\\\/#breadcrumb\"},\"inLanguage\":\"ro-RO\",\"potentialAction\":[{\"@type\":\"ReadAction\",\"target\":[\"https:\\\/\\\/promis.ro\\\/product\\\/tecnic-kannur\\\/\"]}]},{\"@type\":\"ImageObject\",\"inLanguage\":\"ro-RO\",\"@id\":\"https:\\\/\\\/promis.ro\\\/product\\\/tecnic-kannur\\\/#primaryimage\",\"url\":\"https:\\\/\\\/promis.ro\\\/wp-content\\\/uploads\\\/2025\\\/11\\\/21155-W-1.jpg\",\"contentUrl\":\"https:\\\/\\\/promis.ro\\\/wp-content\\\/uploads\\\/2025\\\/11\\\/21155-W-1.jpg\",\"width\":1080,\"height\":1080},{\"@type\":\"BreadcrumbList\",\"@id\":\"https:\\\/\\\/promis.ro\\\/product\\\/tecnic-kannur\\\/#breadcrumb\",\"itemListElement\":[{\"@type\":\"ListItem\",\"position\":1,\"name\":\"Home\",\"item\":\"https:\\\/\\\/promis.ro\\\/\"},{\"@type\":\"ListItem\",\"position\":2,\"name\":\"Magazin\",\"item\":\"https:\\\/\\\/promis.ro\\\/magazin\\\/\"},{\"@type\":\"ListItem\",\"position\":3,\"name\":\"Tecnic Kannur\"}]},{\"@type\":\"WebSite\",\"@id\":\"https:\\\/\\\/promis.ro\\\/#website\",\"url\":\"https:\\\/\\\/promis.ro\\\/\",\"name\":\"Promis.ro\",\"description\":\"\",\"potentialAction\":[{\"@type\":\"SearchAction\",\"target\":{\"@type\":\"EntryPoint\",\"urlTemplate\":\"https:\\\/\\\/promis.ro\\\/?s={search_term_string}\"},\"query-input\":{\"@type\":\"PropertyValueSpecification\",\"valueRequired\":true,\"valueName\":\"search_term_string\"}}],\"inLanguage\":\"ro-RO\"}]}<\/script>\n<!-- \/ Yoast SEO plugin. -->","yoast_head_json":{"title":"Tecnic Kannur - Promis.ro","description":"C\u0103ma\u0219\u0103 tehnic\u0103 unisex cu design original \u00een dungi, \u00een combina\u021bie cu \u021bes\u0103tur\u0103 micro-perforat\u0103 respirabil\u0103 \u00een zona axilelor \u0219i pe laterale. Fabricat\u0103 din","robots":{"index":"index","follow":"follow","max-snippet":"max-snippet:-1","max-image-preview":"max-image-preview:large","max-video-preview":"max-video-preview:-1"},"canonical":"https:\/\/promis.ro\/ro\/produs\/tecnic-kannur\/","og_locale":"ro_RO","og_type":"article","og_title":"Tecnic Kannur - Promis.ro","og_description":"C\u0103ma\u0219\u0103 tehnic\u0103 unisex cu design original \u00een dungi, \u00een combina\u021bie cu \u021bes\u0103tur\u0103 micro-perforat\u0103 respirabil\u0103 \u00een zona axilelor \u0219i pe laterale. Fabricat\u0103 din","og_url":"https:\/\/promis.ro\/ro\/produs\/tecnic-kannur\/","og_site_name":"Promis.ro","article_modified_time":"2025-11-11T16:56:54+00:00","og_image":[{"width":1080,"height":1080,"url":"https:\/\/promis.ro\/wp-content\/uploads\/2025\/11\/21155-W-1.jpg","type":"image\/jpeg"}],"twitter_card":"summary_large_image","schema":{"@context":"https:\/\/schema.org","@graph":[{"@type":"WebPage","@id":"https:\/\/promis.ro\/product\/tecnic-kannur\/","url":"https:\/\/promis.ro\/product\/tecnic-kannur\/","name":"Tecnic Kannur - Promis.ro","isPartOf":{"@id":"https:\/\/promis.ro\/#website"},"primaryImageOfPage":{"@id":"https:\/\/promis.ro\/product\/tecnic-kannur\/#primaryimage"},"image":{"@id":"https:\/\/promis.ro\/product\/tecnic-kannur\/#primaryimage"},"thumbnailUrl":"https:\/\/promis.ro\/wp-content\/uploads\/2025\/11\/21155-W-1.jpg","datePublished":"2025-11-04T23:05:15+00:00","dateModified":"2025-11-11T16:56:54+00:00","description":"C\u0103ma\u0219\u0103 tehnic\u0103 unisex cu design original \u00een dungi, \u00een combina\u021bie cu \u021bes\u0103tur\u0103 micro-perforat\u0103 respirabil\u0103 \u00een zona axilelor \u0219i pe laterale. Fabricat\u0103 din","breadcrumb":{"@id":"https:\/\/promis.ro\/product\/tecnic-kannur\/#breadcrumb"},"inLanguage":"ro-RO","potentialAction":[{"@type":"ReadAction","target":["https:\/\/promis.ro\/product\/tecnic-kannur\/"]}]},{"@type":"ImageObject","inLanguage":"ro-RO","@id":"https:\/\/promis.ro\/product\/tecnic-kannur\/#primaryimage","url":"https:\/\/promis.ro\/wp-content\/uploads\/2025\/11\/21155-W-1.jpg","contentUrl":"https:\/\/promis.ro\/wp-content\/uploads\/2025\/11\/21155-W-1.jpg","width":1080,"height":1080},{"@type":"BreadcrumbList","@id":"https:\/\/promis.ro\/product\/tecnic-kannur\/#breadcrumb","itemListElement":[{"@type":"ListItem","position":1,"name":"Home","item":"https:\/\/promis.ro\/"},{"@type":"ListItem","position":2,"name":"Magazin","item":"https:\/\/promis.ro\/magazin\/"},{"@type":"ListItem","position":3,"name":"Tecnic Kannur"}]},{"@type":"WebSite","@id":"https:\/\/promis.ro\/#website","url":"https:\/\/promis.ro\/","name":"Promis.ro","description":"","potentialAction":[{"@type":"SearchAction","target":{"@type":"EntryPoint","urlTemplate":"https:\/\/promis.ro\/?s={search_term_string}"},"query-input":{"@type":"PropertyValueSpecification","valueRequired":true,"valueName":"search_term_string"}}],"inLanguage":"ro-RO"}]}},"_links":{"self":[{"href":"https:\/\/promis.ro\/ro\/wp-json\/wp\/v2\/product\/93377","targetHints":{"allow":["GET"]}}],"collection":[{"href":"https:\/\/promis.ro\/ro\/wp-json\/wp\/v2\/product"}],"about":[{"href":"https:\/\/promis.ro\/ro\/wp-json\/wp\/v2\/types\/product"}],"replies":[{"embeddable":true,"href":"https:\/\/promis.ro\/ro\/wp-json\/wp\/v2\/comments?post=93377"}],"version-history":[{"count":1,"href":"https:\/\/promis.ro\/ro\/wp-json\/wp\/v2\/product\/93377\/revisions"}],"predecessor-version":[{"id":111838,"href":"https:\/\/promis.ro\/ro\/wp-json\/wp\/v2\/product\/93377\/revisions\/111838"}],"wp:featuredmedia":[{"embeddable":true,"href":"https:\/\/promis.ro\/ro\/wp-json\/wp\/v2\/media\/134887"}],"wp:attachment":[{"href":"https:\/\/promis.ro\/ro\/wp-json\/wp\/v2\/media?parent=93377"}],"wp:term":[{"taxonomy":"product_brand","embeddable":true,"href":"https:\/\/promis.ro\/ro\/wp-json\/wp\/v2\/product_brand?post=93377"},{"taxonomy":"product_cat","embeddable":true,"href":"https:\/\/promis.ro\/ro\/wp-json\/wp\/v2\/product_cat?post=93377"},{"taxonomy":"product_tag","embeddable":true,"href":"https:\/\/promis.ro\/ro\/wp-json\/wp\/v2\/product_tag?post=93377"}],"curies":[{"name":"wp","href":"https:\/\/api.w.org\/{rel}","templated":true}]}}