{"id":93389,"date":"2025-11-04T23:05:26","date_gmt":"2025-11-04T23:05:26","guid":{"rendered":"https:\/\/promis.ro\/product\/rehony\/"},"modified":"2025-11-11T16:58:05","modified_gmt":"2025-11-11T16:58:05","slug":"rehony","status":"publish","type":"product","link":"https:\/\/promis.ro\/ro\/produs\/rehony\/","title":{"rendered":"Rehony"},"content":{"rendered":"<p>guler c\u0103lduros fabricat din poliester elastic moale, cu c\u0103ptu\u0219eal\u0103 din polar micro. Un articol foarte versatil \u0219i confortabil de purtat, datorit\u0103 diferitelor configura\u021bii \u0219i func\u021bionalit\u0103\u021bi disponibile. Disponibil \u00eentr-o gam\u0103 larg\u0103 de culori.<\/p>","protected":false},"excerpt":{"rendered":"<p>guler c\u0103lduros fabricat din poliester elastic moale, cu c\u0103ptu\u0219eal\u0103 din polar micro. Un articol foarte versatil \u0219i confortabil de purtat,<\/p>","protected":false},"featured_media":134939,"comment_status":"open","ping_status":"closed","template":"","meta":[],"product_brand":[],"product_cat":[193],"product_tag":[],"class_list":{"0":"post-93389","1":"product","2":"type-product","3":"status-publish","4":"has-post-thumbnail","6":"product_cat-ploaie-si-frig","8":"first","9":"instock","10":"shipping-taxable","11":"purchasable","12":"product-type-variable"},"yoast_head":"<!-- This site is optimized with the Yoast SEO plugin v27.4 - https:\/\/yoast.com\/product\/yoast-seo-wordpress\/ -->\n<title>Rehony - Promis.ro<\/title>\n<meta name=\"description\" content=\"guler c\u0103lduros fabricat din poliester elastic moale, cu c\u0103ptu\u0219eal\u0103 din polar micro. Un articol foarte versatil \u0219i confortabil de purtat, datorit\u0103\" \/>\n<meta name=\"robots\" content=\"index, follow, max-snippet:-1, max-image-preview:large, max-video-preview:-1\" \/>\n<link rel=\"canonical\" href=\"https:\/\/promis.ro\/ro\/produs\/rehony\/\" \/>\n<meta property=\"og:locale\" content=\"ro_RO\" \/>\n<meta property=\"og:type\" content=\"article\" \/>\n<meta property=\"og:title\" content=\"Rehony - Promis.ro\" \/>\n<meta property=\"og:description\" content=\"guler c\u0103lduros fabricat din poliester elastic moale, cu c\u0103ptu\u0219eal\u0103 din polar micro. Un articol foarte versatil \u0219i confortabil de purtat, datorit\u0103\" \/>\n<meta property=\"og:url\" content=\"https:\/\/promis.ro\/ro\/produs\/rehony\/\" \/>\n<meta property=\"og:site_name\" content=\"Promis.ro\" \/>\n<meta property=\"article:modified_time\" content=\"2025-11-11T16:58:05+00:00\" \/>\n<meta property=\"og:image\" content=\"https:\/\/promis.ro\/wp-content\/uploads\/2025\/11\/21167-W-1.jpg\" \/>\n\t<meta property=\"og:image:width\" content=\"1080\" \/>\n\t<meta property=\"og:image:height\" content=\"1080\" \/>\n\t<meta property=\"og:image:type\" content=\"image\/jpeg\" \/>\n<meta name=\"twitter:card\" content=\"summary_large_image\" \/>\n<script type=\"application\/ld+json\" class=\"yoast-schema-graph\">{\"@context\":\"https:\\\/\\\/schema.org\",\"@graph\":[{\"@type\":\"WebPage\",\"@id\":\"https:\\\/\\\/promis.ro\\\/product\\\/rehony\\\/\",\"url\":\"https:\\\/\\\/promis.ro\\\/product\\\/rehony\\\/\",\"name\":\"Rehony - Promis.ro\",\"isPartOf\":{\"@id\":\"https:\\\/\\\/promis.ro\\\/#website\"},\"primaryImageOfPage\":{\"@id\":\"https:\\\/\\\/promis.ro\\\/product\\\/rehony\\\/#primaryimage\"},\"image\":{\"@id\":\"https:\\\/\\\/promis.ro\\\/product\\\/rehony\\\/#primaryimage\"},\"thumbnailUrl\":\"https:\\\/\\\/promis.ro\\\/wp-content\\\/uploads\\\/2025\\\/11\\\/21167-W-1.jpg\",\"datePublished\":\"2025-11-04T23:05:26+00:00\",\"dateModified\":\"2025-11-11T16:58:05+00:00\",\"description\":\"guler c\u0103lduros fabricat din poliester elastic moale, cu c\u0103ptu\u0219eal\u0103 din polar micro. Un articol foarte versatil \u0219i confortabil de purtat, datorit\u0103\",\"breadcrumb\":{\"@id\":\"https:\\\/\\\/promis.ro\\\/product\\\/rehony\\\/#breadcrumb\"},\"inLanguage\":\"ro-RO\",\"potentialAction\":[{\"@type\":\"ReadAction\",\"target\":[\"https:\\\/\\\/promis.ro\\\/product\\\/rehony\\\/\"]}]},{\"@type\":\"ImageObject\",\"inLanguage\":\"ro-RO\",\"@id\":\"https:\\\/\\\/promis.ro\\\/product\\\/rehony\\\/#primaryimage\",\"url\":\"https:\\\/\\\/promis.ro\\\/wp-content\\\/uploads\\\/2025\\\/11\\\/21167-W-1.jpg\",\"contentUrl\":\"https:\\\/\\\/promis.ro\\\/wp-content\\\/uploads\\\/2025\\\/11\\\/21167-W-1.jpg\",\"width\":1080,\"height\":1080},{\"@type\":\"BreadcrumbList\",\"@id\":\"https:\\\/\\\/promis.ro\\\/product\\\/rehony\\\/#breadcrumb\",\"itemListElement\":[{\"@type\":\"ListItem\",\"position\":1,\"name\":\"Home\",\"item\":\"https:\\\/\\\/promis.ro\\\/\"},{\"@type\":\"ListItem\",\"position\":2,\"name\":\"Magazin\",\"item\":\"https:\\\/\\\/promis.ro\\\/magazin\\\/\"},{\"@type\":\"ListItem\",\"position\":3,\"name\":\"Rehony\"}]},{\"@type\":\"WebSite\",\"@id\":\"https:\\\/\\\/promis.ro\\\/#website\",\"url\":\"https:\\\/\\\/promis.ro\\\/\",\"name\":\"Promis.ro\",\"description\":\"\",\"potentialAction\":[{\"@type\":\"SearchAction\",\"target\":{\"@type\":\"EntryPoint\",\"urlTemplate\":\"https:\\\/\\\/promis.ro\\\/?s={search_term_string}\"},\"query-input\":{\"@type\":\"PropertyValueSpecification\",\"valueRequired\":true,\"valueName\":\"search_term_string\"}}],\"inLanguage\":\"ro-RO\"}]}<\/script>\n<!-- \/ Yoast SEO plugin. -->","yoast_head_json":{"title":"Rehony - Promis.ro","description":"guler c\u0103lduros fabricat din poliester elastic moale, cu c\u0103ptu\u0219eal\u0103 din polar micro. Un articol foarte versatil \u0219i confortabil de purtat, datorit\u0103","robots":{"index":"index","follow":"follow","max-snippet":"max-snippet:-1","max-image-preview":"max-image-preview:large","max-video-preview":"max-video-preview:-1"},"canonical":"https:\/\/promis.ro\/ro\/produs\/rehony\/","og_locale":"ro_RO","og_type":"article","og_title":"Rehony - Promis.ro","og_description":"guler c\u0103lduros fabricat din poliester elastic moale, cu c\u0103ptu\u0219eal\u0103 din polar micro. Un articol foarte versatil \u0219i confortabil de purtat, datorit\u0103","og_url":"https:\/\/promis.ro\/ro\/produs\/rehony\/","og_site_name":"Promis.ro","article_modified_time":"2025-11-11T16:58:05+00:00","og_image":[{"width":1080,"height":1080,"url":"https:\/\/promis.ro\/wp-content\/uploads\/2025\/11\/21167-W-1.jpg","type":"image\/jpeg"}],"twitter_card":"summary_large_image","schema":{"@context":"https:\/\/schema.org","@graph":[{"@type":"WebPage","@id":"https:\/\/promis.ro\/product\/rehony\/","url":"https:\/\/promis.ro\/product\/rehony\/","name":"Rehony - Promis.ro","isPartOf":{"@id":"https:\/\/promis.ro\/#website"},"primaryImageOfPage":{"@id":"https:\/\/promis.ro\/product\/rehony\/#primaryimage"},"image":{"@id":"https:\/\/promis.ro\/product\/rehony\/#primaryimage"},"thumbnailUrl":"https:\/\/promis.ro\/wp-content\/uploads\/2025\/11\/21167-W-1.jpg","datePublished":"2025-11-04T23:05:26+00:00","dateModified":"2025-11-11T16:58:05+00:00","description":"guler c\u0103lduros fabricat din poliester elastic moale, cu c\u0103ptu\u0219eal\u0103 din polar micro. Un articol foarte versatil \u0219i confortabil de purtat, datorit\u0103","breadcrumb":{"@id":"https:\/\/promis.ro\/product\/rehony\/#breadcrumb"},"inLanguage":"ro-RO","potentialAction":[{"@type":"ReadAction","target":["https:\/\/promis.ro\/product\/rehony\/"]}]},{"@type":"ImageObject","inLanguage":"ro-RO","@id":"https:\/\/promis.ro\/product\/rehony\/#primaryimage","url":"https:\/\/promis.ro\/wp-content\/uploads\/2025\/11\/21167-W-1.jpg","contentUrl":"https:\/\/promis.ro\/wp-content\/uploads\/2025\/11\/21167-W-1.jpg","width":1080,"height":1080},{"@type":"BreadcrumbList","@id":"https:\/\/promis.ro\/product\/rehony\/#breadcrumb","itemListElement":[{"@type":"ListItem","position":1,"name":"Home","item":"https:\/\/promis.ro\/"},{"@type":"ListItem","position":2,"name":"Magazin","item":"https:\/\/promis.ro\/magazin\/"},{"@type":"ListItem","position":3,"name":"Rehony"}]},{"@type":"WebSite","@id":"https:\/\/promis.ro\/#website","url":"https:\/\/promis.ro\/","name":"Promis.ro","description":"","potentialAction":[{"@type":"SearchAction","target":{"@type":"EntryPoint","urlTemplate":"https:\/\/promis.ro\/?s={search_term_string}"},"query-input":{"@type":"PropertyValueSpecification","valueRequired":true,"valueName":"search_term_string"}}],"inLanguage":"ro-RO"}]}},"_links":{"self":[{"href":"https:\/\/promis.ro\/ro\/wp-json\/wp\/v2\/product\/93389","targetHints":{"allow":["GET"]}}],"collection":[{"href":"https:\/\/promis.ro\/ro\/wp-json\/wp\/v2\/product"}],"about":[{"href":"https:\/\/promis.ro\/ro\/wp-json\/wp\/v2\/types\/product"}],"replies":[{"embeddable":true,"href":"https:\/\/promis.ro\/ro\/wp-json\/wp\/v2\/comments?post=93389"}],"version-history":[{"count":1,"href":"https:\/\/promis.ro\/ro\/wp-json\/wp\/v2\/product\/93389\/revisions"}],"predecessor-version":[{"id":111833,"href":"https:\/\/promis.ro\/ro\/wp-json\/wp\/v2\/product\/93389\/revisions\/111833"}],"wp:featuredmedia":[{"embeddable":true,"href":"https:\/\/promis.ro\/ro\/wp-json\/wp\/v2\/media\/134939"}],"wp:attachment":[{"href":"https:\/\/promis.ro\/ro\/wp-json\/wp\/v2\/media?parent=93389"}],"wp:term":[{"taxonomy":"product_brand","embeddable":true,"href":"https:\/\/promis.ro\/ro\/wp-json\/wp\/v2\/product_brand?post=93389"},{"taxonomy":"product_cat","embeddable":true,"href":"https:\/\/promis.ro\/ro\/wp-json\/wp\/v2\/product_cat?post=93389"},{"taxonomy":"product_tag","embeddable":true,"href":"https:\/\/promis.ro\/ro\/wp-json\/wp\/v2\/product_tag?post=93389"}],"curies":[{"name":"wp","href":"https:\/\/api.w.org\/{rel}","templated":true}]}}