{"id":93401,"date":"2025-11-04T23:05:32","date_gmt":"2025-11-04T23:05:32","guid":{"rendered":"https:\/\/promis.ro\/product\/seiyo-5\/"},"modified":"2025-11-11T16:58:12","modified_gmt":"2025-11-11T16:58:12","slug":"seiyo-5","status":"publish","type":"product","link":"https:\/\/promis.ro\/ro\/produs\/seiyo-5\/","title":{"rendered":"Seiyo"},"content":{"rendered":"<p>Tricou pentru femei realizat dintr-un material tricotat neted, cu 100% bumbac moale, 160g\/m\u00b2. Design tubular f\u0103r\u0103 cus\u0103turi laterale \u0219i guler rotund. Disponibil \u00een alb \u0219i \u00een m\u0103rimile S, M, L, XL, XXL.<\/p>","protected":false},"excerpt":{"rendered":"<p>Tricou pentru femei realizat dintr-un material tricotat neted, cu 100% bumbac moale, 160g\/m\u00b2. Design tubular f\u0103r\u0103 cus\u0103turi laterale \u0219i guler<\/p>","protected":false},"featured_media":134979,"comment_status":"open","ping_status":"closed","template":"","meta":[],"product_brand":[],"product_cat":[191],"product_tag":[],"class_list":{"0":"post-93401","1":"product","2":"type-product","3":"status-publish","4":"has-post-thumbnail","6":"product_cat-textile","8":"first","9":"instock","10":"shipping-taxable","11":"purchasable","12":"product-type-variable"},"_links":{"self":[{"href":"https:\/\/promis.ro\/ro\/wp-json\/wp\/v2\/product\/93401","targetHints":{"allow":["GET"]}}],"collection":[{"href":"https:\/\/promis.ro\/ro\/wp-json\/wp\/v2\/product"}],"about":[{"href":"https:\/\/promis.ro\/ro\/wp-json\/wp\/v2\/types\/product"}],"replies":[{"embeddable":true,"href":"https:\/\/promis.ro\/ro\/wp-json\/wp\/v2\/comments?post=93401"}],"version-history":[{"count":2,"href":"https:\/\/promis.ro\/ro\/wp-json\/wp\/v2\/product\/93401\/revisions"}],"predecessor-version":[{"id":111851,"href":"https:\/\/promis.ro\/ro\/wp-json\/wp\/v2\/product\/93401\/revisions\/111851"}],"wp:featuredmedia":[{"embeddable":true,"href":"https:\/\/promis.ro\/ro\/wp-json\/wp\/v2\/media\/134979"}],"wp:attachment":[{"href":"https:\/\/promis.ro\/ro\/wp-json\/wp\/v2\/media?parent=93401"}],"wp:term":[{"taxonomy":"product_brand","embeddable":true,"href":"https:\/\/promis.ro\/ro\/wp-json\/wp\/v2\/product_brand?post=93401"},{"taxonomy":"product_cat","embeddable":true,"href":"https:\/\/promis.ro\/ro\/wp-json\/wp\/v2\/product_cat?post=93401"},{"taxonomy":"product_tag","embeddable":true,"href":"https:\/\/promis.ro\/ro\/wp-json\/wp\/v2\/product_tag?post=93401"}],"curies":[{"name":"wp","href":"https:\/\/api.w.org\/{rel}","templated":true}]}}