{"id":93403,"date":"2025-11-04T23:05:33","date_gmt":"2025-11-04T23:05:33","guid":{"rendered":"https:\/\/promis.ro\/product\/koupan-3\/"},"modified":"2025-11-11T16:58:11","modified_gmt":"2025-11-11T16:58:11","slug":"koupan-3","status":"publish","type":"product","link":"https:\/\/promis.ro\/ro\/produs\/koupan-3\/","title":{"rendered":"Koupan"},"content":{"rendered":"<p>Tricou polo pentru adul\u021bi din piqu\u00e9, de culoare alb\u0103. Din material 100% bumbac 220g\/m2. Cu dou\u0103 \u00eenchideri cu buton asortate \u0219i deschideri laterale la tiv. Etichet\u0103 u\u0219or de \u00eendep\u0103rtat. M\u0103rimi S, M, L, XL, XXL, 3XL.<\/p>","protected":false},"excerpt":{"rendered":"<p>Tricou polo pentru adul\u021bi din piqu\u00e9, de culoare alb\u0103. Din material 100% bumbac 220g\/m2. Cu dou\u0103 \u00eenchideri cu buton asortate<\/p>","protected":false},"featured_media":134985,"comment_status":"open","ping_status":"closed","template":"","meta":[],"product_brand":[],"product_cat":[191],"product_tag":[],"class_list":{"0":"post-93403","1":"product","2":"type-product","3":"status-publish","4":"has-post-thumbnail","6":"product_cat-textile","8":"first","9":"instock","10":"shipping-taxable","11":"purchasable","12":"product-type-variable"},"_links":{"self":[{"href":"https:\/\/promis.ro\/ro\/wp-json\/wp\/v2\/product\/93403","targetHints":{"allow":["GET"]}}],"collection":[{"href":"https:\/\/promis.ro\/ro\/wp-json\/wp\/v2\/product"}],"about":[{"href":"https:\/\/promis.ro\/ro\/wp-json\/wp\/v2\/types\/product"}],"replies":[{"embeddable":true,"href":"https:\/\/promis.ro\/ro\/wp-json\/wp\/v2\/comments?post=93403"}],"version-history":[{"count":1,"href":"https:\/\/promis.ro\/ro\/wp-json\/wp\/v2\/product\/93403\/revisions"}],"predecessor-version":[{"id":111854,"href":"https:\/\/promis.ro\/ro\/wp-json\/wp\/v2\/product\/93403\/revisions\/111854"}],"wp:featuredmedia":[{"embeddable":true,"href":"https:\/\/promis.ro\/ro\/wp-json\/wp\/v2\/media\/134985"}],"wp:attachment":[{"href":"https:\/\/promis.ro\/ro\/wp-json\/wp\/v2\/media?parent=93403"}],"wp:term":[{"taxonomy":"product_brand","embeddable":true,"href":"https:\/\/promis.ro\/ro\/wp-json\/wp\/v2\/product_brand?post=93403"},{"taxonomy":"product_cat","embeddable":true,"href":"https:\/\/promis.ro\/ro\/wp-json\/wp\/v2\/product_cat?post=93403"},{"taxonomy":"product_tag","embeddable":true,"href":"https:\/\/promis.ro\/ro\/wp-json\/wp\/v2\/product_tag?post=93403"}],"curies":[{"name":"wp","href":"https:\/\/api.w.org\/{rel}","templated":true}]}}