{"id":93406,"date":"2025-11-04T23:05:34","date_gmt":"2025-11-04T23:05:34","guid":{"rendered":"https:\/\/promis.ro\/product\/harlux\/"},"modified":"2025-11-11T16:51:15","modified_gmt":"2025-11-11T16:51:15","slug":"harlux","status":"publish","type":"product","link":"https:\/\/promis.ro\/ro\/produs\/harlux\/","title":{"rendered":"Harlux"},"content":{"rendered":"<p>Br\u0103\u021bar\u0103 original\u0103 din bumbac moale, cu func\u021bie de suport pentru telefon mobil \u0219i adaptabil\u0103 la toate tipurile de \u00eencheieturi. Cu accesoriu de transport pentru a fi plasat \u00eentre carcas\u0103 \u0219i smartphone. Elementul din bambus pentru personalizare, special conceput pentru gravare cu laser. Prezentat\u0103 individual \u00eentr-un sac din h\u00e2rtie reciclat\u0103. Materialele precum bambusul \u00eencurajeaz\u0103 utilizarea materiilor prime naturale, reduc\u00e2nd emisiile de poluan\u021bi. Provine dintr-o plant\u0103 foarte rezistent\u0103 \u0219i versatil\u0103, cu cre\u0219tere \u0219i regenerare rapid\u0103, f\u0103c\u00e2ndu-l o alternativ\u0103 excelent\u0103 la lemnul tradi\u021bional.<\/p>","protected":false},"excerpt":{"rendered":"<p>Br\u0103\u021bar\u0103 original\u0103 din bumbac moale, cu func\u021bie de suport pentru telefon mobil \u0219i adaptabil\u0103 la toate tipurile de \u00eencheieturi. Cu<\/p>","protected":false},"featured_media":134995,"comment_status":"open","ping_status":"closed","template":"","meta":[],"product_brand":[],"product_cat":[170],"product_tag":[],"class_list":{"0":"post-93406","1":"product","2":"type-product","3":"status-publish","4":"has-post-thumbnail","6":"product_cat-tehnologie-si-accesorii","8":"first","9":"instock","10":"shipping-taxable","11":"purchasable","12":"product-type-simple"},"_links":{"self":[{"href":"https:\/\/promis.ro\/ro\/wp-json\/wp\/v2\/product\/93406","targetHints":{"allow":["GET"]}}],"collection":[{"href":"https:\/\/promis.ro\/ro\/wp-json\/wp\/v2\/product"}],"about":[{"href":"https:\/\/promis.ro\/ro\/wp-json\/wp\/v2\/types\/product"}],"replies":[{"embeddable":true,"href":"https:\/\/promis.ro\/ro\/wp-json\/wp\/v2\/comments?post=93406"}],"version-history":[{"count":1,"href":"https:\/\/promis.ro\/ro\/wp-json\/wp\/v2\/product\/93406\/revisions"}],"predecessor-version":[{"id":111856,"href":"https:\/\/promis.ro\/ro\/wp-json\/wp\/v2\/product\/93406\/revisions\/111856"}],"wp:featuredmedia":[{"embeddable":true,"href":"https:\/\/promis.ro\/ro\/wp-json\/wp\/v2\/media\/134995"}],"wp:attachment":[{"href":"https:\/\/promis.ro\/ro\/wp-json\/wp\/v2\/media?parent=93406"}],"wp:term":[{"taxonomy":"product_brand","embeddable":true,"href":"https:\/\/promis.ro\/ro\/wp-json\/wp\/v2\/product_brand?post=93406"},{"taxonomy":"product_cat","embeddable":true,"href":"https:\/\/promis.ro\/ro\/wp-json\/wp\/v2\/product_cat?post=93406"},{"taxonomy":"product_tag","embeddable":true,"href":"https:\/\/promis.ro\/ro\/wp-json\/wp\/v2\/product_tag?post=93406"}],"curies":[{"name":"wp","href":"https:\/\/api.w.org\/{rel}","templated":true}]}}