{"id":93407,"date":"2025-11-04T23:05:34","date_gmt":"2025-11-04T23:05:34","guid":{"rendered":"https:\/\/promis.ro\/product\/tich\/"},"modified":"2025-11-11T16:51:20","modified_gmt":"2025-11-11T16:51:20","slug":"tich","status":"publish","type":"product","link":"https:\/\/promis.ro\/ro\/produs\/tich\/","title":{"rendered":"Tich"},"content":{"rendered":"<p>Set complet de cabluri de \u00eenc\u0103rcare. Ambalat \u00eentr-un caz compact din ABS alb rezistent, cu suport integrat pentru smartphone. Include cablu de \u00eenc\u0103rcare \u0219i sincronizare, potrivit pentru transfer de date \u0219i multiple conexiuni: Micro USB, Type C \u0219i Lightning; ejector SIM inclus. 5V DC 3A. Prezentat \u00eentr-o cutie cu design kraft.<\/p>","protected":false},"excerpt":{"rendered":"<p>Set complet de cabluri de \u00eenc\u0103rcare. Ambalat \u00eentr-un caz compact din ABS alb rezistent, cu suport integrat pentru smartphone. Include<\/p>","protected":false},"featured_media":135000,"comment_status":"open","ping_status":"closed","template":"","meta":[],"product_brand":[],"product_cat":[170],"product_tag":[],"class_list":{"0":"post-93407","1":"product","2":"type-product","3":"status-publish","4":"has-post-thumbnail","6":"product_cat-tehnologie-si-accesorii","8":"first","9":"instock","10":"shipping-taxable","11":"purchasable","12":"product-type-simple"},"_links":{"self":[{"href":"https:\/\/promis.ro\/ro\/wp-json\/wp\/v2\/product\/93407","targetHints":{"allow":["GET"]}}],"collection":[{"href":"https:\/\/promis.ro\/ro\/wp-json\/wp\/v2\/product"}],"about":[{"href":"https:\/\/promis.ro\/ro\/wp-json\/wp\/v2\/types\/product"}],"replies":[{"embeddable":true,"href":"https:\/\/promis.ro\/ro\/wp-json\/wp\/v2\/comments?post=93407"}],"version-history":[{"count":1,"href":"https:\/\/promis.ro\/ro\/wp-json\/wp\/v2\/product\/93407\/revisions"}],"predecessor-version":[{"id":111852,"href":"https:\/\/promis.ro\/ro\/wp-json\/wp\/v2\/product\/93407\/revisions\/111852"}],"wp:featuredmedia":[{"embeddable":true,"href":"https:\/\/promis.ro\/ro\/wp-json\/wp\/v2\/media\/135000"}],"wp:attachment":[{"href":"https:\/\/promis.ro\/ro\/wp-json\/wp\/v2\/media?parent=93407"}],"wp:term":[{"taxonomy":"product_brand","embeddable":true,"href":"https:\/\/promis.ro\/ro\/wp-json\/wp\/v2\/product_brand?post=93407"},{"taxonomy":"product_cat","embeddable":true,"href":"https:\/\/promis.ro\/ro\/wp-json\/wp\/v2\/product_cat?post=93407"},{"taxonomy":"product_tag","embeddable":true,"href":"https:\/\/promis.ro\/ro\/wp-json\/wp\/v2\/product_tag?post=93407"}],"curies":[{"name":"wp","href":"https:\/\/api.w.org\/{rel}","templated":true}]}}