{"id":93408,"date":"2025-11-04T23:05:38","date_gmt":"2025-11-04T23:05:38","guid":{"rendered":"https:\/\/promis.ro\/product\/hamsy\/"},"modified":"2025-11-11T16:51:26","modified_gmt":"2025-11-11T16:51:26","slug":"hamsy","status":"publish","type":"product","link":"https:\/\/promis.ro\/ro\/produs\/hamsy\/","title":{"rendered":"Hamsy"},"content":{"rendered":"<p>\u00cenc\u0103rc\u0103tor wireless multi-\u00eenc\u0103rc\u0103tor complet de 15W cu suport pentru gadgeturi, fabricat din bambus. Proiectat pentru \u00eenc\u0103rcarea simultan\u0103 a smartphone-ului, c\u0103\u0219tilor \u0219i smartwatch-ului: o sta\u021bie de \u00eenc\u0103rcare versatil\u0103 all-in-one cu diferite suporturi. Prezentat \u00eentr-o cutie de design kraft. Manual de instruc\u021biuni disponibil \u00een englez\u0103 \u0219i spaniol\u0103. Materiale precum bambusul \u00eencurajeaz\u0103 utilizarea materiilor prime naturale, reduc\u00e2nd emisiile de poluan\u021bi. Provine dintr-o plant\u0103 foarte rezistent\u0103 \u0219i versatil\u0103, cu cre\u0219tere rapid\u0103 \u0219i regenerare, f\u0103c\u00e2nd din aceasta o alternativ\u0103 excelent\u0103 la lemnul tradi\u021bional. Fabricat conform standardelor RoHS \u0219i \u00een conformitate cu urm\u0103toarele cerin\u021be de siguran\u021b\u0103: sistem de protec\u021bie \u00eempotriva supra\u00eenc\u0103lzirii. sistem de protec\u021bie \u00eempotriva supra\u00eenc\u0103rc\u0103rii. sistem de blocare pentru a preveni scurtcircuitele.<\/p>","protected":false},"excerpt":{"rendered":"<p>\u00cenc\u0103rc\u0103tor wireless multi-\u00eenc\u0103rc\u0103tor complet de 15W cu suport pentru gadgeturi, fabricat din bambus. Proiectat pentru \u00eenc\u0103rcarea simultan\u0103 a smartphone-ului, c\u0103\u0219tilor<\/p>","protected":false},"featured_media":135005,"comment_status":"open","ping_status":"closed","template":"","meta":[],"product_brand":[],"product_cat":[170],"product_tag":[],"class_list":{"0":"post-93408","1":"product","2":"type-product","3":"status-publish","4":"has-post-thumbnail","6":"product_cat-tehnologie-si-accesorii","8":"first","9":"instock","10":"shipping-taxable","11":"purchasable","12":"product-type-simple"},"_links":{"self":[{"href":"https:\/\/promis.ro\/ro\/wp-json\/wp\/v2\/product\/93408","targetHints":{"allow":["GET"]}}],"collection":[{"href":"https:\/\/promis.ro\/ro\/wp-json\/wp\/v2\/product"}],"about":[{"href":"https:\/\/promis.ro\/ro\/wp-json\/wp\/v2\/types\/product"}],"replies":[{"embeddable":true,"href":"https:\/\/promis.ro\/ro\/wp-json\/wp\/v2\/comments?post=93408"}],"version-history":[{"count":1,"href":"https:\/\/promis.ro\/ro\/wp-json\/wp\/v2\/product\/93408\/revisions"}],"predecessor-version":[{"id":111877,"href":"https:\/\/promis.ro\/ro\/wp-json\/wp\/v2\/product\/93408\/revisions\/111877"}],"wp:featuredmedia":[{"embeddable":true,"href":"https:\/\/promis.ro\/ro\/wp-json\/wp\/v2\/media\/135005"}],"wp:attachment":[{"href":"https:\/\/promis.ro\/ro\/wp-json\/wp\/v2\/media?parent=93408"}],"wp:term":[{"taxonomy":"product_brand","embeddable":true,"href":"https:\/\/promis.ro\/ro\/wp-json\/wp\/v2\/product_brand?post=93408"},{"taxonomy":"product_cat","embeddable":true,"href":"https:\/\/promis.ro\/ro\/wp-json\/wp\/v2\/product_cat?post=93408"},{"taxonomy":"product_tag","embeddable":true,"href":"https:\/\/promis.ro\/ro\/wp-json\/wp\/v2\/product_tag?post=93408"}],"curies":[{"name":"wp","href":"https:\/\/api.w.org\/{rel}","templated":true}]}}