{"id":93409,"date":"2025-11-04T23:05:39","date_gmt":"2025-11-04T23:05:39","guid":{"rendered":"https:\/\/promis.ro\/product\/linya\/"},"modified":"2025-11-11T16:51:31","modified_gmt":"2025-11-11T16:51:31","slug":"linya","status":"publish","type":"product","link":"https:\/\/promis.ro\/ro\/produs\/linya\/","title":{"rendered":"Linya"},"content":{"rendered":"<p>Lamp\u0103 multifunc\u021bional\u0103 din bambus. Cu \u00eenc\u0103rc\u0103tor wireless integrat de 15W \u0219i 27 de LED-uri \u00eentr-un inel pliabil cu func\u021bie de suport. Compatibil\u0103 cu dispozitive mobile care se \u00eencarc\u0103 wireless \u0219i cu cablu de \u00eenc\u0103rcare Type C inclus. Prezentat\u0103 \u00eentr-o cutie atractiv\u0103 de design kraft. Manual de instruc\u021biuni disponibil \u00een englez\u0103 \u0219i spaniol\u0103. Materialele precum bambusul \u00eencurajeaz\u0103 utilizarea materiilor prime naturale, reduc\u00e2nd emisiile de poluan\u021bi. Provine dintr-o plant\u0103 foarte rezistent\u0103 \u0219i versatil\u0103, cu cre\u0219tere \u0219i regenerare rapid\u0103, f\u0103c\u00e2nd din aceasta o alternativ\u0103 excelent\u0103 la lemnul tradi\u021bional. Fabricat\u0103 conform standardelor RoHS \u0219i \u00een conformitate cu urm\u0103toarele cerin\u021be de siguran\u021b\u0103: sistem de protec\u021bie \u00eempotriva supra\u00eenc\u0103lzirii. sistem de protec\u021bie \u00eempotriva supra\u00eenc\u0103rc\u0103rii. sistem de blocare pentru a preveni scurtcircuitele.<\/p>","protected":false},"excerpt":{"rendered":"<p>Lamp\u0103 multifunc\u021bional\u0103 din bambus. Cu \u00eenc\u0103rc\u0103tor wireless integrat de 15W \u0219i 27 de LED-uri \u00eentr-un inel pliabil cu func\u021bie de<\/p>","protected":false},"featured_media":135010,"comment_status":"open","ping_status":"closed","template":"","meta":[],"product_brand":[],"product_cat":[170],"product_tag":[],"class_list":{"0":"post-93409","1":"product","2":"type-product","3":"status-publish","4":"has-post-thumbnail","6":"product_cat-tehnologie-si-accesorii","8":"first","9":"outofstock","10":"shipping-taxable","11":"purchasable","12":"product-type-simple"},"_links":{"self":[{"href":"https:\/\/promis.ro\/ro\/wp-json\/wp\/v2\/product\/93409","targetHints":{"allow":["GET"]}}],"collection":[{"href":"https:\/\/promis.ro\/ro\/wp-json\/wp\/v2\/product"}],"about":[{"href":"https:\/\/promis.ro\/ro\/wp-json\/wp\/v2\/types\/product"}],"replies":[{"embeddable":true,"href":"https:\/\/promis.ro\/ro\/wp-json\/wp\/v2\/comments?post=93409"}],"version-history":[{"count":1,"href":"https:\/\/promis.ro\/ro\/wp-json\/wp\/v2\/product\/93409\/revisions"}],"predecessor-version":[{"id":111858,"href":"https:\/\/promis.ro\/ro\/wp-json\/wp\/v2\/product\/93409\/revisions\/111858"}],"wp:featuredmedia":[{"embeddable":true,"href":"https:\/\/promis.ro\/ro\/wp-json\/wp\/v2\/media\/135010"}],"wp:attachment":[{"href":"https:\/\/promis.ro\/ro\/wp-json\/wp\/v2\/media?parent=93409"}],"wp:term":[{"taxonomy":"product_brand","embeddable":true,"href":"https:\/\/promis.ro\/ro\/wp-json\/wp\/v2\/product_brand?post=93409"},{"taxonomy":"product_cat","embeddable":true,"href":"https:\/\/promis.ro\/ro\/wp-json\/wp\/v2\/product_cat?post=93409"},{"taxonomy":"product_tag","embeddable":true,"href":"https:\/\/promis.ro\/ro\/wp-json\/wp\/v2\/product_tag?post=93409"}],"curies":[{"name":"wp","href":"https:\/\/api.w.org\/{rel}","templated":true}]}}