{"id":93410,"date":"2025-11-04T23:05:39","date_gmt":"2025-11-04T23:05:39","guid":{"rendered":"https:\/\/promis.ro\/product\/spart\/"},"modified":"2025-11-11T16:51:37","modified_gmt":"2025-11-11T16:51:37","slug":"spart","status":"publish","type":"product","link":"https:\/\/promis.ro\/ro\/produs\/spart\/","title":{"rendered":"Spart"},"content":{"rendered":"<p>Microfon lavalier wireless pentru transmisiuni live, apeluri video sau \u00eenregistr\u0103ri de podcast, printre multe alte utiliz\u0103ri. Incluz\u00e2nd un clip practic pentru ajustare u\u0219oar\u0103 \u0219i se conecteaz\u0103 la dispozitiv (smartphone, tablet\u0103, computer&#8230;) printr-un receptor OTG cu conexiune Type C, oferind o transmisie audio stabil\u0103, fluid\u0103 \u0219i de \u00eenalt\u0103 calitate. Cu receptoare audio de \u00eenalt\u0103 sensibilitate \u0219i spum\u0103 protectoare, captur\u00e2nd sunetul cu claritate \u0219i precizie. Re\u00eenc\u0103rcabil prin cablu Type C -inclus- \u0219i prezentat individual \u00eentr-o cutie de design kraft. Cu manual de instruc\u021biuni \u00een englez\u0103 \u0219i spaniol\u0103.<\/p>","protected":false},"excerpt":{"rendered":"<p>Microfon lavalier wireless pentru transmisiuni live, apeluri video sau \u00eenregistr\u0103ri de podcast, printre multe alte utiliz\u0103ri. Incluz\u00e2nd un clip practic<\/p>","protected":false},"featured_media":135015,"comment_status":"open","ping_status":"closed","template":"","meta":[],"product_brand":[],"product_cat":[170],"product_tag":[],"class_list":{"0":"post-93410","1":"product","2":"type-product","3":"status-publish","4":"has-post-thumbnail","6":"product_cat-tehnologie-si-accesorii","8":"first","9":"instock","10":"shipping-taxable","11":"purchasable","12":"product-type-simple"},"_links":{"self":[{"href":"https:\/\/promis.ro\/ro\/wp-json\/wp\/v2\/product\/93410","targetHints":{"allow":["GET"]}}],"collection":[{"href":"https:\/\/promis.ro\/ro\/wp-json\/wp\/v2\/product"}],"about":[{"href":"https:\/\/promis.ro\/ro\/wp-json\/wp\/v2\/types\/product"}],"replies":[{"embeddable":true,"href":"https:\/\/promis.ro\/ro\/wp-json\/wp\/v2\/comments?post=93410"}],"version-history":[{"count":1,"href":"https:\/\/promis.ro\/ro\/wp-json\/wp\/v2\/product\/93410\/revisions"}],"predecessor-version":[{"id":111855,"href":"https:\/\/promis.ro\/ro\/wp-json\/wp\/v2\/product\/93410\/revisions\/111855"}],"wp:featuredmedia":[{"embeddable":true,"href":"https:\/\/promis.ro\/ro\/wp-json\/wp\/v2\/media\/135015"}],"wp:attachment":[{"href":"https:\/\/promis.ro\/ro\/wp-json\/wp\/v2\/media?parent=93410"}],"wp:term":[{"taxonomy":"product_brand","embeddable":true,"href":"https:\/\/promis.ro\/ro\/wp-json\/wp\/v2\/product_brand?post=93410"},{"taxonomy":"product_cat","embeddable":true,"href":"https:\/\/promis.ro\/ro\/wp-json\/wp\/v2\/product_cat?post=93410"},{"taxonomy":"product_tag","embeddable":true,"href":"https:\/\/promis.ro\/ro\/wp-json\/wp\/v2\/product_tag?post=93410"}],"curies":[{"name":"wp","href":"https:\/\/api.w.org\/{rel}","templated":true}]}}