{"id":93420,"date":"2025-11-04T23:05:43","date_gmt":"2025-11-04T23:05:43","guid":{"rendered":"https:\/\/promis.ro\/product\/hiwent\/"},"modified":"2025-11-11T16:58:55","modified_gmt":"2025-11-11T16:58:55","slug":"hiwent","status":"publish","type":"product","link":"https:\/\/promis.ro\/ro\/produs\/hiwent\/","title":{"rendered":"Hiwent"},"content":{"rendered":"<p>Difuzor Bluetooth\u00ae original, cu dimensiuni compacte \u0219i 3W putere. Fabricat din materiale ecologice, combin\u00e2nd un corp rezistent din aluminiu reciclat \u0219i o gril\u0103 din bambus. Baterie litiu de 300mAh, re\u00eenc\u0103rcabil\u0103 prin cablu Type C (inclus). Cu buton ON\/OFF \u0219i indicator LED pentru starea de \u00eenc\u0103rcare. Cu logo Recycled Aluminium \u0219i curea pentru transport u\u0219or. Prezentat \u00eentr-o cutie individual\u0103 cu design kraft, cu manual de instruc\u021biuni \u00een englez\u0103 \u0219i spaniol\u0103. Aluminiul reciclat este un material cu aproape infinite posibilit\u0103\u021bi de reciclare, p\u0103str\u00e2ndu-\u0219i propriet\u0103\u021bile originale \u0219i consum\u00e2nd mai pu\u021bin\u0103 energie \u00een acest proces. Certificare GRS (Global Recycled Standard), care garanteaz\u0103 originea reciclat\u0103 a materialului utilizat pentru fabricarea produsului. Materiale precum bambusul \u00eencurajeaz\u0103 utilizarea materiilor prime naturale, reduc\u00e2nd emisiile de poluan\u021bi. Provine dintr-o plant\u0103 extrem de rezistent\u0103 \u0219i versatil\u0103, cu cre\u0219tere \u0219i regenerare rapid\u0103, f\u0103c\u00e2ndu-l o alternativ\u0103 excelent\u0103 la lemnul tradi\u021bional. Fabricat conform standardelor RoHS \u0219i \u00een conformitate cu urm\u0103toarele cerin\u021be de siguran\u021b\u0103: sistem de protec\u021bie \u00eempotriva supra\u00eenc\u0103lzirii. sistem de protec\u021bie \u00eempotriva supra\u00eenc\u0103rc\u0103rii. sistem de blocare pentru a preveni scurtcircuitele.<\/p>","protected":false},"excerpt":{"rendered":"<p>Difuzor Bluetooth\u00ae original, cu dimensiuni compacte \u0219i 3W putere. Fabricat din materiale ecologice, combin\u00e2nd un corp rezistent din aluminiu reciclat<\/p>","protected":false},"featured_media":136866,"comment_status":"open","ping_status":"closed","template":"","meta":[],"product_brand":[],"product_cat":[197],"product_tag":[],"class_list":{"0":"post-93420","1":"product","2":"type-product","3":"status-publish","4":"has-post-thumbnail","6":"product_cat-articole-durabile","8":"first","9":"instock","10":"shipping-taxable","11":"purchasable","12":"product-type-simple"},"_links":{"self":[{"href":"https:\/\/promis.ro\/ro\/wp-json\/wp\/v2\/product\/93420","targetHints":{"allow":["GET"]}}],"collection":[{"href":"https:\/\/promis.ro\/ro\/wp-json\/wp\/v2\/product"}],"about":[{"href":"https:\/\/promis.ro\/ro\/wp-json\/wp\/v2\/types\/product"}],"replies":[{"embeddable":true,"href":"https:\/\/promis.ro\/ro\/wp-json\/wp\/v2\/comments?post=93420"}],"version-history":[{"count":1,"href":"https:\/\/promis.ro\/ro\/wp-json\/wp\/v2\/product\/93420\/revisions"}],"predecessor-version":[{"id":111878,"href":"https:\/\/promis.ro\/ro\/wp-json\/wp\/v2\/product\/93420\/revisions\/111878"}],"wp:featuredmedia":[{"embeddable":true,"href":"https:\/\/promis.ro\/ro\/wp-json\/wp\/v2\/media\/136866"}],"wp:attachment":[{"href":"https:\/\/promis.ro\/ro\/wp-json\/wp\/v2\/media?parent=93420"}],"wp:term":[{"taxonomy":"product_brand","embeddable":true,"href":"https:\/\/promis.ro\/ro\/wp-json\/wp\/v2\/product_brand?post=93420"},{"taxonomy":"product_cat","embeddable":true,"href":"https:\/\/promis.ro\/ro\/wp-json\/wp\/v2\/product_cat?post=93420"},{"taxonomy":"product_tag","embeddable":true,"href":"https:\/\/promis.ro\/ro\/wp-json\/wp\/v2\/product_tag?post=93420"}],"curies":[{"name":"wp","href":"https:\/\/api.w.org\/{rel}","templated":true}]}}