{"id":93421,"date":"2025-11-04T23:05:44","date_gmt":"2025-11-04T23:05:44","guid":{"rendered":"https:\/\/promis.ro\/product\/sutmy\/"},"modified":"2025-11-11T16:58:59","modified_gmt":"2025-11-11T16:58:59","slug":"sutmy","status":"publish","type":"product","link":"https:\/\/promis.ro\/ro\/produs\/sutmy\/","title":{"rendered":"Sutmy"},"content":{"rendered":"<p>\u00cenc\u0103rc\u0103tor wireless 15W cu design circular, corp realizat din aluminiu reciclat \u0219i baz\u0103 de \u00eenc\u0103rcare din bambus. Compatibil cu dispozitive echipate cu tehnologia de \u00eenc\u0103rcare wireless Qi, cu cablu de \u00eenc\u0103rcare de tip C inclus \u0219i indicator LED pentru starea de \u00eenc\u0103rcare. Baz\u0103 antiderapant\u0103 \u0219i prezentat \u00eentr-o cutie individual\u0103 cu design kraft, cu manual de instruc\u021biuni \u00een englez\u0103 \u0219i spaniol\u0103.<br \/>Materialele precum bambusul \u00eencurajeaz\u0103 utilizarea materiilor prime naturale, reduc\u00e2nd emisiile de poluan\u021bi. Provine dintr-o plant\u0103 foarte rezistent\u0103 \u0219i versatil\u0103, cu cre\u0219tere \u0219i regenerare rapid\u0103, f\u0103c\u00e2nd din aceasta o alternativ\u0103 excelent\u0103 la lemnul tradi\u021bional.<br \/>Aluminiul reciclat este un material cu posibilit\u0103\u021bi de reciclare aproape infinite, p\u0103str\u00e2ndu-\u0219i propriet\u0103\u021bile originale \u0219i consum\u00e2nd mai pu\u021bin\u0103 energie \u00een timpul acestui proces.<br \/>Certificare GRS (Global Recycled Standard), care garanteaz\u0103 originea reciclat\u0103 a materialului utilizat pentru fabricarea produsului.<br \/>Fabricat conform standardelor RoHS \u0219i \u00een conformitate cu urm\u0103toarele cerin\u021be de siguran\u021b\u0103: sistem de protec\u021bie \u00eempotriva supra\u00eenc\u0103lzirii. sistem de protec\u021bie \u00eempotriva supra\u00eenc\u0103rc\u0103rii. sistem de blocare pentru a preveni scurtcircuitele.<\/p>","protected":false},"excerpt":{"rendered":"<p>\u00cenc\u0103rc\u0103tor wireless 15W cu design circular, corp realizat din aluminiu reciclat \u0219i baz\u0103 de \u00eenc\u0103rcare din bambus. Compatibil cu dispozitive<\/p>","protected":false},"featured_media":136870,"comment_status":"open","ping_status":"closed","template":"","meta":[],"product_brand":[],"product_cat":[197],"product_tag":[],"class_list":{"0":"post-93421","1":"product","2":"type-product","3":"status-publish","4":"has-post-thumbnail","6":"product_cat-articole-durabile","8":"first","9":"instock","10":"shipping-taxable","11":"purchasable","12":"product-type-simple"},"_links":{"self":[{"href":"https:\/\/promis.ro\/ro\/wp-json\/wp\/v2\/product\/93421","targetHints":{"allow":["GET"]}}],"collection":[{"href":"https:\/\/promis.ro\/ro\/wp-json\/wp\/v2\/product"}],"about":[{"href":"https:\/\/promis.ro\/ro\/wp-json\/wp\/v2\/types\/product"}],"replies":[{"embeddable":true,"href":"https:\/\/promis.ro\/ro\/wp-json\/wp\/v2\/comments?post=93421"}],"version-history":[{"count":1,"href":"https:\/\/promis.ro\/ro\/wp-json\/wp\/v2\/product\/93421\/revisions"}],"predecessor-version":[{"id":111865,"href":"https:\/\/promis.ro\/ro\/wp-json\/wp\/v2\/product\/93421\/revisions\/111865"}],"wp:featuredmedia":[{"embeddable":true,"href":"https:\/\/promis.ro\/ro\/wp-json\/wp\/v2\/media\/136870"}],"wp:attachment":[{"href":"https:\/\/promis.ro\/ro\/wp-json\/wp\/v2\/media?parent=93421"}],"wp:term":[{"taxonomy":"product_brand","embeddable":true,"href":"https:\/\/promis.ro\/ro\/wp-json\/wp\/v2\/product_brand?post=93421"},{"taxonomy":"product_cat","embeddable":true,"href":"https:\/\/promis.ro\/ro\/wp-json\/wp\/v2\/product_cat?post=93421"},{"taxonomy":"product_tag","embeddable":true,"href":"https:\/\/promis.ro\/ro\/wp-json\/wp\/v2\/product_tag?post=93421"}],"curies":[{"name":"wp","href":"https:\/\/api.w.org\/{rel}","templated":true}]}}