{"id":93423,"date":"2025-11-04T23:05:44","date_gmt":"2025-11-04T23:05:44","guid":{"rendered":"https:\/\/promis.ro\/product\/desak\/"},"modified":"2025-11-11T16:59:05","modified_gmt":"2025-11-11T16:59:05","slug":"desak","status":"publish","type":"product","link":"https:\/\/promis.ro\/ro\/produs\/desak\/","title":{"rendered":"Desak"},"content":{"rendered":"<p>Cablu de \u00eenc\u0103rcare fabricat din bambus \u0219i Aluminiu Reciclat. Compact ca dimensiune \u0219i cu inel original pentru transport. Conexiuni de intrare Type C \u0219i USB + ie\u0219iri Type C, Lightning \u0219i Micro USB. 5V DC 2.4A. Cu logo-ul Aluminiului Reciclat \u0219i prezentat \u00eentr-o cutie individual\u0103 cu design kraft. Materiale precum bambusul \u00eencurajeaz\u0103 utilizarea materiilor prime naturale, reduc\u00e2nd emisiile de poluan\u021bi. Provine dintr-o plant\u0103 foarte rezistent\u0103 \u0219i versatil\u0103, cu cre\u0219tere \u0219i regenerare rapid\u0103, f\u0103c\u00e2ndu-l o alternativ\u0103 excelent\u0103 la lemnul tradi\u021bional. Aluminiul Reciclat este un material cu aproape infinite posibilit\u0103\u021bi de reciclare, p\u0103str\u00e2ndu-\u0219i propriet\u0103\u021bile originale \u0219i consum\u00e2nd mai pu\u021bin\u0103 energie \u00een timpul acestui proces. Certificare GRS (Global Recycled Standard), care garanteaz\u0103 originea reciclat\u0103 a materialului utilizat pentru fabricarea produsului.<\/p>","protected":false},"excerpt":{"rendered":"<p>Cablu de \u00eenc\u0103rcare fabricat din bambus \u0219i Aluminiu Reciclat. Compact ca dimensiune \u0219i cu inel original pentru transport. Conexiuni de<\/p>","protected":false},"featured_media":136877,"comment_status":"open","ping_status":"closed","template":"","meta":[],"product_brand":[],"product_cat":[197],"product_tag":[],"class_list":{"0":"post-93423","1":"product","2":"type-product","3":"status-publish","4":"has-post-thumbnail","6":"product_cat-articole-durabile","8":"first","9":"instock","10":"shipping-taxable","11":"purchasable","12":"product-type-simple"},"_links":{"self":[{"href":"https:\/\/promis.ro\/ro\/wp-json\/wp\/v2\/product\/93423","targetHints":{"allow":["GET"]}}],"collection":[{"href":"https:\/\/promis.ro\/ro\/wp-json\/wp\/v2\/product"}],"about":[{"href":"https:\/\/promis.ro\/ro\/wp-json\/wp\/v2\/types\/product"}],"replies":[{"embeddable":true,"href":"https:\/\/promis.ro\/ro\/wp-json\/wp\/v2\/comments?post=93423"}],"version-history":[{"count":1,"href":"https:\/\/promis.ro\/ro\/wp-json\/wp\/v2\/product\/93423\/revisions"}],"predecessor-version":[{"id":111868,"href":"https:\/\/promis.ro\/ro\/wp-json\/wp\/v2\/product\/93423\/revisions\/111868"}],"wp:featuredmedia":[{"embeddable":true,"href":"https:\/\/promis.ro\/ro\/wp-json\/wp\/v2\/media\/136877"}],"wp:attachment":[{"href":"https:\/\/promis.ro\/ro\/wp-json\/wp\/v2\/media?parent=93423"}],"wp:term":[{"taxonomy":"product_brand","embeddable":true,"href":"https:\/\/promis.ro\/ro\/wp-json\/wp\/v2\/product_brand?post=93423"},{"taxonomy":"product_cat","embeddable":true,"href":"https:\/\/promis.ro\/ro\/wp-json\/wp\/v2\/product_cat?post=93423"},{"taxonomy":"product_tag","embeddable":true,"href":"https:\/\/promis.ro\/ro\/wp-json\/wp\/v2\/product_tag?post=93423"}],"curies":[{"name":"wp","href":"https:\/\/api.w.org\/{rel}","templated":true}]}}