{"id":93424,"date":"2025-11-04T23:05:45","date_gmt":"2025-11-04T23:05:45","guid":{"rendered":"https:\/\/promis.ro\/product\/newin\/"},"modified":"2025-11-11T16:59:11","modified_gmt":"2025-11-11T16:59:11","slug":"newin","status":"publish","type":"product","link":"https:\/\/promis.ro\/ro\/produs\/newin\/","title":{"rendered":"Newin"},"content":{"rendered":"<p>Baterie extern\u0103 auxiliar\u0103 de 5.000 mAh, cu carcas\u0103 din Aluminiu Reciclat \u0219i suprafa\u021b\u0103 din bambus. Cu 2 ie\u0219iri USB \u0219i conexiune dual\u0103 de intrare\/ie\u0219ire Type C. Indicator de stare a \u00eenc\u0103rc\u0103rii \u0219i cablu de \u00eenc\u0103rcare Type C inclus. Cu logo Aluminiu Reciclat \u0219i prezentat\u0103 \u00eentr-o cutie individual\u0103 cu design kraft. Manual de instruc\u021biuni disponibil \u00een englez\u0103 \u0219i spaniol\u0103.<\/p>\n<p>USB C Intrare\/Ie\u0219ire: 5V DC 2.4V<br \/>USB Ie\u0219ire: 5V DC 2.4A<\/p>\n<p>Aluminiul Reciclat este un material cu posibilit\u0103\u021bi de reciclare aproape infinite, p\u0103str\u00e2ndu-\u0219i propriet\u0103\u021bile originale \u0219i consum\u00e2nd mai pu\u021bin\u0103 energie \u00een acest proces. Certificare GRS (Global Recycled Standard), care garanteaz\u0103 originea reciclat\u0103 a materialului folosit pentru fabricarea produsului.<\/p>\n<p>Materiale precum bambusul \u00eencurajeaz\u0103 utilizarea materiilor prime naturale, reduc\u00e2nd emisiile de poluan\u021bi. Provine dintr-o plant\u0103 foarte rezistent\u0103 \u0219i versatil\u0103, cu cre\u0219tere \u0219i regenerare rapid\u0103, f\u0103c\u00e2ndu-l o alternativ\u0103 excelent\u0103 la lemnul tradi\u021bional.<\/p>\n<p>Capacit\u0103\u021bile prezentate \u00een toate bateriile noastre externe auxiliare sunt reale, toate incorpor\u00e2nd baterii de grad A, non-reciclate, cu o durat\u0103 de via\u021b\u0103 de cel pu\u021bin 500 de cicluri de \u00eenc\u0103rcare \u0219i conform\u00e2ndu-se reglement\u0103rilor CE. \u00cen plus, sunt fabricate conform standardelor RoHS \u0219i \u00een conformitate cu urm\u0103toarele cerin\u021be de siguran\u021b\u0103: sistem de protec\u021bie \u00eempotriva supra\u00eenc\u0103rc\u0103rii power bank-ului. Sistem complet de protec\u021bie \u00eempotriva desc\u0103rc\u0103rii, care cre\u0219te durabilitatea power bank-ului. Sistem de blocare pentru a preveni scurtcircuitele. Sistem constant de transfer de \u00eenc\u0103rcare, \u00een conformitate cu capacitatea dispozitivului \u021bint\u0103.<\/p>","protected":false},"excerpt":{"rendered":"<p>Baterie extern\u0103 auxiliar\u0103 de 5.000 mAh, cu carcas\u0103 din Aluminiu Reciclat \u0219i suprafa\u021b\u0103 din bambus. Cu 2 ie\u0219iri USB \u0219i<\/p>","protected":false},"featured_media":136880,"comment_status":"open","ping_status":"closed","template":"","meta":[],"product_brand":[],"product_cat":[197],"product_tag":[],"class_list":{"0":"post-93424","1":"product","2":"type-product","3":"status-publish","4":"has-post-thumbnail","6":"product_cat-articole-durabile","8":"first","9":"instock","10":"shipping-taxable","11":"purchasable","12":"product-type-simple"},"_links":{"self":[{"href":"https:\/\/promis.ro\/ro\/wp-json\/wp\/v2\/product\/93424","targetHints":{"allow":["GET"]}}],"collection":[{"href":"https:\/\/promis.ro\/ro\/wp-json\/wp\/v2\/product"}],"about":[{"href":"https:\/\/promis.ro\/ro\/wp-json\/wp\/v2\/types\/product"}],"replies":[{"embeddable":true,"href":"https:\/\/promis.ro\/ro\/wp-json\/wp\/v2\/comments?post=93424"}],"version-history":[{"count":1,"href":"https:\/\/promis.ro\/ro\/wp-json\/wp\/v2\/product\/93424\/revisions"}],"predecessor-version":[{"id":111881,"href":"https:\/\/promis.ro\/ro\/wp-json\/wp\/v2\/product\/93424\/revisions\/111881"}],"wp:featuredmedia":[{"embeddable":true,"href":"https:\/\/promis.ro\/ro\/wp-json\/wp\/v2\/media\/136880"}],"wp:attachment":[{"href":"https:\/\/promis.ro\/ro\/wp-json\/wp\/v2\/media?parent=93424"}],"wp:term":[{"taxonomy":"product_brand","embeddable":true,"href":"https:\/\/promis.ro\/ro\/wp-json\/wp\/v2\/product_brand?post=93424"},{"taxonomy":"product_cat","embeddable":true,"href":"https:\/\/promis.ro\/ro\/wp-json\/wp\/v2\/product_cat?post=93424"},{"taxonomy":"product_tag","embeddable":true,"href":"https:\/\/promis.ro\/ro\/wp-json\/wp\/v2\/product_tag?post=93424"}],"curies":[{"name":"wp","href":"https:\/\/api.w.org\/{rel}","templated":true}]}}