{"id":93425,"date":"2025-11-04T23:05:45","date_gmt":"2025-11-04T23:05:45","guid":{"rendered":"https:\/\/promis.ro\/product\/eliot\/"},"modified":"2025-11-11T16:59:17","modified_gmt":"2025-11-11T16:59:17","slug":"eliot","status":"publish","type":"product","link":"https:\/\/promis.ro\/ro\/produs\/eliot\/","title":{"rendered":"Eliot"},"content":{"rendered":"<p>Set complet de \u00eenc\u0103rc\u0103tor wireless de 15W \u0219i cabluri de \u00eenc\u0103rcare. Fabricat din bambus lustruit, \u00eentr-un design original de carcas\u0103 cu \u00eenc\u0103rc\u0103tor wireless integrat \u00een capac \u0219i o baz\u0103 t\u0103iat\u0103 la form\u0103, inclusiv un set complet de cabluri \u0219i adaptoare. \u00cenc\u0103rc\u0103tor compatibil cu dispozitivele Qi. Set de cabluri de \u00eenc\u0103rcare cu capacitate de transfer de date \u0219i multiple conexiuni: Micro USB, Type C \u0219i Lightning. 5V DC 3A. Prezentat \u00eentr-o cutie cu design kraft. Materialele precum bambusul \u00eencurajeaz\u0103 utilizarea materiilor prime naturale, reduc\u00e2nd emisiile de poluan\u021bi. Provine dintr-o plant\u0103 foarte rezistent\u0103 \u0219i versatil\u0103, cu cre\u0219tere \u0219i regenerare rapid\u0103, f\u0103c\u00e2ndu-l o alternativ\u0103 excelent\u0103 la lemnul tradi\u021bional. Fabricat conform standardelor RoHS \u0219i \u00een conformitate cu urm\u0103toarele cerin\u021be de siguran\u021b\u0103: Sistem de protec\u021bie \u00eempotriva supra\u00eenc\u0103lzirii. Sistem de protec\u021bie \u00eempotriva supra\u00eenc\u0103rc\u0103rii. Sistem de blocare pentru a preveni scurtcircuitele.<\/p>","protected":false},"excerpt":{"rendered":"<p>Set complet de \u00eenc\u0103rc\u0103tor wireless de 15W \u0219i cabluri de \u00eenc\u0103rcare. Fabricat din bambus lustruit, \u00eentr-un design original de carcas\u0103<\/p>","protected":false},"featured_media":136885,"comment_status":"open","ping_status":"closed","template":"","meta":[],"product_brand":[],"product_cat":[170],"product_tag":[],"class_list":{"0":"post-93425","1":"product","2":"type-product","3":"status-publish","4":"has-post-thumbnail","6":"product_cat-tehnologie-si-accesorii","8":"first","9":"instock","10":"shipping-taxable","11":"purchasable","12":"product-type-simple"},"_links":{"self":[{"href":"https:\/\/promis.ro\/ro\/wp-json\/wp\/v2\/product\/93425","targetHints":{"allow":["GET"]}}],"collection":[{"href":"https:\/\/promis.ro\/ro\/wp-json\/wp\/v2\/product"}],"about":[{"href":"https:\/\/promis.ro\/ro\/wp-json\/wp\/v2\/types\/product"}],"replies":[{"embeddable":true,"href":"https:\/\/promis.ro\/ro\/wp-json\/wp\/v2\/comments?post=93425"}],"version-history":[{"count":1,"href":"https:\/\/promis.ro\/ro\/wp-json\/wp\/v2\/product\/93425\/revisions"}],"predecessor-version":[{"id":111875,"href":"https:\/\/promis.ro\/ro\/wp-json\/wp\/v2\/product\/93425\/revisions\/111875"}],"wp:featuredmedia":[{"embeddable":true,"href":"https:\/\/promis.ro\/ro\/wp-json\/wp\/v2\/media\/136885"}],"wp:attachment":[{"href":"https:\/\/promis.ro\/ro\/wp-json\/wp\/v2\/media?parent=93425"}],"wp:term":[{"taxonomy":"product_brand","embeddable":true,"href":"https:\/\/promis.ro\/ro\/wp-json\/wp\/v2\/product_brand?post=93425"},{"taxonomy":"product_cat","embeddable":true,"href":"https:\/\/promis.ro\/ro\/wp-json\/wp\/v2\/product_cat?post=93425"},{"taxonomy":"product_tag","embeddable":true,"href":"https:\/\/promis.ro\/ro\/wp-json\/wp\/v2\/product_tag?post=93425"}],"curies":[{"name":"wp","href":"https:\/\/api.w.org\/{rel}","templated":true}]}}