{"id":93426,"date":"2025-11-04T23:05:46","date_gmt":"2025-11-04T23:05:46","guid":{"rendered":"https:\/\/promis.ro\/product\/flow\/"},"modified":"2025-11-11T16:59:21","modified_gmt":"2025-11-11T16:59:21","slug":"flow","status":"publish","type":"product","link":"https:\/\/promis.ro\/ro\/produs\/flow\/","title":{"rendered":"Flow"},"content":{"rendered":"<p>Port USB 2.0 cu suport pentru telefon mobil extractabil integrat \u00een baz\u0103. Partea superioar\u0103 a dispozitivului este realizat\u0103 din bambus, cu o baz\u0103 din paie de gr\u00e2u. Conexiune dual\u0103 USB\/Type C \u0219i 3 porturi: 1 port Type C \u0219i 2 porturi USB. Prezentat \u00eentr-o cutie individual\u0103 cu design kraft. Paiele de gr\u00e2u promoveaz\u0103 utilizarea materiilor prime naturale, reduc\u00e2nd astfel emisiile de poluan\u021bi. Materiale precum bambusul \u00eencurajeaz\u0103 utilizarea materiilor prime naturale, reduc\u00e2nd emisiile de poluan\u021bi. Provine dintr-o plant\u0103 foarte rezistent\u0103 \u0219i versatil\u0103, cu cre\u0219tere rapid\u0103 \u0219i regenerare, f\u0103c\u00e2ndu-l o alternativ\u0103 excelent\u0103 la lemnul tradi\u021bional. Fabricat conform standardelor RoHS, cu sistem de blocare pentru a preveni scurtcircuitele. <\/p>","protected":false},"excerpt":{"rendered":"<p>Port USB 2.0 cu suport pentru telefon mobil extractabil integrat \u00een baz\u0103. Partea superioar\u0103 a dispozitivului este realizat\u0103 din bambus,<\/p>","protected":false},"featured_media":136897,"comment_status":"open","ping_status":"closed","template":"","meta":[],"product_brand":[],"product_cat":[170],"product_tag":[],"class_list":{"0":"post-93426","1":"product","2":"type-product","3":"status-publish","4":"has-post-thumbnail","6":"product_cat-tehnologie-si-accesorii","8":"first","9":"instock","10":"shipping-taxable","11":"purchasable","12":"product-type-simple"},"_links":{"self":[{"href":"https:\/\/promis.ro\/ro\/wp-json\/wp\/v2\/product\/93426","targetHints":{"allow":["GET"]}}],"collection":[{"href":"https:\/\/promis.ro\/ro\/wp-json\/wp\/v2\/product"}],"about":[{"href":"https:\/\/promis.ro\/ro\/wp-json\/wp\/v2\/types\/product"}],"replies":[{"embeddable":true,"href":"https:\/\/promis.ro\/ro\/wp-json\/wp\/v2\/comments?post=93426"}],"version-history":[{"count":1,"href":"https:\/\/promis.ro\/ro\/wp-json\/wp\/v2\/product\/93426\/revisions"}],"predecessor-version":[{"id":111866,"href":"https:\/\/promis.ro\/ro\/wp-json\/wp\/v2\/product\/93426\/revisions\/111866"}],"wp:featuredmedia":[{"embeddable":true,"href":"https:\/\/promis.ro\/ro\/wp-json\/wp\/v2\/media\/136897"}],"wp:attachment":[{"href":"https:\/\/promis.ro\/ro\/wp-json\/wp\/v2\/media?parent=93426"}],"wp:term":[{"taxonomy":"product_brand","embeddable":true,"href":"https:\/\/promis.ro\/ro\/wp-json\/wp\/v2\/product_brand?post=93426"},{"taxonomy":"product_cat","embeddable":true,"href":"https:\/\/promis.ro\/ro\/wp-json\/wp\/v2\/product_cat?post=93426"},{"taxonomy":"product_tag","embeddable":true,"href":"https:\/\/promis.ro\/ro\/wp-json\/wp\/v2\/product_tag?post=93426"}],"curies":[{"name":"wp","href":"https:\/\/api.w.org\/{rel}","templated":true}]}}