{"id":93427,"date":"2025-11-04T23:05:46","date_gmt":"2025-11-04T23:05:46","guid":{"rendered":"https:\/\/promis.ro\/product\/panther\/"},"modified":"2025-11-11T16:59:25","modified_gmt":"2025-11-11T16:59:25","slug":"panther","status":"publish","type":"product","link":"https:\/\/promis.ro\/ro\/produs\/panther\/","title":{"rendered":"Panther"},"content":{"rendered":"<p>\u00cenc\u0103rc\u0103tor wireless 15W de form\u0103 circular\u0103. Cu suprafa\u021ba de \u00eenc\u0103rcare din material reciclat din cutii de lapte \u0219i baz\u0103 din bambus, compatibil cu dispozitive echipate cu tehnologia de \u00eenc\u0103rcare wireless Qi. Cablu de \u00eenc\u0103rcare tip C inclus, cu logo-ul cutiilor de lapte reciclate \u00een sta\u021bia de \u00eenc\u0103rcare. Baz\u0103 din bambus anti-alunecare \u0219i prezentat\u0103 \u00eentr-o cutie individual\u0103 cu design kraft. Manual de instruc\u021biuni \u00een englez\u0103 \u0219i spaniol\u0103. Cutiile de lapte sunt \u00een principal fabricate din carton \u0219i aluminiu. \u00cen timpul procesului de reciclare, diferitele materiale de ambalare sunt separate pentru reutilizare \u0219i reproiectare, contribuind astfel la calea infinit\u0103 a economiei circulare. Acest material este bine cunoscut pentru reciclabilitatea sa ridicat\u0103, precum \u0219i pentru greutatea sa u\u0219oar\u0103 \u0219i rezisten\u021b\u0103. Materiale precum bambusul \u00eencurajeaz\u0103 utilizarea materiilor prime naturale, reduc\u00e2nd emisiile de poluan\u021bi. Provine dintr-o plant\u0103 foarte rezistent\u0103 \u0219i versatil\u0103, cu cre\u0219tere \u0219i regenerare rapid\u0103, f\u0103c\u00e2ndu-l o alternativ\u0103 excelent\u0103 la lemnul tradi\u021bional. Fabricat conform standardelor RoHS \u0219i \u00een conformitate cu urm\u0103toarele cerin\u021be de siguran\u021b\u0103: sistem de protec\u021bie \u00eempotriva supra\u00eenc\u0103lzirii. sistem de protec\u021bie \u00eempotriva supra\u00eenc\u0103rc\u0103rii. sistem de blocare pentru a preveni scurtcircuitele.<\/p>","protected":false},"excerpt":{"rendered":"<p>\u00cenc\u0103rc\u0103tor wireless 15W de form\u0103 circular\u0103. Cu suprafa\u021ba de \u00eenc\u0103rcare din material reciclat din cutii de lapte \u0219i baz\u0103 din<\/p>","protected":false},"featured_media":136902,"comment_status":"open","ping_status":"closed","template":"","meta":[],"product_brand":[],"product_cat":[170],"product_tag":[],"class_list":{"0":"post-93427","1":"product","2":"type-product","3":"status-publish","4":"has-post-thumbnail","6":"product_cat-tehnologie-si-accesorii","8":"first","9":"instock","10":"shipping-taxable","11":"purchasable","12":"product-type-simple"},"_links":{"self":[{"href":"https:\/\/promis.ro\/ro\/wp-json\/wp\/v2\/product\/93427","targetHints":{"allow":["GET"]}}],"collection":[{"href":"https:\/\/promis.ro\/ro\/wp-json\/wp\/v2\/product"}],"about":[{"href":"https:\/\/promis.ro\/ro\/wp-json\/wp\/v2\/types\/product"}],"replies":[{"embeddable":true,"href":"https:\/\/promis.ro\/ro\/wp-json\/wp\/v2\/comments?post=93427"}],"version-history":[{"count":1,"href":"https:\/\/promis.ro\/ro\/wp-json\/wp\/v2\/product\/93427\/revisions"}],"predecessor-version":[{"id":111883,"href":"https:\/\/promis.ro\/ro\/wp-json\/wp\/v2\/product\/93427\/revisions\/111883"}],"wp:featuredmedia":[{"embeddable":true,"href":"https:\/\/promis.ro\/ro\/wp-json\/wp\/v2\/media\/136902"}],"wp:attachment":[{"href":"https:\/\/promis.ro\/ro\/wp-json\/wp\/v2\/media?parent=93427"}],"wp:term":[{"taxonomy":"product_brand","embeddable":true,"href":"https:\/\/promis.ro\/ro\/wp-json\/wp\/v2\/product_brand?post=93427"},{"taxonomy":"product_cat","embeddable":true,"href":"https:\/\/promis.ro\/ro\/wp-json\/wp\/v2\/product_cat?post=93427"},{"taxonomy":"product_tag","embeddable":true,"href":"https:\/\/promis.ro\/ro\/wp-json\/wp\/v2\/product_tag?post=93427"}],"curies":[{"name":"wp","href":"https:\/\/api.w.org\/{rel}","templated":true}]}}