{"id":93428,"date":"2025-11-04T23:05:46","date_gmt":"2025-11-04T23:05:46","guid":{"rendered":"https:\/\/promis.ro\/product\/sucrep\/"},"modified":"2025-11-11T16:59:28","modified_gmt":"2025-11-11T16:59:28","slug":"sucrep","status":"publish","type":"product","link":"https:\/\/promis.ro\/ro\/produs\/sucrep\/","title":{"rendered":"Sucrep"},"content":{"rendered":"<p>\u00cenc\u0103rc\u0103tor wireless de 15W, de form\u0103 p\u0103trat\u0103. Cu suprafa\u021b\u0103 de \u00eenc\u0103rcare din material reciclat din cutii de lapte \u0219i baz\u0103 din bambus, compatibil cu dispozitive echipate cu tehnologia de \u00eenc\u0103rcare wireless Qi. Cablu de \u00eenc\u0103rcare tip C inclus, cu logo-ul cutiilor de lapte reciclate \u00een sta\u021bia de \u00eenc\u0103rcare. Baz\u0103 din bambus antiderapant \u0219i prezentat \u00eentr-o cutie individual\u0103 cu design kraft. Manual de instruc\u021biuni \u00een englez\u0103 \u0219i spaniol\u0103. Cutiile de lapte sunt \u00een mare parte fabricate din carton \u0219i aluminiu. \u00cen timpul procesului de reciclare, diferitele materiale de ambalare sunt separate pentru reutilizare \u0219i reproiectare, contribuind astfel la calea infinit\u0103 a economiei circulare. Acest material este bine cunoscut pentru reciclabilitatea sa ridicat\u0103, precum \u0219i pentru greutatea sa redus\u0103 \u0219i rezisten\u021b\u0103. Materiale precum bambusul \u00eencurajeaz\u0103 utilizarea materiilor prime naturale, reduc\u00e2nd emisiile de poluan\u021bi. Provine dintr-o plant\u0103 foarte rezistent\u0103 \u0219i versatil\u0103, cu cre\u0219tere rapid\u0103 \u0219i regenerare, f\u0103c\u00e2nd din acesta o alternativ\u0103 excelent\u0103 la lemnul tradi\u021bional. Fabricat conform standardelor RoHS \u0219i \u00een conformitate cu urm\u0103toarele cerin\u021be de siguran\u021b\u0103: Sistem de protec\u021bie \u00eempotriva supra\u00eenc\u0103lzirii. Sistem de protec\u021bie \u00eempotriva supra\u00eenc\u0103rc\u0103rii. Sistem de blocare pentru a preveni scurtcircuitele.<\/p>","protected":false},"excerpt":{"rendered":"<p>\u00cenc\u0103rc\u0103tor wireless de 15W, de form\u0103 p\u0103trat\u0103. Cu suprafa\u021b\u0103 de \u00eenc\u0103rcare din material reciclat din cutii de lapte \u0219i baz\u0103<\/p>","protected":false},"featured_media":136906,"comment_status":"open","ping_status":"closed","template":"","meta":[],"product_brand":[],"product_cat":[170],"product_tag":[],"class_list":{"0":"post-93428","1":"product","2":"type-product","3":"status-publish","4":"has-post-thumbnail","6":"product_cat-tehnologie-si-accesorii","8":"first","9":"instock","10":"shipping-taxable","11":"purchasable","12":"product-type-simple"},"_links":{"self":[{"href":"https:\/\/promis.ro\/ro\/wp-json\/wp\/v2\/product\/93428","targetHints":{"allow":["GET"]}}],"collection":[{"href":"https:\/\/promis.ro\/ro\/wp-json\/wp\/v2\/product"}],"about":[{"href":"https:\/\/promis.ro\/ro\/wp-json\/wp\/v2\/types\/product"}],"replies":[{"embeddable":true,"href":"https:\/\/promis.ro\/ro\/wp-json\/wp\/v2\/comments?post=93428"}],"version-history":[{"count":1,"href":"https:\/\/promis.ro\/ro\/wp-json\/wp\/v2\/product\/93428\/revisions"}],"predecessor-version":[{"id":111897,"href":"https:\/\/promis.ro\/ro\/wp-json\/wp\/v2\/product\/93428\/revisions\/111897"}],"wp:featuredmedia":[{"embeddable":true,"href":"https:\/\/promis.ro\/ro\/wp-json\/wp\/v2\/media\/136906"}],"wp:attachment":[{"href":"https:\/\/promis.ro\/ro\/wp-json\/wp\/v2\/media?parent=93428"}],"wp:term":[{"taxonomy":"product_brand","embeddable":true,"href":"https:\/\/promis.ro\/ro\/wp-json\/wp\/v2\/product_brand?post=93428"},{"taxonomy":"product_cat","embeddable":true,"href":"https:\/\/promis.ro\/ro\/wp-json\/wp\/v2\/product_cat?post=93428"},{"taxonomy":"product_tag","embeddable":true,"href":"https:\/\/promis.ro\/ro\/wp-json\/wp\/v2\/product_tag?post=93428"}],"curies":[{"name":"wp","href":"https:\/\/api.w.org\/{rel}","templated":true}]}}