{"id":93431,"date":"2025-11-04T23:05:47","date_gmt":"2025-11-04T23:05:47","guid":{"rendered":"https:\/\/promis.ro\/product\/olson-16gb\/"},"modified":"2025-11-11T16:59:36","modified_gmt":"2025-11-11T16:59:36","slug":"olson-16gb","status":"publish","type":"product","link":"https:\/\/promis.ro\/ro\/produs\/olson-16gb\/","title":{"rendered":"Olson 16GB"},"content":{"rendered":"<p>USB flash drive cu capacitate de 16GB. Fabricat din bambus, cu o zon\u0103 de branding mare \u0219i elegant iluminat\u0103. Prezentat \u00eentr-o cutie atractiv\u0103 de design kraft. Materiale precum bambusul \u00eencurajeaz\u0103 utilizarea materiilor prime naturale, reduc\u00e2nd emisiile de poluan\u021bi. Provine dintr-o plant\u0103 foarte rezistent\u0103 \u0219i versatil\u0103, cu cre\u0219tere \u0219i regenerare rapid\u0103, f\u0103c\u00e2ndu-l o alternativ\u0103 excelent\u0103 la lemnul tradi\u021bional.<\/p>","protected":false},"excerpt":{"rendered":"<p>USB flash drive cu capacitate de 16GB. Fabricat din bambus, cu o zon\u0103 de branding mare \u0219i elegant iluminat\u0103. Prezentat<\/p>","protected":false},"featured_media":136916,"comment_status":"open","ping_status":"closed","template":"","meta":[],"product_brand":[],"product_cat":[170],"product_tag":[],"class_list":{"0":"post-93431","1":"product","2":"type-product","3":"status-publish","4":"has-post-thumbnail","6":"product_cat-tehnologie-si-accesorii","8":"first","9":"instock","10":"shipping-taxable","11":"purchasable","12":"product-type-simple"},"_links":{"self":[{"href":"https:\/\/promis.ro\/ro\/wp-json\/wp\/v2\/product\/93431","targetHints":{"allow":["GET"]}}],"collection":[{"href":"https:\/\/promis.ro\/ro\/wp-json\/wp\/v2\/product"}],"about":[{"href":"https:\/\/promis.ro\/ro\/wp-json\/wp\/v2\/types\/product"}],"replies":[{"embeddable":true,"href":"https:\/\/promis.ro\/ro\/wp-json\/wp\/v2\/comments?post=93431"}],"version-history":[{"count":1,"href":"https:\/\/promis.ro\/ro\/wp-json\/wp\/v2\/product\/93431\/revisions"}],"predecessor-version":[{"id":111872,"href":"https:\/\/promis.ro\/ro\/wp-json\/wp\/v2\/product\/93431\/revisions\/111872"}],"wp:featuredmedia":[{"embeddable":true,"href":"https:\/\/promis.ro\/ro\/wp-json\/wp\/v2\/media\/136916"}],"wp:attachment":[{"href":"https:\/\/promis.ro\/ro\/wp-json\/wp\/v2\/media?parent=93431"}],"wp:term":[{"taxonomy":"product_brand","embeddable":true,"href":"https:\/\/promis.ro\/ro\/wp-json\/wp\/v2\/product_brand?post=93431"},{"taxonomy":"product_cat","embeddable":true,"href":"https:\/\/promis.ro\/ro\/wp-json\/wp\/v2\/product_cat?post=93431"},{"taxonomy":"product_tag","embeddable":true,"href":"https:\/\/promis.ro\/ro\/wp-json\/wp\/v2\/product_tag?post=93431"}],"curies":[{"name":"wp","href":"https:\/\/api.w.org\/{rel}","templated":true}]}}