{"id":93432,"date":"2025-11-04T23:05:48","date_gmt":"2025-11-04T23:05:48","guid":{"rendered":"https:\/\/promis.ro\/product\/narvik-16gb\/"},"modified":"2025-11-11T16:59:38","modified_gmt":"2025-11-11T16:59:38","slug":"narvik-16gb","status":"publish","type":"product","link":"https:\/\/promis.ro\/ro\/produs\/narvik-16gb\/","title":{"rendered":"Narvik 16GB"},"content":{"rendered":"<p>Unitate flash USB cu capacitate de 16GB, fabricat\u0103 din bambus. Prezentat\u0103 \u00eentr-o cutie atractiv\u0103 din carton kraft. Materialele precum bambusul \u00eencurajeaz\u0103 utilizarea materiilor prime naturale, reduc\u00e2nd emisiile de poluan\u021bi. Provine dintr-o plant\u0103 foarte rezistent\u0103 \u0219i versatil\u0103, cu cre\u0219tere \u0219i regenerare rapid\u0103, f\u0103c\u00e2nd din aceasta o alternativ\u0103 excelent\u0103 la lemnul tradi\u021bional.<\/p>","protected":false},"excerpt":{"rendered":"<p>Unitate flash USB cu capacitate de 16GB, fabricat\u0103 din bambus. Prezentat\u0103 \u00eentr-o cutie atractiv\u0103 din carton kraft. Materialele precum bambusul<\/p>","protected":false},"featured_media":136917,"comment_status":"open","ping_status":"closed","template":"","meta":[],"product_brand":[],"product_cat":[197],"product_tag":[],"class_list":{"0":"post-93432","1":"product","2":"type-product","3":"status-publish","4":"has-post-thumbnail","6":"product_cat-articole-durabile","8":"first","9":"instock","10":"shipping-taxable","11":"purchasable","12":"product-type-simple"},"_links":{"self":[{"href":"https:\/\/promis.ro\/ro\/wp-json\/wp\/v2\/product\/93432","targetHints":{"allow":["GET"]}}],"collection":[{"href":"https:\/\/promis.ro\/ro\/wp-json\/wp\/v2\/product"}],"about":[{"href":"https:\/\/promis.ro\/ro\/wp-json\/wp\/v2\/types\/product"}],"replies":[{"embeddable":true,"href":"https:\/\/promis.ro\/ro\/wp-json\/wp\/v2\/comments?post=93432"}],"version-history":[{"count":1,"href":"https:\/\/promis.ro\/ro\/wp-json\/wp\/v2\/product\/93432\/revisions"}],"predecessor-version":[{"id":111882,"href":"https:\/\/promis.ro\/ro\/wp-json\/wp\/v2\/product\/93432\/revisions\/111882"}],"wp:featuredmedia":[{"embeddable":true,"href":"https:\/\/promis.ro\/ro\/wp-json\/wp\/v2\/media\/136917"}],"wp:attachment":[{"href":"https:\/\/promis.ro\/ro\/wp-json\/wp\/v2\/media?parent=93432"}],"wp:term":[{"taxonomy":"product_brand","embeddable":true,"href":"https:\/\/promis.ro\/ro\/wp-json\/wp\/v2\/product_brand?post=93432"},{"taxonomy":"product_cat","embeddable":true,"href":"https:\/\/promis.ro\/ro\/wp-json\/wp\/v2\/product_cat?post=93432"},{"taxonomy":"product_tag","embeddable":true,"href":"https:\/\/promis.ro\/ro\/wp-json\/wp\/v2\/product_tag?post=93432"}],"curies":[{"name":"wp","href":"https:\/\/api.w.org\/{rel}","templated":true}]}}