{"id":94361,"date":"2025-11-04T23:13:09","date_gmt":"2025-11-04T23:13:09","guid":{"rendered":"https:\/\/promis.ro\/product\/kluivert-16gb\/"},"modified":"2025-11-11T16:59:41","modified_gmt":"2025-11-11T16:59:41","slug":"kluivert-16gb","status":"publish","type":"product","link":"https:\/\/promis.ro\/ro\/produs\/kluivert-16gb\/","title":{"rendered":"Kluivert 16GB"},"content":{"rendered":"<p>Unitate flash OTG USB cu capacitate de 16GB, clip rotativ \u0219i carcas\u0103 din lemn moale. Cu conexiune USB \u0219i Type C. Prezentat\u0103 \u00eentr-o cutie individual\u0103 din carton reciclat.<\/p>","protected":false},"excerpt":{"rendered":"<p>Unitate flash OTG USB cu capacitate de 16GB, clip rotativ \u0219i carcas\u0103 din lemn moale. Cu conexiune USB \u0219i Type<\/p>","protected":false},"featured_media":136919,"comment_status":"open","ping_status":"closed","template":"","meta":[],"product_brand":[],"product_cat":[170],"product_tag":[],"class_list":{"0":"post-94361","1":"product","2":"type-product","3":"status-publish","4":"has-post-thumbnail","6":"product_cat-tehnologie-si-accesorii","8":"first","9":"instock","10":"shipping-taxable","11":"purchasable","12":"product-type-simple"},"_links":{"self":[{"href":"https:\/\/promis.ro\/ro\/wp-json\/wp\/v2\/product\/94361","targetHints":{"allow":["GET"]}}],"collection":[{"href":"https:\/\/promis.ro\/ro\/wp-json\/wp\/v2\/product"}],"about":[{"href":"https:\/\/promis.ro\/ro\/wp-json\/wp\/v2\/types\/product"}],"replies":[{"embeddable":true,"href":"https:\/\/promis.ro\/ro\/wp-json\/wp\/v2\/comments?post=94361"}],"version-history":[{"count":1,"href":"https:\/\/promis.ro\/ro\/wp-json\/wp\/v2\/product\/94361\/revisions"}],"predecessor-version":[{"id":111870,"href":"https:\/\/promis.ro\/ro\/wp-json\/wp\/v2\/product\/94361\/revisions\/111870"}],"wp:featuredmedia":[{"embeddable":true,"href":"https:\/\/promis.ro\/ro\/wp-json\/wp\/v2\/media\/136919"}],"wp:attachment":[{"href":"https:\/\/promis.ro\/ro\/wp-json\/wp\/v2\/media?parent=94361"}],"wp:term":[{"taxonomy":"product_brand","embeddable":true,"href":"https:\/\/promis.ro\/ro\/wp-json\/wp\/v2\/product_brand?post=94361"},{"taxonomy":"product_cat","embeddable":true,"href":"https:\/\/promis.ro\/ro\/wp-json\/wp\/v2\/product_cat?post=94361"},{"taxonomy":"product_tag","embeddable":true,"href":"https:\/\/promis.ro\/ro\/wp-json\/wp\/v2\/product_tag?post=94361"}],"curies":[{"name":"wp","href":"https:\/\/api.w.org\/{rel}","templated":true}]}}