{"id":94362,"date":"2025-11-04T23:13:10","date_gmt":"2025-11-04T23:13:10","guid":{"rendered":"https:\/\/promis.ro\/product\/kursap-16gb\/"},"modified":"2025-11-11T16:59:44","modified_gmt":"2025-11-11T16:59:44","slug":"kursap-16gb","status":"publish","type":"product","link":"https:\/\/promis.ro\/ro\/produs\/kursap-16gb\/","title":{"rendered":"Kursap 16GB"},"content":{"rendered":"<p>Memorie USB cu capacitate de 16GB, cu un corp rezistent din RABS \u0219i clip metalic rotativ. Prezentat\u0103 \u00eentr-o cutie de design kraft. RABS este un plastic foarte reciclabil \u0219i foarte rezistent, cu o multitudine de aplica\u021bii care \u00eel fac o solu\u021bie ecologic\u0103. Cu certificare RCS, garant\u00e2nd originea sa reciclat\u0103.<\/p>","protected":false},"excerpt":{"rendered":"<p>Memorie USB cu capacitate de 16GB, cu un corp rezistent din RABS \u0219i clip metalic rotativ. Prezentat\u0103 \u00eentr-o cutie de<\/p>","protected":false},"featured_media":136922,"comment_status":"open","ping_status":"closed","template":"","meta":[],"product_brand":[],"product_cat":[197],"product_tag":[],"class_list":{"0":"post-94362","1":"product","2":"type-product","3":"status-publish","4":"has-post-thumbnail","6":"product_cat-articole-durabile","8":"first","9":"instock","10":"shipping-taxable","11":"purchasable","12":"product-type-simple"},"_links":{"self":[{"href":"https:\/\/promis.ro\/ro\/wp-json\/wp\/v2\/product\/94362","targetHints":{"allow":["GET"]}}],"collection":[{"href":"https:\/\/promis.ro\/ro\/wp-json\/wp\/v2\/product"}],"about":[{"href":"https:\/\/promis.ro\/ro\/wp-json\/wp\/v2\/types\/product"}],"replies":[{"embeddable":true,"href":"https:\/\/promis.ro\/ro\/wp-json\/wp\/v2\/comments?post=94362"}],"version-history":[{"count":1,"href":"https:\/\/promis.ro\/ro\/wp-json\/wp\/v2\/product\/94362\/revisions"}],"predecessor-version":[{"id":111873,"href":"https:\/\/promis.ro\/ro\/wp-json\/wp\/v2\/product\/94362\/revisions\/111873"}],"wp:featuredmedia":[{"embeddable":true,"href":"https:\/\/promis.ro\/ro\/wp-json\/wp\/v2\/media\/136922"}],"wp:attachment":[{"href":"https:\/\/promis.ro\/ro\/wp-json\/wp\/v2\/media?parent=94362"}],"wp:term":[{"taxonomy":"product_brand","embeddable":true,"href":"https:\/\/promis.ro\/ro\/wp-json\/wp\/v2\/product_brand?post=94362"},{"taxonomy":"product_cat","embeddable":true,"href":"https:\/\/promis.ro\/ro\/wp-json\/wp\/v2\/product_cat?post=94362"},{"taxonomy":"product_tag","embeddable":true,"href":"https:\/\/promis.ro\/ro\/wp-json\/wp\/v2\/product_tag?post=94362"}],"curies":[{"name":"wp","href":"https:\/\/api.w.org\/{rel}","templated":true}]}}