{"id":94363,"date":"2025-11-04T23:13:11","date_gmt":"2025-11-04T23:13:11","guid":{"rendered":"https:\/\/promis.ro\/product\/brounik-16gb\/"},"modified":"2025-11-11T17:05:12","modified_gmt":"2025-11-11T17:05:12","slug":"brounik-16gb","status":"publish","type":"product","link":"https:\/\/promis.ro\/ro\/produs\/brounik-16gb\/","title":{"rendered":"Brounik 16GB"},"content":{"rendered":"<p>Unitate flash USB cu capacitate de 16GB. Fabricat\u0103 din paie de gr\u00e2u, cu clip rotativ asortat \u0219i disponibil\u0103 \u00eentr-o gam\u0103 larg\u0103 de culori. Prezentat\u0103 \u00eentr-o carcas\u0103 ecologic\u0103 individual\u0103, fabricat\u0103 din paie de gr\u00e2u cu un finisaj natural \u0219i t\u0103iat\u0103 la interior. Paiele de gr\u00e2u promoveaz\u0103 utilizarea materiilor prime naturale, reduc\u00e2nd astfel emisiile de poluan\u021bi.<\/p>","protected":false},"excerpt":{"rendered":"<p>Unitate flash USB cu capacitate de 16GB. Fabricat\u0103 din paie de gr\u00e2u, cu clip rotativ asortat \u0219i disponibil\u0103 \u00eentr-o gam\u0103<\/p>","protected":false},"featured_media":136925,"comment_status":"open","ping_status":"closed","template":"","meta":[],"product_brand":[],"product_cat":[197],"product_tag":[],"class_list":{"0":"post-94363","1":"product","2":"type-product","3":"status-publish","4":"has-post-thumbnail","6":"product_cat-articole-durabile","8":"first","9":"instock","10":"shipping-taxable","11":"purchasable","12":"product-type-variable"},"_links":{"self":[{"href":"https:\/\/promis.ro\/ro\/wp-json\/wp\/v2\/product\/94363","targetHints":{"allow":["GET"]}}],"collection":[{"href":"https:\/\/promis.ro\/ro\/wp-json\/wp\/v2\/product"}],"about":[{"href":"https:\/\/promis.ro\/ro\/wp-json\/wp\/v2\/types\/product"}],"replies":[{"embeddable":true,"href":"https:\/\/promis.ro\/ro\/wp-json\/wp\/v2\/comments?post=94363"}],"version-history":[{"count":1,"href":"https:\/\/promis.ro\/ro\/wp-json\/wp\/v2\/product\/94363\/revisions"}],"predecessor-version":[{"id":111876,"href":"https:\/\/promis.ro\/ro\/wp-json\/wp\/v2\/product\/94363\/revisions\/111876"}],"wp:featuredmedia":[{"embeddable":true,"href":"https:\/\/promis.ro\/ro\/wp-json\/wp\/v2\/media\/136925"}],"wp:attachment":[{"href":"https:\/\/promis.ro\/ro\/wp-json\/wp\/v2\/media?parent=94363"}],"wp:term":[{"taxonomy":"product_brand","embeddable":true,"href":"https:\/\/promis.ro\/ro\/wp-json\/wp\/v2\/product_brand?post=94363"},{"taxonomy":"product_cat","embeddable":true,"href":"https:\/\/promis.ro\/ro\/wp-json\/wp\/v2\/product_cat?post=94363"},{"taxonomy":"product_tag","embeddable":true,"href":"https:\/\/promis.ro\/ro\/wp-json\/wp\/v2\/product_tag?post=94363"}],"curies":[{"name":"wp","href":"https:\/\/api.w.org\/{rel}","templated":true}]}}