{"id":94364,"date":"2025-11-04T23:13:12","date_gmt":"2025-11-04T23:13:12","guid":{"rendered":"https:\/\/promis.ro\/product\/steya-16gb\/"},"modified":"2025-11-11T17:05:12","modified_gmt":"2025-11-11T17:05:12","slug":"steya-16gb","status":"publish","type":"product","link":"https:\/\/promis.ro\/ro\/produs\/steya-16gb\/","title":{"rendered":"Steya 16GB"},"content":{"rendered":"<p>Unitate flash USB cu capacitate de 16GB, fabricat\u0103 din ABS rezistent cu finisaj translucid. Disponibil\u0103 \u00een diferite culori atractive \u0219i prezentat\u0103 \u00eentr-o cutie individual\u0103 din carton kraft.<\/p>","protected":false},"excerpt":{"rendered":"<p>Unitate flash USB cu capacitate de 16GB, fabricat\u0103 din ABS rezistent cu finisaj translucid. Disponibil\u0103 \u00een diferite culori atractive \u0219i<\/p>","protected":false},"featured_media":136928,"comment_status":"open","ping_status":"closed","template":"","meta":[],"product_brand":[],"product_cat":[170],"product_tag":[],"class_list":{"0":"post-94364","1":"product","2":"type-product","3":"status-publish","4":"has-post-thumbnail","6":"product_cat-tehnologie-si-accesorii","8":"first","9":"instock","10":"shipping-taxable","11":"purchasable","12":"product-type-variable"},"_links":{"self":[{"href":"https:\/\/promis.ro\/ro\/wp-json\/wp\/v2\/product\/94364","targetHints":{"allow":["GET"]}}],"collection":[{"href":"https:\/\/promis.ro\/ro\/wp-json\/wp\/v2\/product"}],"about":[{"href":"https:\/\/promis.ro\/ro\/wp-json\/wp\/v2\/types\/product"}],"replies":[{"embeddable":true,"href":"https:\/\/promis.ro\/ro\/wp-json\/wp\/v2\/comments?post=94364"}],"version-history":[{"count":1,"href":"https:\/\/promis.ro\/ro\/wp-json\/wp\/v2\/product\/94364\/revisions"}],"predecessor-version":[{"id":111871,"href":"https:\/\/promis.ro\/ro\/wp-json\/wp\/v2\/product\/94364\/revisions\/111871"}],"wp:featuredmedia":[{"embeddable":true,"href":"https:\/\/promis.ro\/ro\/wp-json\/wp\/v2\/media\/136928"}],"wp:attachment":[{"href":"https:\/\/promis.ro\/ro\/wp-json\/wp\/v2\/media?parent=94364"}],"wp:term":[{"taxonomy":"product_brand","embeddable":true,"href":"https:\/\/promis.ro\/ro\/wp-json\/wp\/v2\/product_brand?post=94364"},{"taxonomy":"product_cat","embeddable":true,"href":"https:\/\/promis.ro\/ro\/wp-json\/wp\/v2\/product_cat?post=94364"},{"taxonomy":"product_tag","embeddable":true,"href":"https:\/\/promis.ro\/ro\/wp-json\/wp\/v2\/product_tag?post=94364"}],"curies":[{"name":"wp","href":"https:\/\/api.w.org\/{rel}","templated":true}]}}