{"id":94365,"date":"2025-11-04T23:13:12","date_gmt":"2025-11-04T23:13:12","guid":{"rendered":"https:\/\/promis.ro\/product\/brabam-16gb\/"},"modified":"2025-11-11T16:59:53","modified_gmt":"2025-11-11T16:59:53","slug":"brabam-16gb","status":"publish","type":"product","link":"https:\/\/promis.ro\/ro\/produs\/brabam-16gb\/","title":{"rendered":"Brabam 16GB"},"content":{"rendered":"<p>Unitate flash USB 3.0 cu capacitate de 16GB. Clip metalic \u0219i carcas\u0103 alb\u0103 neted\u0103. Prezentat\u0103 \u00eentr-o carcas\u0103 individual\u0103.<\/p>","protected":false},"excerpt":{"rendered":"<p>Unitate flash USB 3.0 cu capacitate de 16GB. Clip metalic \u0219i carcas\u0103 alb\u0103 neted\u0103. Prezentat\u0103 \u00eentr-o carcas\u0103 individual\u0103.<\/p>","protected":false},"featured_media":136931,"comment_status":"open","ping_status":"closed","template":"","meta":[],"product_brand":[],"product_cat":[170],"product_tag":[],"class_list":{"0":"post-94365","1":"product","2":"type-product","3":"status-publish","4":"has-post-thumbnail","6":"product_cat-tehnologie-si-accesorii","8":"first","9":"instock","10":"shipping-taxable","11":"purchasable","12":"product-type-simple"},"_links":{"self":[{"href":"https:\/\/promis.ro\/ro\/wp-json\/wp\/v2\/product\/94365","targetHints":{"allow":["GET"]}}],"collection":[{"href":"https:\/\/promis.ro\/ro\/wp-json\/wp\/v2\/product"}],"about":[{"href":"https:\/\/promis.ro\/ro\/wp-json\/wp\/v2\/types\/product"}],"replies":[{"embeddable":true,"href":"https:\/\/promis.ro\/ro\/wp-json\/wp\/v2\/comments?post=94365"}],"version-history":[{"count":1,"href":"https:\/\/promis.ro\/ro\/wp-json\/wp\/v2\/product\/94365\/revisions"}],"predecessor-version":[{"id":111869,"href":"https:\/\/promis.ro\/ro\/wp-json\/wp\/v2\/product\/94365\/revisions\/111869"}],"wp:featuredmedia":[{"embeddable":true,"href":"https:\/\/promis.ro\/ro\/wp-json\/wp\/v2\/media\/136931"}],"wp:attachment":[{"href":"https:\/\/promis.ro\/ro\/wp-json\/wp\/v2\/media?parent=94365"}],"wp:term":[{"taxonomy":"product_brand","embeddable":true,"href":"https:\/\/promis.ro\/ro\/wp-json\/wp\/v2\/product_brand?post=94365"},{"taxonomy":"product_cat","embeddable":true,"href":"https:\/\/promis.ro\/ro\/wp-json\/wp\/v2\/product_cat?post=94365"},{"taxonomy":"product_tag","embeddable":true,"href":"https:\/\/promis.ro\/ro\/wp-json\/wp\/v2\/product_tag?post=94365"}],"curies":[{"name":"wp","href":"https:\/\/api.w.org\/{rel}","templated":true}]}}