{"id":94366,"date":"2025-11-04T23:13:13","date_gmt":"2025-11-04T23:13:13","guid":{"rendered":"https:\/\/promis.ro\/product\/ladny-16gb\/"},"modified":"2025-11-11T16:59:56","modified_gmt":"2025-11-11T16:59:56","slug":"ladny-16gb","status":"publish","type":"product","link":"https:\/\/promis.ro\/ro\/produs\/ladny-16gb\/","title":{"rendered":"Ladny 16GB"},"content":{"rendered":"<p>Unitate flash USB 3.0 cu capacitate de 16GB. Clip metalic \u0219i carcas\u0103 cu finisaj alb neted. Conexiuni USB \u0219i Type C. Prezentat\u0103 \u00eentr-o carcas\u0103 individual\u0103.<\/p>","protected":false},"excerpt":{"rendered":"<p>Unitate flash USB 3.0 cu capacitate de 16GB. Clip metalic \u0219i carcas\u0103 cu finisaj alb neted. Conexiuni USB \u0219i Type<\/p>","protected":false},"featured_media":136934,"comment_status":"open","ping_status":"closed","template":"","meta":[],"product_brand":[],"product_cat":[170],"product_tag":[],"class_list":{"0":"post-94366","1":"product","2":"type-product","3":"status-publish","4":"has-post-thumbnail","6":"product_cat-tehnologie-si-accesorii","8":"first","9":"instock","10":"shipping-taxable","11":"purchasable","12":"product-type-simple"},"_links":{"self":[{"href":"https:\/\/promis.ro\/ro\/wp-json\/wp\/v2\/product\/94366","targetHints":{"allow":["GET"]}}],"collection":[{"href":"https:\/\/promis.ro\/ro\/wp-json\/wp\/v2\/product"}],"about":[{"href":"https:\/\/promis.ro\/ro\/wp-json\/wp\/v2\/types\/product"}],"replies":[{"embeddable":true,"href":"https:\/\/promis.ro\/ro\/wp-json\/wp\/v2\/comments?post=94366"}],"version-history":[{"count":1,"href":"https:\/\/promis.ro\/ro\/wp-json\/wp\/v2\/product\/94366\/revisions"}],"predecessor-version":[{"id":111874,"href":"https:\/\/promis.ro\/ro\/wp-json\/wp\/v2\/product\/94366\/revisions\/111874"}],"wp:featuredmedia":[{"embeddable":true,"href":"https:\/\/promis.ro\/ro\/wp-json\/wp\/v2\/media\/136934"}],"wp:attachment":[{"href":"https:\/\/promis.ro\/ro\/wp-json\/wp\/v2\/media?parent=94366"}],"wp:term":[{"taxonomy":"product_brand","embeddable":true,"href":"https:\/\/promis.ro\/ro\/wp-json\/wp\/v2\/product_brand?post=94366"},{"taxonomy":"product_cat","embeddable":true,"href":"https:\/\/promis.ro\/ro\/wp-json\/wp\/v2\/product_cat?post=94366"},{"taxonomy":"product_tag","embeddable":true,"href":"https:\/\/promis.ro\/ro\/wp-json\/wp\/v2\/product_tag?post=94366"}],"curies":[{"name":"wp","href":"https:\/\/api.w.org\/{rel}","templated":true}]}}