{"id":94391,"date":"2025-11-04T23:13:34","date_gmt":"2025-11-04T23:13:34","guid":{"rendered":"https:\/\/promis.ro\/product\/balest\/"},"modified":"2025-11-11T17:01:38","modified_gmt":"2025-11-11T17:01:38","slug":"balest","status":"publish","type":"product","link":"https:\/\/promis.ro\/ro\/produs\/balest\/","title":{"rendered":"Balest"},"content":{"rendered":"<p>Anemometru fabricat din ABS durabil. Cu un ecran LCD mare, iluminat din spate, care afi\u0219eaz\u0103 viteza v\u00e2ntului, temperatura \u0219i nivelul bateriei. \u00cencorporeaz\u0103 func\u021bii de m\u0103surare pentru viteza aerului curent\u0103, maxim\u0103 \u0219i medie. O multitudine de unit\u0103\u021bi de m\u0103sur\u0103 sunt disponibile, inclusiv scala de intensitate Beaufort \u0219i viteza aerului \u00een diferite formate (m\/s; km\/h; ft\/min; noduri; mph). \u00cen plus, afi\u0219eaz\u0103 temperatura ambientului \u00een \u00b0C\/\u00b0F, temperatura atmosferic\u0103 \u0219i senza\u021bia termic\u0103. Cu func\u021bie de oprire automat\u0103 dup\u0103 c\u00e2teva minute de inactivitate \u0219i memorie de stocare care permite accesul la \u00eenregistr\u0103rile salvate \u00een m\u0103sur\u0103rile anterioare, chiar dac\u0103 dispozitivul a fost oprit anterior. Alimentat de o baterie tip buton (inclus\u0103) \u0219i ambalat individual \u00eentr-o cutie cu finisaj kraft.<\/p>","protected":false},"excerpt":{"rendered":"<p>Anemometru fabricat din ABS durabil. Cu un ecran LCD mare, iluminat din spate, care afi\u0219eaz\u0103 viteza v\u00e2ntului, temperatura \u0219i nivelul<\/p>","protected":false},"featured_media":137026,"comment_status":"open","ping_status":"closed","template":"","meta":[],"product_brand":[],"product_cat":[185],"product_tag":[],"class_list":{"0":"post-94391","1":"product","2":"type-product","3":"status-publish","4":"has-post-thumbnail","6":"product_cat-agricultura","8":"first","9":"instock","10":"shipping-taxable","11":"purchasable","12":"product-type-simple"},"yoast_head":"<!-- This site is optimized with the Yoast SEO plugin v27.4 - https:\/\/yoast.com\/product\/yoast-seo-wordpress\/ -->\n<title>Balest - Promis.ro<\/title>\n<meta name=\"description\" content=\"Anemometru fabricat din ABS durabil. Cu un ecran LCD mare, iluminat din spate, care afi\u0219eaz\u0103 viteza v\u00e2ntului, temperatura \u0219i nivelul bateriei.\" \/>\n<meta name=\"robots\" content=\"index, follow, max-snippet:-1, max-image-preview:large, max-video-preview:-1\" \/>\n<link rel=\"canonical\" href=\"https:\/\/promis.ro\/ro\/produs\/balest\/\" \/>\n<meta property=\"og:locale\" content=\"ro_RO\" \/>\n<meta property=\"og:type\" content=\"article\" \/>\n<meta property=\"og:title\" content=\"Balest - Promis.ro\" \/>\n<meta property=\"og:description\" content=\"Anemometru fabricat din ABS durabil. Cu un ecran LCD mare, iluminat din spate, care afi\u0219eaz\u0103 viteza v\u00e2ntului, temperatura \u0219i nivelul bateriei.\" \/>\n<meta property=\"og:url\" content=\"https:\/\/promis.ro\/ro\/produs\/balest\/\" \/>\n<meta property=\"og:site_name\" content=\"Promis.ro\" \/>\n<meta property=\"article:modified_time\" content=\"2025-11-11T17:01:38+00:00\" \/>\n<meta property=\"og:image\" content=\"https:\/\/promis.ro\/wp-content\/uploads\/2025\/11\/21243-W-1.jpg\" \/>\n\t<meta property=\"og:image:width\" content=\"1080\" \/>\n\t<meta property=\"og:image:height\" content=\"1080\" \/>\n\t<meta property=\"og:image:type\" content=\"image\/jpeg\" \/>\n<meta name=\"twitter:card\" content=\"summary_large_image\" \/>\n<meta name=\"twitter:label1\" content=\"Timp estimat pentru citire\" \/>\n\t<meta name=\"twitter:data1\" content=\"1 minut\" \/>\n<script type=\"application\/ld+json\" class=\"yoast-schema-graph\">{\"@context\":\"https:\\\/\\\/schema.org\",\"@graph\":[{\"@type\":\"WebPage\",\"@id\":\"https:\\\/\\\/promis.ro\\\/product\\\/balest\\\/\",\"url\":\"https:\\\/\\\/promis.ro\\\/product\\\/balest\\\/\",\"name\":\"Balest - Promis.ro\",\"isPartOf\":{\"@id\":\"https:\\\/\\\/promis.ro\\\/#website\"},\"primaryImageOfPage\":{\"@id\":\"https:\\\/\\\/promis.ro\\\/product\\\/balest\\\/#primaryimage\"},\"image\":{\"@id\":\"https:\\\/\\\/promis.ro\\\/product\\\/balest\\\/#primaryimage\"},\"thumbnailUrl\":\"https:\\\/\\\/promis.ro\\\/wp-content\\\/uploads\\\/2025\\\/11\\\/21243-W-1.jpg\",\"datePublished\":\"2025-11-04T23:13:34+00:00\",\"dateModified\":\"2025-11-11T17:01:38+00:00\",\"description\":\"Anemometru fabricat din ABS durabil. Cu un ecran LCD mare, iluminat din spate, care afi\u0219eaz\u0103 viteza v\u00e2ntului, temperatura \u0219i nivelul bateriei.\",\"breadcrumb\":{\"@id\":\"https:\\\/\\\/promis.ro\\\/product\\\/balest\\\/#breadcrumb\"},\"inLanguage\":\"ro-RO\",\"potentialAction\":[{\"@type\":\"ReadAction\",\"target\":[\"https:\\\/\\\/promis.ro\\\/product\\\/balest\\\/\"]}]},{\"@type\":\"ImageObject\",\"inLanguage\":\"ro-RO\",\"@id\":\"https:\\\/\\\/promis.ro\\\/product\\\/balest\\\/#primaryimage\",\"url\":\"https:\\\/\\\/promis.ro\\\/wp-content\\\/uploads\\\/2025\\\/11\\\/21243-W-1.jpg\",\"contentUrl\":\"https:\\\/\\\/promis.ro\\\/wp-content\\\/uploads\\\/2025\\\/11\\\/21243-W-1.jpg\",\"width\":1080,\"height\":1080},{\"@type\":\"BreadcrumbList\",\"@id\":\"https:\\\/\\\/promis.ro\\\/product\\\/balest\\\/#breadcrumb\",\"itemListElement\":[{\"@type\":\"ListItem\",\"position\":1,\"name\":\"Home\",\"item\":\"https:\\\/\\\/promis.ro\\\/\"},{\"@type\":\"ListItem\",\"position\":2,\"name\":\"Magazin\",\"item\":\"https:\\\/\\\/promis.ro\\\/magazin\\\/\"},{\"@type\":\"ListItem\",\"position\":3,\"name\":\"Balest\"}]},{\"@type\":\"WebSite\",\"@id\":\"https:\\\/\\\/promis.ro\\\/#website\",\"url\":\"https:\\\/\\\/promis.ro\\\/\",\"name\":\"Promis.ro\",\"description\":\"\",\"potentialAction\":[{\"@type\":\"SearchAction\",\"target\":{\"@type\":\"EntryPoint\",\"urlTemplate\":\"https:\\\/\\\/promis.ro\\\/?s={search_term_string}\"},\"query-input\":{\"@type\":\"PropertyValueSpecification\",\"valueRequired\":true,\"valueName\":\"search_term_string\"}}],\"inLanguage\":\"ro-RO\"}]}<\/script>\n<!-- \/ Yoast SEO plugin. -->","yoast_head_json":{"title":"Balest - Promis.ro","description":"Anemometru fabricat din ABS durabil. Cu un ecran LCD mare, iluminat din spate, care afi\u0219eaz\u0103 viteza v\u00e2ntului, temperatura \u0219i nivelul bateriei.","robots":{"index":"index","follow":"follow","max-snippet":"max-snippet:-1","max-image-preview":"max-image-preview:large","max-video-preview":"max-video-preview:-1"},"canonical":"https:\/\/promis.ro\/ro\/produs\/balest\/","og_locale":"ro_RO","og_type":"article","og_title":"Balest - Promis.ro","og_description":"Anemometru fabricat din ABS durabil. Cu un ecran LCD mare, iluminat din spate, care afi\u0219eaz\u0103 viteza v\u00e2ntului, temperatura \u0219i nivelul bateriei.","og_url":"https:\/\/promis.ro\/ro\/produs\/balest\/","og_site_name":"Promis.ro","article_modified_time":"2025-11-11T17:01:38+00:00","og_image":[{"width":1080,"height":1080,"url":"https:\/\/promis.ro\/wp-content\/uploads\/2025\/11\/21243-W-1.jpg","type":"image\/jpeg"}],"twitter_card":"summary_large_image","twitter_misc":{"Timp estimat pentru citire":"1 minut"},"schema":{"@context":"https:\/\/schema.org","@graph":[{"@type":"WebPage","@id":"https:\/\/promis.ro\/product\/balest\/","url":"https:\/\/promis.ro\/product\/balest\/","name":"Balest - Promis.ro","isPartOf":{"@id":"https:\/\/promis.ro\/#website"},"primaryImageOfPage":{"@id":"https:\/\/promis.ro\/product\/balest\/#primaryimage"},"image":{"@id":"https:\/\/promis.ro\/product\/balest\/#primaryimage"},"thumbnailUrl":"https:\/\/promis.ro\/wp-content\/uploads\/2025\/11\/21243-W-1.jpg","datePublished":"2025-11-04T23:13:34+00:00","dateModified":"2025-11-11T17:01:38+00:00","description":"Anemometru fabricat din ABS durabil. Cu un ecran LCD mare, iluminat din spate, care afi\u0219eaz\u0103 viteza v\u00e2ntului, temperatura \u0219i nivelul bateriei.","breadcrumb":{"@id":"https:\/\/promis.ro\/product\/balest\/#breadcrumb"},"inLanguage":"ro-RO","potentialAction":[{"@type":"ReadAction","target":["https:\/\/promis.ro\/product\/balest\/"]}]},{"@type":"ImageObject","inLanguage":"ro-RO","@id":"https:\/\/promis.ro\/product\/balest\/#primaryimage","url":"https:\/\/promis.ro\/wp-content\/uploads\/2025\/11\/21243-W-1.jpg","contentUrl":"https:\/\/promis.ro\/wp-content\/uploads\/2025\/11\/21243-W-1.jpg","width":1080,"height":1080},{"@type":"BreadcrumbList","@id":"https:\/\/promis.ro\/product\/balest\/#breadcrumb","itemListElement":[{"@type":"ListItem","position":1,"name":"Home","item":"https:\/\/promis.ro\/"},{"@type":"ListItem","position":2,"name":"Magazin","item":"https:\/\/promis.ro\/magazin\/"},{"@type":"ListItem","position":3,"name":"Balest"}]},{"@type":"WebSite","@id":"https:\/\/promis.ro\/#website","url":"https:\/\/promis.ro\/","name":"Promis.ro","description":"","potentialAction":[{"@type":"SearchAction","target":{"@type":"EntryPoint","urlTemplate":"https:\/\/promis.ro\/?s={search_term_string}"},"query-input":{"@type":"PropertyValueSpecification","valueRequired":true,"valueName":"search_term_string"}}],"inLanguage":"ro-RO"}]}},"_links":{"self":[{"href":"https:\/\/promis.ro\/ro\/wp-json\/wp\/v2\/product\/94391","targetHints":{"allow":["GET"]}}],"collection":[{"href":"https:\/\/promis.ro\/ro\/wp-json\/wp\/v2\/product"}],"about":[{"href":"https:\/\/promis.ro\/ro\/wp-json\/wp\/v2\/types\/product"}],"replies":[{"embeddable":true,"href":"https:\/\/promis.ro\/ro\/wp-json\/wp\/v2\/comments?post=94391"}],"version-history":[{"count":1,"href":"https:\/\/promis.ro\/ro\/wp-json\/wp\/v2\/product\/94391\/revisions"}],"predecessor-version":[{"id":111917,"href":"https:\/\/promis.ro\/ro\/wp-json\/wp\/v2\/product\/94391\/revisions\/111917"}],"wp:featuredmedia":[{"embeddable":true,"href":"https:\/\/promis.ro\/ro\/wp-json\/wp\/v2\/media\/137026"}],"wp:attachment":[{"href":"https:\/\/promis.ro\/ro\/wp-json\/wp\/v2\/media?parent=94391"}],"wp:term":[{"taxonomy":"product_brand","embeddable":true,"href":"https:\/\/promis.ro\/ro\/wp-json\/wp\/v2\/product_brand?post=94391"},{"taxonomy":"product_cat","embeddable":true,"href":"https:\/\/promis.ro\/ro\/wp-json\/wp\/v2\/product_cat?post=94391"},{"taxonomy":"product_tag","embeddable":true,"href":"https:\/\/promis.ro\/ro\/wp-json\/wp\/v2\/product_tag?post=94391"}],"curies":[{"name":"wp","href":"https:\/\/api.w.org\/{rel}","templated":true}]}}