{"id":94398,"date":"2025-11-04T23:13:40","date_gmt":"2025-11-04T23:13:40","guid":{"rendered":"https:\/\/promis.ro\/product\/rindex-20x\/"},"modified":"2025-11-11T17:02:12","modified_gmt":"2025-11-11T17:02:12","slug":"rindex-20x","status":"publish","type":"product","link":"https:\/\/promis.ro\/ro\/produs\/rindex-20x\/","title":{"rendered":"Rindex 20X"},"content":{"rendered":"<p>Magnifier pliabil 20x, fabricat din metal durabil. O magnificare excelent\u0103 pentru o vedere foarte apropiat\u0103 a celor mai mici detalii, f\u0103r\u0103 distorsiuni. Ideal pentru inspectarea obiectelor mici, textului etc. De asemenea, are un accesoriu pentru ag\u0103\u021bat \u0219i vine \u00eentr-un caz cu interior c\u0103ptu\u0219it pentru o protec\u021bie suplimentar\u0103. Prezentat \u00eentr-o cutie din carton negru.<\/p>","protected":false},"excerpt":{"rendered":"<p>Magnifier pliabil 20x, fabricat din metal durabil. O magnificare excelent\u0103 pentru o vedere foarte apropiat\u0103 a celor mai mici detalii,<\/p>","protected":false},"featured_media":137054,"comment_status":"open","ping_status":"closed","template":"","meta":[],"product_brand":[],"product_cat":[185],"product_tag":[],"class_list":{"0":"post-94398","1":"product","2":"type-product","3":"status-publish","4":"has-post-thumbnail","6":"product_cat-agricultura","8":"first","9":"instock","10":"shipping-taxable","11":"purchasable","12":"product-type-simple"},"yoast_head":"<!-- This site is optimized with the Yoast SEO plugin v27.4 - https:\/\/yoast.com\/product\/yoast-seo-wordpress\/ -->\n<title>Rindex 20X - Promis.ro<\/title>\n<meta name=\"description\" content=\"Magnifier pliabil 20x, fabricat din metal durabil. O magnificare excelent\u0103 pentru o vedere foarte apropiat\u0103 a celor mai mici detalii, f\u0103r\u0103 distorsiuni.\" \/>\n<meta name=\"robots\" content=\"index, follow, max-snippet:-1, max-image-preview:large, max-video-preview:-1\" \/>\n<link rel=\"canonical\" href=\"https:\/\/promis.ro\/ro\/produs\/rindex-20x\/\" \/>\n<meta property=\"og:locale\" content=\"ro_RO\" \/>\n<meta property=\"og:type\" content=\"article\" \/>\n<meta property=\"og:title\" content=\"Rindex 20X - Promis.ro\" \/>\n<meta property=\"og:description\" content=\"Magnifier pliabil 20x, fabricat din metal durabil. O magnificare excelent\u0103 pentru o vedere foarte apropiat\u0103 a celor mai mici detalii, f\u0103r\u0103 distorsiuni.\" \/>\n<meta property=\"og:url\" content=\"https:\/\/promis.ro\/ro\/produs\/rindex-20x\/\" \/>\n<meta property=\"og:site_name\" content=\"Promis.ro\" \/>\n<meta property=\"article:modified_time\" content=\"2025-11-11T17:02:12+00:00\" \/>\n<meta property=\"og:image\" content=\"https:\/\/promis.ro\/wp-content\/uploads\/2025\/11\/21250-W-1.jpg\" \/>\n\t<meta property=\"og:image:width\" content=\"1080\" \/>\n\t<meta property=\"og:image:height\" content=\"1080\" \/>\n\t<meta property=\"og:image:type\" content=\"image\/jpeg\" \/>\n<meta name=\"twitter:card\" content=\"summary_large_image\" \/>\n<script type=\"application\/ld+json\" class=\"yoast-schema-graph\">{\"@context\":\"https:\\\/\\\/schema.org\",\"@graph\":[{\"@type\":\"WebPage\",\"@id\":\"https:\\\/\\\/promis.ro\\\/product\\\/rindex-20x\\\/\",\"url\":\"https:\\\/\\\/promis.ro\\\/product\\\/rindex-20x\\\/\",\"name\":\"Rindex 20X - Promis.ro\",\"isPartOf\":{\"@id\":\"https:\\\/\\\/promis.ro\\\/#website\"},\"primaryImageOfPage\":{\"@id\":\"https:\\\/\\\/promis.ro\\\/product\\\/rindex-20x\\\/#primaryimage\"},\"image\":{\"@id\":\"https:\\\/\\\/promis.ro\\\/product\\\/rindex-20x\\\/#primaryimage\"},\"thumbnailUrl\":\"https:\\\/\\\/promis.ro\\\/wp-content\\\/uploads\\\/2025\\\/11\\\/21250-W-1.jpg\",\"datePublished\":\"2025-11-04T23:13:40+00:00\",\"dateModified\":\"2025-11-11T17:02:12+00:00\",\"description\":\"Magnifier pliabil 20x, fabricat din metal durabil. O magnificare excelent\u0103 pentru o vedere foarte apropiat\u0103 a celor mai mici detalii, f\u0103r\u0103 distorsiuni.\",\"breadcrumb\":{\"@id\":\"https:\\\/\\\/promis.ro\\\/product\\\/rindex-20x\\\/#breadcrumb\"},\"inLanguage\":\"ro-RO\",\"potentialAction\":[{\"@type\":\"ReadAction\",\"target\":[\"https:\\\/\\\/promis.ro\\\/product\\\/rindex-20x\\\/\"]}]},{\"@type\":\"ImageObject\",\"inLanguage\":\"ro-RO\",\"@id\":\"https:\\\/\\\/promis.ro\\\/product\\\/rindex-20x\\\/#primaryimage\",\"url\":\"https:\\\/\\\/promis.ro\\\/wp-content\\\/uploads\\\/2025\\\/11\\\/21250-W-1.jpg\",\"contentUrl\":\"https:\\\/\\\/promis.ro\\\/wp-content\\\/uploads\\\/2025\\\/11\\\/21250-W-1.jpg\",\"width\":1080,\"height\":1080},{\"@type\":\"BreadcrumbList\",\"@id\":\"https:\\\/\\\/promis.ro\\\/product\\\/rindex-20x\\\/#breadcrumb\",\"itemListElement\":[{\"@type\":\"ListItem\",\"position\":1,\"name\":\"Home\",\"item\":\"https:\\\/\\\/promis.ro\\\/\"},{\"@type\":\"ListItem\",\"position\":2,\"name\":\"Magazin\",\"item\":\"https:\\\/\\\/promis.ro\\\/magazin\\\/\"},{\"@type\":\"ListItem\",\"position\":3,\"name\":\"Rindex 20X\"}]},{\"@type\":\"WebSite\",\"@id\":\"https:\\\/\\\/promis.ro\\\/#website\",\"url\":\"https:\\\/\\\/promis.ro\\\/\",\"name\":\"Promis.ro\",\"description\":\"\",\"potentialAction\":[{\"@type\":\"SearchAction\",\"target\":{\"@type\":\"EntryPoint\",\"urlTemplate\":\"https:\\\/\\\/promis.ro\\\/?s={search_term_string}\"},\"query-input\":{\"@type\":\"PropertyValueSpecification\",\"valueRequired\":true,\"valueName\":\"search_term_string\"}}],\"inLanguage\":\"ro-RO\"}]}<\/script>\n<!-- \/ Yoast SEO plugin. -->","yoast_head_json":{"title":"Rindex 20X - Promis.ro","description":"Magnifier pliabil 20x, fabricat din metal durabil. O magnificare excelent\u0103 pentru o vedere foarte apropiat\u0103 a celor mai mici detalii, f\u0103r\u0103 distorsiuni.","robots":{"index":"index","follow":"follow","max-snippet":"max-snippet:-1","max-image-preview":"max-image-preview:large","max-video-preview":"max-video-preview:-1"},"canonical":"https:\/\/promis.ro\/ro\/produs\/rindex-20x\/","og_locale":"ro_RO","og_type":"article","og_title":"Rindex 20X - Promis.ro","og_description":"Magnifier pliabil 20x, fabricat din metal durabil. O magnificare excelent\u0103 pentru o vedere foarte apropiat\u0103 a celor mai mici detalii, f\u0103r\u0103 distorsiuni.","og_url":"https:\/\/promis.ro\/ro\/produs\/rindex-20x\/","og_site_name":"Promis.ro","article_modified_time":"2025-11-11T17:02:12+00:00","og_image":[{"width":1080,"height":1080,"url":"https:\/\/promis.ro\/wp-content\/uploads\/2025\/11\/21250-W-1.jpg","type":"image\/jpeg"}],"twitter_card":"summary_large_image","schema":{"@context":"https:\/\/schema.org","@graph":[{"@type":"WebPage","@id":"https:\/\/promis.ro\/product\/rindex-20x\/","url":"https:\/\/promis.ro\/product\/rindex-20x\/","name":"Rindex 20X - Promis.ro","isPartOf":{"@id":"https:\/\/promis.ro\/#website"},"primaryImageOfPage":{"@id":"https:\/\/promis.ro\/product\/rindex-20x\/#primaryimage"},"image":{"@id":"https:\/\/promis.ro\/product\/rindex-20x\/#primaryimage"},"thumbnailUrl":"https:\/\/promis.ro\/wp-content\/uploads\/2025\/11\/21250-W-1.jpg","datePublished":"2025-11-04T23:13:40+00:00","dateModified":"2025-11-11T17:02:12+00:00","description":"Magnifier pliabil 20x, fabricat din metal durabil. O magnificare excelent\u0103 pentru o vedere foarte apropiat\u0103 a celor mai mici detalii, f\u0103r\u0103 distorsiuni.","breadcrumb":{"@id":"https:\/\/promis.ro\/product\/rindex-20x\/#breadcrumb"},"inLanguage":"ro-RO","potentialAction":[{"@type":"ReadAction","target":["https:\/\/promis.ro\/product\/rindex-20x\/"]}]},{"@type":"ImageObject","inLanguage":"ro-RO","@id":"https:\/\/promis.ro\/product\/rindex-20x\/#primaryimage","url":"https:\/\/promis.ro\/wp-content\/uploads\/2025\/11\/21250-W-1.jpg","contentUrl":"https:\/\/promis.ro\/wp-content\/uploads\/2025\/11\/21250-W-1.jpg","width":1080,"height":1080},{"@type":"BreadcrumbList","@id":"https:\/\/promis.ro\/product\/rindex-20x\/#breadcrumb","itemListElement":[{"@type":"ListItem","position":1,"name":"Home","item":"https:\/\/promis.ro\/"},{"@type":"ListItem","position":2,"name":"Magazin","item":"https:\/\/promis.ro\/magazin\/"},{"@type":"ListItem","position":3,"name":"Rindex 20X"}]},{"@type":"WebSite","@id":"https:\/\/promis.ro\/#website","url":"https:\/\/promis.ro\/","name":"Promis.ro","description":"","potentialAction":[{"@type":"SearchAction","target":{"@type":"EntryPoint","urlTemplate":"https:\/\/promis.ro\/?s={search_term_string}"},"query-input":{"@type":"PropertyValueSpecification","valueRequired":true,"valueName":"search_term_string"}}],"inLanguage":"ro-RO"}]}},"_links":{"self":[{"href":"https:\/\/promis.ro\/ro\/wp-json\/wp\/v2\/product\/94398","targetHints":{"allow":["GET"]}}],"collection":[{"href":"https:\/\/promis.ro\/ro\/wp-json\/wp\/v2\/product"}],"about":[{"href":"https:\/\/promis.ro\/ro\/wp-json\/wp\/v2\/types\/product"}],"replies":[{"embeddable":true,"href":"https:\/\/promis.ro\/ro\/wp-json\/wp\/v2\/comments?post=94398"}],"version-history":[{"count":1,"href":"https:\/\/promis.ro\/ro\/wp-json\/wp\/v2\/product\/94398\/revisions"}],"predecessor-version":[{"id":111926,"href":"https:\/\/promis.ro\/ro\/wp-json\/wp\/v2\/product\/94398\/revisions\/111926"}],"wp:featuredmedia":[{"embeddable":true,"href":"https:\/\/promis.ro\/ro\/wp-json\/wp\/v2\/media\/137054"}],"wp:attachment":[{"href":"https:\/\/promis.ro\/ro\/wp-json\/wp\/v2\/media?parent=94398"}],"wp:term":[{"taxonomy":"product_brand","embeddable":true,"href":"https:\/\/promis.ro\/ro\/wp-json\/wp\/v2\/product_brand?post=94398"},{"taxonomy":"product_cat","embeddable":true,"href":"https:\/\/promis.ro\/ro\/wp-json\/wp\/v2\/product_cat?post=94398"},{"taxonomy":"product_tag","embeddable":true,"href":"https:\/\/promis.ro\/ro\/wp-json\/wp\/v2\/product_tag?post=94398"}],"curies":[{"name":"wp","href":"https:\/\/api.w.org\/{rel}","templated":true}]}}