{"id":94401,"date":"2025-11-04T23:13:42","date_gmt":"2025-11-04T23:13:42","guid":{"rendered":"https:\/\/promis.ro\/product\/nunky-30x\/"},"modified":"2025-11-11T17:02:26","modified_gmt":"2025-11-11T17:02:26","slug":"nunky-30x","status":"publish","type":"product","link":"https:\/\/promis.ro\/ro\/produs\/nunky-30x\/","title":{"rendered":"Nunky 30X"},"content":{"rendered":"<p>Magnificator pliabil 30x realizat din metal durabil \u0219i ABS. Cu lumini LED integrate \u0219i o m\u0103rire excelent\u0103 pentru o vedere foarte apropiat\u0103 a celor mai mici detalii f\u0103r\u0103 distorsiuni. Ideal pentru inspectarea obiectelor mici, textului etc. De asemenea, are un accesoriu pentru ag\u0103\u021bat \u0219i vine \u00eentr-o carcas\u0103 cu interior c\u0103ptu\u0219it pentru o protec\u021bie suplimentar\u0103. Func\u021bioneaz\u0103 cu baterii (bateriile cu buton sunt incluse), cu o cheie special\u0103 pentru a le \u00eenlocui atunci c\u00e2nd sunt desc\u0103rcate. Prezentat \u00eentr-o cutie din carton negru.<\/p>","protected":false},"excerpt":{"rendered":"<p>Magnificator pliabil 30x realizat din metal durabil \u0219i ABS. Cu lumini LED integrate \u0219i o m\u0103rire excelent\u0103 pentru o vedere<\/p>","protected":false},"featured_media":137068,"comment_status":"open","ping_status":"closed","template":"","meta":[],"product_brand":[],"product_cat":[185],"product_tag":[],"class_list":{"0":"post-94401","1":"product","2":"type-product","3":"status-publish","4":"has-post-thumbnail","6":"product_cat-agricultura","8":"first","9":"instock","10":"shipping-taxable","11":"purchasable","12":"product-type-simple"},"_links":{"self":[{"href":"https:\/\/promis.ro\/ro\/wp-json\/wp\/v2\/product\/94401","targetHints":{"allow":["GET"]}}],"collection":[{"href":"https:\/\/promis.ro\/ro\/wp-json\/wp\/v2\/product"}],"about":[{"href":"https:\/\/promis.ro\/ro\/wp-json\/wp\/v2\/types\/product"}],"replies":[{"embeddable":true,"href":"https:\/\/promis.ro\/ro\/wp-json\/wp\/v2\/comments?post=94401"}],"version-history":[{"count":1,"href":"https:\/\/promis.ro\/ro\/wp-json\/wp\/v2\/product\/94401\/revisions"}],"predecessor-version":[{"id":111923,"href":"https:\/\/promis.ro\/ro\/wp-json\/wp\/v2\/product\/94401\/revisions\/111923"}],"wp:featuredmedia":[{"embeddable":true,"href":"https:\/\/promis.ro\/ro\/wp-json\/wp\/v2\/media\/137068"}],"wp:attachment":[{"href":"https:\/\/promis.ro\/ro\/wp-json\/wp\/v2\/media?parent=94401"}],"wp:term":[{"taxonomy":"product_brand","embeddable":true,"href":"https:\/\/promis.ro\/ro\/wp-json\/wp\/v2\/product_brand?post=94401"},{"taxonomy":"product_cat","embeddable":true,"href":"https:\/\/promis.ro\/ro\/wp-json\/wp\/v2\/product_cat?post=94401"},{"taxonomy":"product_tag","embeddable":true,"href":"https:\/\/promis.ro\/ro\/wp-json\/wp\/v2\/product_tag?post=94401"}],"curies":[{"name":"wp","href":"https:\/\/api.w.org\/{rel}","templated":true}]}}