{"id":94402,"date":"2025-11-04T23:13:42","date_gmt":"2025-11-04T23:13:42","guid":{"rendered":"https:\/\/promis.ro\/product\/keyan-30-60x\/"},"modified":"2025-11-11T17:02:30","modified_gmt":"2025-11-11T17:02:30","slug":"keyan-30-60x","status":"publish","type":"product","link":"https:\/\/promis.ro\/ro\/produs\/keyan-30-60x\/","title":{"rendered":"Keyan 30\/60X"},"content":{"rendered":"<p>Magnificator pliabil 30x \u0219i 60x, fabricat din metal durabil \u0219i ABS. Cu lumini LED integrate \u0219i o m\u0103rire excelent\u0103 pentru o vedere foarte apropiat\u0103 a celor mai mici detalii f\u0103r\u0103 distorsiuni. Ideal pentru inspectarea obiectelor mici, textului etc. De asemenea, dispune de un accesoriu pentru suspendare \u0219i vine \u00eentr-un caz cu interior c\u0103ptu\u0219it pentru o protec\u021bie suplimentar\u0103. Alimentat cu baterii (bateriile cu buton sunt incluse), cu o cheie special\u0103 pentru a le \u00eenlocui atunci c\u00e2nd sunt goale. Prezentat \u00eentr-o cutie din carton negru.<\/p>","protected":false},"excerpt":{"rendered":"<p>Magnificator pliabil 30x \u0219i 60x, fabricat din metal durabil \u0219i ABS. Cu lumini LED integrate \u0219i o m\u0103rire excelent\u0103 pentru<\/p>","protected":false},"featured_media":137073,"comment_status":"open","ping_status":"closed","template":"","meta":[],"product_brand":[],"product_cat":[185],"product_tag":[],"class_list":{"0":"post-94402","1":"product","2":"type-product","3":"status-publish","4":"has-post-thumbnail","6":"product_cat-agricultura","8":"first","9":"instock","10":"shipping-taxable","11":"purchasable","12":"product-type-simple"},"_links":{"self":[{"href":"https:\/\/promis.ro\/ro\/wp-json\/wp\/v2\/product\/94402","targetHints":{"allow":["GET"]}}],"collection":[{"href":"https:\/\/promis.ro\/ro\/wp-json\/wp\/v2\/product"}],"about":[{"href":"https:\/\/promis.ro\/ro\/wp-json\/wp\/v2\/types\/product"}],"replies":[{"embeddable":true,"href":"https:\/\/promis.ro\/ro\/wp-json\/wp\/v2\/comments?post=94402"}],"version-history":[{"count":1,"href":"https:\/\/promis.ro\/ro\/wp-json\/wp\/v2\/product\/94402\/revisions"}],"predecessor-version":[{"id":111932,"href":"https:\/\/promis.ro\/ro\/wp-json\/wp\/v2\/product\/94402\/revisions\/111932"}],"wp:featuredmedia":[{"embeddable":true,"href":"https:\/\/promis.ro\/ro\/wp-json\/wp\/v2\/media\/137073"}],"wp:attachment":[{"href":"https:\/\/promis.ro\/ro\/wp-json\/wp\/v2\/media?parent=94402"}],"wp:term":[{"taxonomy":"product_brand","embeddable":true,"href":"https:\/\/promis.ro\/ro\/wp-json\/wp\/v2\/product_brand?post=94402"},{"taxonomy":"product_cat","embeddable":true,"href":"https:\/\/promis.ro\/ro\/wp-json\/wp\/v2\/product_cat?post=94402"},{"taxonomy":"product_tag","embeddable":true,"href":"https:\/\/promis.ro\/ro\/wp-json\/wp\/v2\/product_tag?post=94402"}],"curies":[{"name":"wp","href":"https:\/\/api.w.org\/{rel}","templated":true}]}}