{"id":94403,"date":"2025-11-04T23:13:43","date_gmt":"2025-11-04T23:13:43","guid":{"rendered":"https:\/\/promis.ro\/product\/saganix-60x\/"},"modified":"2025-11-11T17:02:36","modified_gmt":"2025-11-11T17:02:36","slug":"saganix-60x","status":"publish","type":"product","link":"https:\/\/promis.ro\/ro\/produs\/saganix-60x\/","title":{"rendered":"Saganix 60X"},"content":{"rendered":"<p>Microscop de buzunar ajustabil, cu o m\u0103rire de p\u00e2n\u0103 la 60x. Inclusiv un clip practic pentru a fi adaptat la camera smartphone-ului \u0219i a face fotografii sau videoclipuri. Cu 2 tipuri de lumin\u0103 (LED \u0219i ultraviolet) \u0219i ajustabil folosind butonul lateral. Fabricat din material ABS rezistent \u0219i alimentat de o baterie tip buton (inclus\u0103). Furnizat cu o geant\u0103 de transport \u0219i un manual de instruc\u021biuni \u00een englez\u0103 \u0219i spaniol\u0103. Prezentat \u00eentr-o cutie individual\u0103.<\/p>","protected":false},"excerpt":{"rendered":"<p>Microscop de buzunar ajustabil, cu o m\u0103rire de p\u00e2n\u0103 la 60x. Inclusiv un clip practic pentru a fi adaptat la<\/p>","protected":false},"featured_media":137078,"comment_status":"open","ping_status":"closed","template":"","meta":[],"product_brand":[],"product_cat":[185],"product_tag":[],"class_list":{"0":"post-94403","1":"product","2":"type-product","3":"status-publish","4":"has-post-thumbnail","6":"product_cat-agricultura","8":"first","9":"instock","10":"shipping-taxable","11":"purchasable","12":"product-type-simple"},"_links":{"self":[{"href":"https:\/\/promis.ro\/ro\/wp-json\/wp\/v2\/product\/94403","targetHints":{"allow":["GET"]}}],"collection":[{"href":"https:\/\/promis.ro\/ro\/wp-json\/wp\/v2\/product"}],"about":[{"href":"https:\/\/promis.ro\/ro\/wp-json\/wp\/v2\/types\/product"}],"replies":[{"embeddable":true,"href":"https:\/\/promis.ro\/ro\/wp-json\/wp\/v2\/comments?post=94403"}],"version-history":[{"count":1,"href":"https:\/\/promis.ro\/ro\/wp-json\/wp\/v2\/product\/94403\/revisions"}],"predecessor-version":[{"id":111920,"href":"https:\/\/promis.ro\/ro\/wp-json\/wp\/v2\/product\/94403\/revisions\/111920"}],"wp:featuredmedia":[{"embeddable":true,"href":"https:\/\/promis.ro\/ro\/wp-json\/wp\/v2\/media\/137078"}],"wp:attachment":[{"href":"https:\/\/promis.ro\/ro\/wp-json\/wp\/v2\/media?parent=94403"}],"wp:term":[{"taxonomy":"product_brand","embeddable":true,"href":"https:\/\/promis.ro\/ro\/wp-json\/wp\/v2\/product_brand?post=94403"},{"taxonomy":"product_cat","embeddable":true,"href":"https:\/\/promis.ro\/ro\/wp-json\/wp\/v2\/product_cat?post=94403"},{"taxonomy":"product_tag","embeddable":true,"href":"https:\/\/promis.ro\/ro\/wp-json\/wp\/v2\/product_tag?post=94403"}],"curies":[{"name":"wp","href":"https:\/\/api.w.org\/{rel}","templated":true}]}}