{"id":94404,"date":"2025-11-04T23:13:43","date_gmt":"2025-11-04T23:13:43","guid":{"rendered":"https:\/\/promis.ro\/product\/kondes-20x\/"},"modified":"2025-11-11T17:02:41","modified_gmt":"2025-11-11T17:02:41","slug":"kondes-20x","status":"publish","type":"product","link":"https:\/\/promis.ro\/ro\/produs\/kondes-20x\/","title":{"rendered":"Kondes 20X"},"content":{"rendered":"<p>Magnifier practic\u0103 cu breloc 20x \u0219i lumin\u0103 LED integrat\u0103. Fabricat\u0103 din ABS negru rezistent \u0219i u\u0219or de transportat datorit\u0103 dimensiunii sale mici. Alimentat\u0103 de o baterie buton (inclus\u0103) \u0219i prezentat\u0103 \u00eentr-o cutie individual\u0103 din carton negru.<\/p>","protected":false},"excerpt":{"rendered":"<p>Magnifier practic\u0103 cu breloc 20x \u0219i lumin\u0103 LED integrat\u0103. Fabricat\u0103 din ABS negru rezistent \u0219i u\u0219or de transportat datorit\u0103 dimensiunii<\/p>","protected":false},"featured_media":137083,"comment_status":"open","ping_status":"closed","template":"","meta":[],"product_brand":[],"product_cat":[185],"product_tag":[],"class_list":{"0":"post-94404","1":"product","2":"type-product","3":"status-publish","4":"has-post-thumbnail","6":"product_cat-agricultura","8":"first","9":"instock","10":"shipping-taxable","11":"purchasable","12":"product-type-simple"},"_links":{"self":[{"href":"https:\/\/promis.ro\/ro\/wp-json\/wp\/v2\/product\/94404","targetHints":{"allow":["GET"]}}],"collection":[{"href":"https:\/\/promis.ro\/ro\/wp-json\/wp\/v2\/product"}],"about":[{"href":"https:\/\/promis.ro\/ro\/wp-json\/wp\/v2\/types\/product"}],"replies":[{"embeddable":true,"href":"https:\/\/promis.ro\/ro\/wp-json\/wp\/v2\/comments?post=94404"}],"version-history":[{"count":1,"href":"https:\/\/promis.ro\/ro\/wp-json\/wp\/v2\/product\/94404\/revisions"}],"predecessor-version":[{"id":111914,"href":"https:\/\/promis.ro\/ro\/wp-json\/wp\/v2\/product\/94404\/revisions\/111914"}],"wp:featuredmedia":[{"embeddable":true,"href":"https:\/\/promis.ro\/ro\/wp-json\/wp\/v2\/media\/137083"}],"wp:attachment":[{"href":"https:\/\/promis.ro\/ro\/wp-json\/wp\/v2\/media?parent=94404"}],"wp:term":[{"taxonomy":"product_brand","embeddable":true,"href":"https:\/\/promis.ro\/ro\/wp-json\/wp\/v2\/product_brand?post=94404"},{"taxonomy":"product_cat","embeddable":true,"href":"https:\/\/promis.ro\/ro\/wp-json\/wp\/v2\/product_cat?post=94404"},{"taxonomy":"product_tag","embeddable":true,"href":"https:\/\/promis.ro\/ro\/wp-json\/wp\/v2\/product_tag?post=94404"}],"curies":[{"name":"wp","href":"https:\/\/api.w.org\/{rel}","templated":true}]}}