{"id":94406,"date":"2025-11-04T23:13:44","date_gmt":"2025-11-04T23:13:44","guid":{"rendered":"https:\/\/promis.ro\/product\/framton\/"},"modified":"2025-11-11T17:05:32","modified_gmt":"2025-11-11T17:05:32","slug":"framton","status":"publish","type":"product","link":"https:\/\/promis.ro\/ro\/produs\/framton\/","title":{"rendered":"Framton"},"content":{"rendered":"<p>Geant\u0103 fabricat\u0103 din poliester 600D RPET durabil. Compartiment principal cu \u00eenchidere cu fermoar dublu \u0219i buzunar exterior cu fermoar. M\u00e2nere \u00eent\u0103rite \u00een jurul corpului de culoare neagr\u0103 \u0219i grip c\u0103ptu\u0219it \u00een culoare asortat\u0103. Include o m\u00e2n\u0103 de transport lateral\u0103 \u0219i o curea de um\u0103r ajustabil\u0103 cu prindere cu carabin\u0103 dubl\u0103. Materialul RPET este fabricat din plastic reciclat, promov\u00e2nd astfel reutilizarea de\u0219eurilor plastice \u0219i contribuind la sustenabilitatea planetei.<\/p>","protected":false},"excerpt":{"rendered":"<p>Geant\u0103 fabricat\u0103 din poliester 600D RPET durabil. Compartiment principal cu \u00eenchidere cu fermoar dublu \u0219i buzunar exterior cu fermoar. M\u00e2nere<\/p>","protected":false},"featured_media":137093,"comment_status":"open","ping_status":"closed","template":"","meta":[],"product_brand":[],"product_cat":[175],"product_tag":[],"class_list":{"0":"post-94406","1":"product","2":"type-product","3":"status-publish","4":"has-post-thumbnail","6":"product_cat-scris","8":"first","9":"instock","10":"shipping-taxable","11":"purchasable","12":"product-type-variable"},"_links":{"self":[{"href":"https:\/\/promis.ro\/ro\/wp-json\/wp\/v2\/product\/94406","targetHints":{"allow":["GET"]}}],"collection":[{"href":"https:\/\/promis.ro\/ro\/wp-json\/wp\/v2\/product"}],"about":[{"href":"https:\/\/promis.ro\/ro\/wp-json\/wp\/v2\/types\/product"}],"replies":[{"embeddable":true,"href":"https:\/\/promis.ro\/ro\/wp-json\/wp\/v2\/comments?post=94406"}],"version-history":[{"count":1,"href":"https:\/\/promis.ro\/ro\/wp-json\/wp\/v2\/product\/94406\/revisions"}],"predecessor-version":[{"id":111924,"href":"https:\/\/promis.ro\/ro\/wp-json\/wp\/v2\/product\/94406\/revisions\/111924"}],"wp:featuredmedia":[{"embeddable":true,"href":"https:\/\/promis.ro\/ro\/wp-json\/wp\/v2\/media\/137093"}],"wp:attachment":[{"href":"https:\/\/promis.ro\/ro\/wp-json\/wp\/v2\/media?parent=94406"}],"wp:term":[{"taxonomy":"product_brand","embeddable":true,"href":"https:\/\/promis.ro\/ro\/wp-json\/wp\/v2\/product_brand?post=94406"},{"taxonomy":"product_cat","embeddable":true,"href":"https:\/\/promis.ro\/ro\/wp-json\/wp\/v2\/product_cat?post=94406"},{"taxonomy":"product_tag","embeddable":true,"href":"https:\/\/promis.ro\/ro\/wp-json\/wp\/v2\/product_tag?post=94406"}],"curies":[{"name":"wp","href":"https:\/\/api.w.org\/{rel}","templated":true}]}}